{"id":25260,"date":"2025-08-13T17:44:25","date_gmt":"2025-08-13T20:44:25","guid":{"rendered":"https:\/\/hificlub.com.br\/loja\/?post_type=product&#038;p=25260"},"modified":"2026-03-03T22:15:22","modified_gmt":"2026-03-04T01:15:22","slug":"reloop-headshell-black","status":"publish","type":"product","link":"https:\/\/hificlub.com.br\/loja\/produto\/reloop-headshell-black\/","title":{"rendered":"RELOOP Headshell &#8211; Black e Silver"},"content":{"rendered":"<p>O headshell da Reloop \u00e9 compat\u00edvel com sistemas de capta\u00e7\u00e3o de 1\/2&#8221;. \u00c9 dur\u00e1vel e de alta qualidade, tornando-o ideal para scratching profissional.<\/p>\n<p>Acabamentos: Black e Silver<\/p>\n<p>&nbsp;<\/p>\n","protected":false},"excerpt":{"rendered":"<p>O headshell da Reloop \u00e9 compat\u00edvel com sistemas de capta\u00e7\u00e3o de 1\/2&#8221;. \u00c9 dur\u00e1vel e de alta qualidade, tornando-o ideal para scratching profissional. Acabamentos: Black e Silver &nbsp;<\/p>\n","protected":false},"featured_media":25261,"template":"","meta":{"_acf_changed":false},"product_brand":[],"product_cat":[78,319,255],"product_tag":[],"class_list":{"0":"post-25260","1":"product","2":"type-product","3":"status-publish","4":"has-post-thumbnail","6":"product_cat-analogico-audio","7":"product_cat-headshell","8":"product_cat-reloop","10":"first","11":"instock","12":"sold-individually","13":"shipping-taxable","14":"purchasable","15":"product-type-simple"},"acf":[],"aioseo_notices":[],"_links":{"self":[{"href":"https:\/\/hificlub.com.br\/loja\/wp-json\/wp\/v2\/product\/25260","targetHints":{"allow":["GET"]}}],"collection":[{"href":"https:\/\/hificlub.com.br\/loja\/wp-json\/wp\/v2\/product"}],"about":[{"href":"https:\/\/hificlub.com.br\/loja\/wp-json\/wp\/v2\/types\/product"}],"wp:featuredmedia":[{"embeddable":true,"href":"https:\/\/hificlub.com.br\/loja\/wp-json\/wp\/v2\/media\/25261"}],"wp:attachment":[{"href":"https:\/\/hificlub.com.br\/loja\/wp-json\/wp\/v2\/media?parent=25260"}],"wp:term":[{"taxonomy":"product_brand","embeddable":true,"href":"https:\/\/hificlub.com.br\/loja\/wp-json\/wp\/v2\/product_brand?post=25260"},{"taxonomy":"product_cat","embeddable":true,"href":"https:\/\/hificlub.com.br\/loja\/wp-json\/wp\/v2\/product_cat?post=25260"},{"taxonomy":"product_tag","embeddable":true,"href":"https:\/\/hificlub.com.br\/loja\/wp-json\/wp\/v2\/product_tag?post=25260"}],"curies":[{"name":"wp","href":"https:\/\/api.w.org\/{rel}","templated":true}]}}