{"id":25238,"date":"2025-08-13T11:53:43","date_gmt":"2025-08-13T14:53:43","guid":{"rendered":"https:\/\/hificlub.com.br\/loja\/?post_type=product&#038;p=25238"},"modified":"2026-03-03T22:15:23","modified_gmt":"2026-03-04T01:15:23","slug":"reloop-concorde-black","status":"publish","type":"product","link":"https:\/\/hificlub.com.br\/loja\/produto\/reloop-concorde-black\/","title":{"rendered":"RELOOP Concorde Black &#8211; C\u00e1psula Com Agulha"},"content":{"rendered":"<p><strong>Concorde Black<\/strong><\/p>\n<p>Embora o toca-discos seja o principal componente que deve proporcionar as melhores condi\u00e7\u00f5es para tocar o disco, a c\u00e1psula tem uma enorme influ\u00eancia no som geral. Dependendo do seu estilo, voc\u00ea pode escolher entre agulhas esf\u00e9ricas para um desempenho de acompanhamento ideal ou agulhas el\u00edpticas para alcan\u00e7ar a mais alta qualidade sonora poss\u00edvel.<\/p>\n<p>O Concorde Black apresenta caracter\u00edsticas de baixo desgaste do vinil e uma agulha esf\u00e9rica, enquanto caracter\u00edsticas sonoras especialmente boas enfatizam sua qualidade como um bom instrumento vers\u00e1til.<\/p>\n<ul class=\"features\">\n<li>Sistema de cartucho completo com muitas aplica\u00e7\u00f5es<\/li>\n<li>Som equilibrado, leve acentua\u00e7\u00e3o da faixa de graves<\/li>\n<li>Tamb\u00e9m pode ser usado para arranhar<\/li>\n<\/ul>\n<p>&nbsp;<\/p>\n<p>&nbsp;<\/p>\n","protected":false},"excerpt":{"rendered":"<p>Concorde Black Embora o toca-discos seja o principal componente que deve proporcionar as melhores condi\u00e7\u00f5es para tocar o disco, a c\u00e1psula tem uma enorme influ\u00eancia no som geral. Dependendo do seu estilo, voc\u00ea pode escolher entre agulhas esf\u00e9ricas para um desempenho de acompanhamento ideal ou agulhas el\u00edpticas para alcan\u00e7ar a mais alta qualidade sonora poss\u00edvel. [&hellip;]<\/p>\n","protected":false},"featured_media":25239,"template":"","meta":{"_acf_changed":false},"product_brand":[],"product_cat":[78,99,255],"product_tag":[],"class_list":{"0":"post-25238","1":"product","2":"type-product","3":"status-publish","4":"has-post-thumbnail","6":"product_cat-analogico-audio","7":"product_cat-capsulas","8":"product_cat-reloop","10":"first","11":"instock","12":"sold-individually","13":"shipping-taxable","14":"purchasable","15":"product-type-simple"},"acf":[],"aioseo_notices":[],"_links":{"self":[{"href":"https:\/\/hificlub.com.br\/loja\/wp-json\/wp\/v2\/product\/25238","targetHints":{"allow":["GET"]}}],"collection":[{"href":"https:\/\/hificlub.com.br\/loja\/wp-json\/wp\/v2\/product"}],"about":[{"href":"https:\/\/hificlub.com.br\/loja\/wp-json\/wp\/v2\/types\/product"}],"wp:featuredmedia":[{"embeddable":true,"href":"https:\/\/hificlub.com.br\/loja\/wp-json\/wp\/v2\/media\/25239"}],"wp:attachment":[{"href":"https:\/\/hificlub.com.br\/loja\/wp-json\/wp\/v2\/media?parent=25238"}],"wp:term":[{"taxonomy":"product_brand","embeddable":true,"href":"https:\/\/hificlub.com.br\/loja\/wp-json\/wp\/v2\/product_brand?post=25238"},{"taxonomy":"product_cat","embeddable":true,"href":"https:\/\/hificlub.com.br\/loja\/wp-json\/wp\/v2\/product_cat?post=25238"},{"taxonomy":"product_tag","embeddable":true,"href":"https:\/\/hificlub.com.br\/loja\/wp-json\/wp\/v2\/product_tag?post=25238"}],"curies":[{"name":"wp","href":"https:\/\/api.w.org\/{rel}","templated":true}]}}