{"id":25189,"date":"2025-08-11T17:59:29","date_gmt":"2025-08-11T20:59:29","guid":{"rendered":"https:\/\/hificlub.com.br\/loja\/?post_type=product&#038;p=25189"},"modified":"2026-03-03T22:15:23","modified_gmt":"2026-03-04T01:15:23","slug":"parasound-halo-p7-pre-amplificador-multicanal-7-1-e-stereo","status":"publish","type":"product","link":"https:\/\/hificlub.com.br\/loja\/produto\/parasound-halo-p7-pre-amplificador-multicanal-7-1-e-stereo\/","title":{"rendered":"PARASOUND HALO P7 &#8211; Pr\u00e9-amplificador Multicanal, 7.1 e Stereo"},"content":{"rendered":"<p>O pr\u00e9-amplificador somente de \u00e1udio anal\u00f3gico suporta at\u00e9 sete canais \u2022 Op\u00e7\u00f5es de conex\u00e3o flex\u00edveis \u2022 Os amplificadores Halo oferecem desempenho impressionante<br \/>\nOs Halos apresentam uma est\u00e9tica muito limpa que \u00e9 cont\u00ednua em toda a linha, com placas frontais prateadas em alum\u00ednio usinado e emblemas \u201cP\u201d brilhantes. O P 7 possui um display modesto no painel frontal que permite instalar e configurar o pr\u00e9-amplificador de acordo com sua prefer\u00eancia. Como o P 7 tem um design totalmente anal\u00f3gico, n\u00e3o h\u00e1 modos de processamento para enfrentar nem menus elaborados para negociar. Voc\u00ea pode configurar o pr\u00e9-amplificador atrav\u00e9s do bot\u00e3o multifuncional do painel frontal ou do controle remoto inclu\u00eddo.<br \/>\nOs menus do P 7 s\u00e3o f\u00e1ceis de navegar e existem apenas algumas sele\u00e7\u00f5es dispon\u00edveis para ajustar cada entrada, todas as quais podem ser renomeadas de acordo com sua prefer\u00eancia. Cada entrada tem sua pr\u00f3pria mem\u00f3ria, ent\u00e3o \u00e9 um neg\u00f3cio do tipo configure e esque\u00e7a. Existem tamb\u00e9m configura\u00e7\u00f5es para gatilhos e limita\u00e7\u00e3o de volume.<br \/>\nO painel traseiro do P 7 possui um layout limpo com uma mistura de entradas e sa\u00eddas RCA e XLR. O pr\u00e9-amplificador possui uma entrada XLR est\u00e9reo balanceada e uma sa\u00edda XLR balanceada de sete canais. Existem tamb\u00e9m sete entradas est\u00e9reo RCA e duas entradas RCA de sete canais para conex\u00e3o a um dispositivo multicanal, como um DVD ou Blu-ray Disc player. Como o P 7 n\u00e3o realiza decodifica\u00e7\u00e3o digital, voc\u00ea precisar\u00e1 garantir que seu dispositivo fonte seja capaz de decodificar os formatos de \u00e1udio e tenha uma sa\u00edda anal\u00f3gica para cada canal \u2013 e quanto maior a qualidade, melhor.<\/p>\n<p>&nbsp;<\/p>\n<p><a href=\"https:\/\/hometheaterhifi.com\/reviews\/amplifier\/preamplifier\/a-secrets-amplifier-review107\/\"><img loading=\"lazy\" decoding=\"async\" class=\"alignnone size-full wp-image-24021\" src=\"https:\/\/hificlub.com.br\/loja\/wp-content\/uploads\/2025\/07\/Home-Theather-High-Fidelity-award.jpg\" alt=\"\" width=\"291\" height=\"122\" \/><\/a>\u00a0 \u00a0 <a href=\"https:\/\/www.audioholics.com\/av-preamp-processor-reviews\/parasound-halo-p7\" target=\"_blank\" rel=\"noopener\"><img loading=\"lazy\" decoding=\"async\" class=\"alignnone wp-image-14552\" src=\"https:\/\/hificlub.com.br\/loja\/wp-content\/uploads\/2023\/10\/awards-audioholic-2016-2.jpg\" alt=\"\" width=\"230\" height=\"129\" \/><\/a><\/p>\n","protected":false},"excerpt":{"rendered":"<p>O pr\u00e9-amplificador somente de \u00e1udio anal\u00f3gico suporta at\u00e9 sete canais \u2022 Op\u00e7\u00f5es de conex\u00e3o flex\u00edveis \u2022 Os amplificadores Halo oferecem desempenho impressionante Os Halos apresentam uma est\u00e9tica muito limpa que \u00e9 cont\u00ednua em toda a linha, com placas frontais prateadas em alum\u00ednio usinado e emblemas \u201cP\u201d brilhantes. O P 7 possui um display modesto no [&hellip;]<\/p>\n","protected":false},"featured_media":17294,"template":"","meta":{"_acf_changed":false},"product_brand":[],"product_cat":[125,38],"product_tag":[],"class_list":{"0":"post-25189","1":"product","2":"type-product","3":"status-publish","4":"has-post-thumbnail","6":"product_cat-parasound","7":"product_cat-pre-amplificador","9":"first","10":"instock","11":"sold-individually","12":"shipping-taxable","13":"purchasable","14":"product-type-simple"},"acf":[],"aioseo_notices":[],"_links":{"self":[{"href":"https:\/\/hificlub.com.br\/loja\/wp-json\/wp\/v2\/product\/25189","targetHints":{"allow":["GET"]}}],"collection":[{"href":"https:\/\/hificlub.com.br\/loja\/wp-json\/wp\/v2\/product"}],"about":[{"href":"https:\/\/hificlub.com.br\/loja\/wp-json\/wp\/v2\/types\/product"}],"wp:featuredmedia":[{"embeddable":true,"href":"https:\/\/hificlub.com.br\/loja\/wp-json\/wp\/v2\/media\/17294"}],"wp:attachment":[{"href":"https:\/\/hificlub.com.br\/loja\/wp-json\/wp\/v2\/media?parent=25189"}],"wp:term":[{"taxonomy":"product_brand","embeddable":true,"href":"https:\/\/hificlub.com.br\/loja\/wp-json\/wp\/v2\/product_brand?post=25189"},{"taxonomy":"product_cat","embeddable":true,"href":"https:\/\/hificlub.com.br\/loja\/wp-json\/wp\/v2\/product_cat?post=25189"},{"taxonomy":"product_tag","embeddable":true,"href":"https:\/\/hificlub.com.br\/loja\/wp-json\/wp\/v2\/product_tag?post=25189"}],"curies":[{"name":"wp","href":"https:\/\/api.w.org\/{rel}","templated":true}]}}