{"id":25153,"date":"2025-08-11T10:25:17","date_gmt":"2025-08-11T13:25:17","guid":{"rendered":"https:\/\/hificlub.com.br\/loja\/?post_type=product&#038;p=25153"},"modified":"2026-03-03T22:15:24","modified_gmt":"2026-03-04T01:15:24","slug":"capsula-nagaoka-mp-500","status":"publish","type":"product","link":"https:\/\/hificlub.com.br\/loja\/produto\/capsula-nagaoka-mp-500\/","title":{"rendered":"C\u00c1PSULA NAGAOKA MP-500 MM"},"content":{"rendered":"<p>Nagaoka MP-500 oferece a mais alta express\u00e3o musical e criativa da nova s\u00e9rie MP. Ele extrai e reproduz habilmente com clareza v\u00edvida, colorida e dimensional o que os outros n\u00e3o veem. Experimente a solidez da imagem, a resolu\u00e7\u00e3o de detalhes e a extens\u00e3o de graves que fizeram do Nagaoka MP-500 uma das principais escolhas dos editores da Stereophile para os melhores produtos do setor.<\/p>\n<ul>\n<li>Type: Moving magnet<\/li>\n<li>Cantilever: High-strength boron<\/li>\n<li>Stylus type: Superfine line contact diamond<\/li>\n<li>Output voltage @ 1kHz,5cm\/sec: 3mV<\/li>\n<li>Frequency response: 20Hz-25kHz<\/li>\n<li>Channel balance @ 1kHz: &gt; 1dB<\/li>\n<li>Channel separation @ 1kHz: &gt; 27dB<\/li>\n<li>Recommended loading: 47k ohms<\/li>\n<li>Dynamic compliance: 8.5 x 10-6 cm\/dyne<\/li>\n<li>Tracking force range: 1.3 &#8211; 1.8 g<\/li>\n<li>Weight: 8 g<\/li>\n<li>Break-in period: 30 hours<\/li>\n<li>Stylus replacement: Nagaoka JN-P500<\/li>\n<\/ul>\n","protected":false},"excerpt":{"rendered":"<p>Nagaoka MP-500 oferece a mais alta express\u00e3o musical e criativa da nova s\u00e9rie MP. Ele extrai e reproduz habilmente com clareza v\u00edvida, colorida e dimensional o que os outros n\u00e3o veem. Experimente a solidez da imagem, a resolu\u00e7\u00e3o de detalhes e a extens\u00e3o de graves que fizeram do Nagaoka MP-500 uma das principais escolhas dos [&hellip;]<\/p>\n","protected":false},"featured_media":25164,"template":"","meta":{"_acf_changed":false},"product_brand":[],"product_cat":[78,99],"product_tag":[],"class_list":{"0":"post-25153","1":"product","2":"type-product","3":"status-publish","4":"has-post-thumbnail","6":"product_cat-analogico-audio","7":"product_cat-capsulas","9":"first","10":"instock","11":"sold-individually","12":"shipping-taxable","13":"purchasable","14":"product-type-simple"},"acf":[],"aioseo_notices":[],"_links":{"self":[{"href":"https:\/\/hificlub.com.br\/loja\/wp-json\/wp\/v2\/product\/25153","targetHints":{"allow":["GET"]}}],"collection":[{"href":"https:\/\/hificlub.com.br\/loja\/wp-json\/wp\/v2\/product"}],"about":[{"href":"https:\/\/hificlub.com.br\/loja\/wp-json\/wp\/v2\/types\/product"}],"wp:featuredmedia":[{"embeddable":true,"href":"https:\/\/hificlub.com.br\/loja\/wp-json\/wp\/v2\/media\/25164"}],"wp:attachment":[{"href":"https:\/\/hificlub.com.br\/loja\/wp-json\/wp\/v2\/media?parent=25153"}],"wp:term":[{"taxonomy":"product_brand","embeddable":true,"href":"https:\/\/hificlub.com.br\/loja\/wp-json\/wp\/v2\/product_brand?post=25153"},{"taxonomy":"product_cat","embeddable":true,"href":"https:\/\/hificlub.com.br\/loja\/wp-json\/wp\/v2\/product_cat?post=25153"},{"taxonomy":"product_tag","embeddable":true,"href":"https:\/\/hificlub.com.br\/loja\/wp-json\/wp\/v2\/product_tag?post=25153"}],"curies":[{"name":"wp","href":"https:\/\/api.w.org\/{rel}","templated":true}]}}