{"id":25151,"date":"2025-08-11T10:24:16","date_gmt":"2025-08-11T13:24:16","guid":{"rendered":"https:\/\/hificlub.com.br\/loja\/?post_type=product&#038;p=25151"},"modified":"2026-03-03T22:15:24","modified_gmt":"2026-03-04T01:15:24","slug":"paradigm-prestige-95f-caixa-torre-240-watts-par","status":"publish","type":"product","link":"https:\/\/hificlub.com.br\/loja\/produto\/paradigm-prestige-95f-caixa-torre-240-watts-par\/","title":{"rendered":"PARADIGM Prestige 95F &#8211; Caixa Torre, 240 Watts (par)"},"content":{"rendered":"<p>As caixas ac\u00fasticas de ch\u00e3o Prestige 95F utilizam tecnologia de crossover de 2,5 vias para melhorar significativamente o desempenho fora do eixo (para ouvintes que n\u00e3o est\u00e3o posicionados diretamente em frente ao ponto ideal) e aumentar a din\u00e2mica dos graves profundos. Esse salto no desempenho ac\u00fastico se baseia na utiliza\u00e7\u00e3o dos tr\u00eas woofers em frequ\u00eancias baixas, enquanto os graves\/m\u00e9dios abrangem vozes e instrumentos musicais sem a necessidade de &#8220;cruzar&#8221; para os m\u00e9dios dedicados.<\/p>\n<p><strong>Tecnologia<\/strong><\/p>\n<p>H\u00e1 mais de 35 anos, a Paradigm estabelece o precedente em inova\u00e7\u00e3o e tecnologia na fabrica\u00e7\u00e3o de alto-falantes. A S\u00e9rie Prestige da Paradigm se baseia nessa hist\u00f3ria, combinando novas tecnologias com engenharia inteligente que proporciona desempenho surpreendente a um valor incr\u00edvel \u2014 tudo totalmente fabricado em nossa f\u00e1brica no Canad\u00e1.<\/p>\n<p><strong>Design e Engenharia do Tweeter<\/strong><\/p>\n<p>Os tweeters Prestige combinam os melhores recursos do domo do tweeter Paradigm Pure-Aluminum (X-PAL\u2122) com o desempenho aprimorado de alta frequ\u00eancia de um plugue de fase bem projetado. Os agudos s\u00e3o claros e precisos, para imagens precisas, enquanto o design montado na parte traseira esconde o hardware do defletor frontal, apresentando uma est\u00e9tica visualmente discreta.<\/p>\n<p>&nbsp;<\/p>\n<p><a href=\"https:\/\/www.whathifi.com\/news\/paradigm-prestige-speakers-set-uk-launch\" target=\"_blank\" rel=\"noopener\"><img loading=\"lazy\" decoding=\"async\" class=\"alignnone wp-image-20966\" src=\"https:\/\/hificlub.com.br\/loja\/wp-content\/uploads\/2024\/01\/what-hifi-awards-9.png\" alt=\"\" width=\"247\" height=\"125\" srcset=\"https:\/\/hificlub.com.br\/loja\/wp-content\/uploads\/2024\/01\/what-hifi-awards-9.png 316w, https:\/\/hificlub.com.br\/loja\/wp-content\/uploads\/2024\/01\/what-hifi-awards-9-300x152.png 300w\" sizes=\"auto, (max-width: 247px) 100vw, 247px\" \/><\/a>\u00a0 \u00a0 <a href=\"https:\/\/hometheaterhifi.com\/reviews\/speaker\/surround-sound-speaker-systems-reviews\/paradigm-prestige-series-surround-system-review\/\" target=\"_blank\" rel=\"noopener\"><img loading=\"lazy\" decoding=\"async\" class=\"alignnone wp-image-24021 size-full\" src=\"https:\/\/hificlub.com.br\/loja\/wp-content\/uploads\/2025\/07\/Home-Theather-High-Fidelity-award.jpg\" alt=\"\" width=\"291\" height=\"122\" \/><\/a><\/p>\n","protected":false},"excerpt":{"rendered":"<p>As caixas ac\u00fasticas de ch\u00e3o Prestige 95F utilizam tecnologia de crossover de 2,5 vias para melhorar significativamente o desempenho fora do eixo (para ouvintes que n\u00e3o est\u00e3o posicionados diretamente em frente ao ponto ideal) e aumentar a din\u00e2mica dos graves profundos. Esse salto no desempenho ac\u00fastico se baseia na utiliza\u00e7\u00e3o dos tr\u00eas woofers em frequ\u00eancias [&hellip;]<\/p>\n","protected":false},"featured_media":25154,"template":"","meta":{"_acf_changed":false},"product_brand":[],"product_cat":[15],"product_tag":[],"class_list":{"0":"post-25151","1":"product","2":"type-product","3":"status-publish","4":"has-post-thumbnail","6":"product_cat-sem-categoria","8":"first","9":"instock","10":"sold-individually","11":"shipping-taxable","12":"purchasable","13":"product-type-simple"},"acf":[],"aioseo_notices":[],"_links":{"self":[{"href":"https:\/\/hificlub.com.br\/loja\/wp-json\/wp\/v2\/product\/25151","targetHints":{"allow":["GET"]}}],"collection":[{"href":"https:\/\/hificlub.com.br\/loja\/wp-json\/wp\/v2\/product"}],"about":[{"href":"https:\/\/hificlub.com.br\/loja\/wp-json\/wp\/v2\/types\/product"}],"wp:featuredmedia":[{"embeddable":true,"href":"https:\/\/hificlub.com.br\/loja\/wp-json\/wp\/v2\/media\/25154"}],"wp:attachment":[{"href":"https:\/\/hificlub.com.br\/loja\/wp-json\/wp\/v2\/media?parent=25151"}],"wp:term":[{"taxonomy":"product_brand","embeddable":true,"href":"https:\/\/hificlub.com.br\/loja\/wp-json\/wp\/v2\/product_brand?post=25151"},{"taxonomy":"product_cat","embeddable":true,"href":"https:\/\/hificlub.com.br\/loja\/wp-json\/wp\/v2\/product_cat?post=25151"},{"taxonomy":"product_tag","embeddable":true,"href":"https:\/\/hificlub.com.br\/loja\/wp-json\/wp\/v2\/product_tag?post=25151"}],"curies":[{"name":"wp","href":"https:\/\/api.w.org\/{rel}","templated":true}]}}