{"id":25139,"date":"2025-08-11T10:02:40","date_gmt":"2025-08-11T13:02:40","guid":{"rendered":"https:\/\/hificlub.com.br\/loja\/?post_type=product&#038;p=25139"},"modified":"2026-03-03T22:15:24","modified_gmt":"2026-03-04T01:15:24","slug":"paradigm-prestige-85f-caixa-torre","status":"publish","type":"product","link":"https:\/\/hificlub.com.br\/loja\/produto\/paradigm-prestige-85f-caixa-torre\/","title":{"rendered":"PARADIGM Prestige 85F &#8211; Caixa Torre, 200 Watts, (par)"},"content":{"rendered":"<p><strong>S\u00e9rie paradigm prestige\u2122 prepare-se para se impressionar e se surpreender.<\/strong><\/p>\n<p>Quando foi a \u00faltima vez que voc\u00ea ouviu m\u00fasica ao vivo? Seja em uma espa\u00e7osa sala de concertos, um anfiteatro arejado ou uma boate intimista, a m\u00fasica ao vivo \u00e9 a experi\u00eancia de entretenimento mais incr\u00edvel. Artistas na corda bamba, sem rede, tocando com tudo; usando todo o seu ser para gerar emo\u00e7\u00e3o e entusiasmo. P\u00fablicos em p\u00e9, dan\u00e7ando; ou presos no lugar pelo virtuosismo. A m\u00fasica \u00e9 algo vivo, nascido no est\u00fadio e no palco \u2014 crescendo, expandindo, conquistando o mundo. E como as apresenta\u00e7\u00f5es ao vivo mais eficazes, a Prestige atinge seu objetivo com simplicidade, tecnologia e a aplica\u00e7\u00e3o de um toque humano talentoso. Se voc\u00ea busca uma realiza\u00e7\u00e3o mais realista de suas fontes musicais ou deseja uma experi\u00eancia de home theater verdadeiramente arrebatadora, a S\u00e9rie Prestige oferece o melhor assento da casa (aquele na sua pr\u00f3pria sala de estar)!<\/p>\n<p><strong>Tecnologia<\/strong><\/p>\n<p>H\u00e1 mais de 35 anos, a Paradigm estabelece o precedente em inova\u00e7\u00e3o e tecnologia na fabrica\u00e7\u00e3o de alto-falantes. A S\u00e9rie Prestige da Paradigm se baseia nessa hist\u00f3ria, combinando novas tecnologias com engenharia inteligente que proporciona um desempenho surpreendente a um valor inacredit\u00e1vel \u2014 tudo totalmente fabricado em nossa f\u00e1brica no Canad\u00e1.<\/p>\n<p>&nbsp;<\/p>\n<p><a href=\"https:\/\/hometheaterhifi.com\/reviews\/speaker\/floor-standing\/paradigm-prestige-series-85f-floorstanding-speaker-review\/\" target=\"_blank\" rel=\"noopener\"><img loading=\"lazy\" decoding=\"async\" class=\"alignnone wp-image-24021 size-full\" src=\"https:\/\/hificlub.com.br\/loja\/wp-content\/uploads\/2025\/07\/Home-Theather-High-Fidelity-award.jpg\" alt=\"\" width=\"291\" height=\"122\" \/><\/a>\u00a0 \u00a0 <a href=\"https:\/\/www.whathifi.com\/news\/paradigm-prestige-speakers-set-uk-launch\" target=\"_blank\" rel=\"noopener\"><img loading=\"lazy\" decoding=\"async\" class=\"alignnone wp-image-21273\" src=\"https:\/\/hificlub.com.br\/loja\/wp-content\/uploads\/2025\/05\/what-hifi-awards.png\" alt=\"\" width=\"241\" height=\"122\" srcset=\"https:\/\/hificlub.com.br\/loja\/wp-content\/uploads\/2025\/05\/what-hifi-awards.png 316w, https:\/\/hificlub.com.br\/loja\/wp-content\/uploads\/2025\/05\/what-hifi-awards-300x152.png 300w\" sizes=\"auto, (max-width: 241px) 100vw, 241px\" \/><\/a><\/p>\n<p>&nbsp;<\/p>\n<p>&nbsp;<\/p>\n","protected":false},"excerpt":{"rendered":"<p>S\u00e9rie paradigm prestige\u2122 prepare-se para se impressionar e se surpreender. Quando foi a \u00faltima vez que voc\u00ea ouviu m\u00fasica ao vivo? Seja em uma espa\u00e7osa sala de concertos, um anfiteatro arejado ou uma boate intimista, a m\u00fasica ao vivo \u00e9 a experi\u00eancia de entretenimento mais incr\u00edvel. Artistas na corda bamba, sem rede, tocando com tudo; [&hellip;]<\/p>\n","protected":false},"featured_media":25140,"template":"","meta":{"_acf_changed":false},"product_brand":[],"product_cat":[17,148,18],"product_tag":[],"class_list":{"0":"post-25139","1":"product","2":"type-product","3":"status-publish","4":"has-post-thumbnail","6":"product_cat-caixas","7":"product_cat-paradigm","8":"product_cat-torres","10":"first","11":"instock","12":"sold-individually","13":"shipping-taxable","14":"purchasable","15":"product-type-simple"},"acf":[],"aioseo_notices":[],"_links":{"self":[{"href":"https:\/\/hificlub.com.br\/loja\/wp-json\/wp\/v2\/product\/25139","targetHints":{"allow":["GET"]}}],"collection":[{"href":"https:\/\/hificlub.com.br\/loja\/wp-json\/wp\/v2\/product"}],"about":[{"href":"https:\/\/hificlub.com.br\/loja\/wp-json\/wp\/v2\/types\/product"}],"wp:featuredmedia":[{"embeddable":true,"href":"https:\/\/hificlub.com.br\/loja\/wp-json\/wp\/v2\/media\/25140"}],"wp:attachment":[{"href":"https:\/\/hificlub.com.br\/loja\/wp-json\/wp\/v2\/media?parent=25139"}],"wp:term":[{"taxonomy":"product_brand","embeddable":true,"href":"https:\/\/hificlub.com.br\/loja\/wp-json\/wp\/v2\/product_brand?post=25139"},{"taxonomy":"product_cat","embeddable":true,"href":"https:\/\/hificlub.com.br\/loja\/wp-json\/wp\/v2\/product_cat?post=25139"},{"taxonomy":"product_tag","embeddable":true,"href":"https:\/\/hificlub.com.br\/loja\/wp-json\/wp\/v2\/product_tag?post=25139"}],"curies":[{"name":"wp","href":"https:\/\/api.w.org\/{rel}","templated":true}]}}