{"id":25115,"date":"2025-08-09T17:47:46","date_gmt":"2025-08-09T20:47:46","guid":{"rendered":"https:\/\/hificlub.com.br\/loja\/?post_type=product&#038;p=25115"},"modified":"2026-03-03T22:15:24","modified_gmt":"2026-03-04T01:15:24","slug":"paradigm-prestige-75f-caixa-torre-170-watts-par","status":"publish","type":"product","link":"https:\/\/hificlub.com.br\/loja\/produto\/paradigm-prestige-75f-caixa-torre-170-watts-par\/","title":{"rendered":"PARADIGM Prestige 75F &#8211; Caixa Torre, 170 Watts (par)"},"content":{"rendered":"<p><strong>Prepare-se para se impressionar e se surpreender com a s\u00e9rie Paradigm Prestige\u2122.<\/strong><\/p>\n<p>Quando foi a \u00faltima vez que voc\u00ea ouviu m\u00fasica ao vivo? Seja em uma espa\u00e7osa sala de concertos, um anfiteatro arejado ou uma boate intimista, a m\u00fasica ao vivo \u00e9 a experi\u00eancia de entretenimento ideal. Artistas na corda bamba, sem rede, tocando com tudo; usando todo o seu ser para gerar emo\u00e7\u00e3o e entusiasmo. P\u00fablicos em p\u00e9, dan\u00e7ando; ou presos no lugar pelo virtuosismo. A m\u00fasica \u00e9 algo vivo, nascido no est\u00fadio e no palco \u2014 crescendo, expandindo, conquistando o mundo. E, como as apresenta\u00e7\u00f5es ao vivo mais eficazes, o Prestige atinge seu objetivo com simplicidade, tecnologia e a aplica\u00e7\u00e3o de um toque humano talentoso. Se voc\u00ea busca uma realiza\u00e7\u00e3o mais realista de suas fontes musicais ou deseja uma experi\u00eancia de home theater verdadeiramente arrebatadora, a S\u00e9rie Prestige oferece o melhor lugar da casa (aquele na sua pr\u00f3pria sala de estar)!<\/p>\n<p>As caixas de som de ch\u00e3o Prestige 75F utilizam tecnologia de crossover de 2,5 vias para aprimorar significativamente o desempenho fora do eixo (para ouvintes que n\u00e3o est\u00e3o posicionados diretamente em frente ao ponto ideal) e aumentar a din\u00e2mica dos graves profundos. Esse salto no desempenho ac\u00fastico se baseia na utiliza\u00e7\u00e3o dos tr\u00eas woofers em frequ\u00eancias baixas, enquanto os graves\/m\u00e9dios abrangem vozes e instrumentos musicais sem a necessidade de &#8220;cruzar&#8221; para os m\u00e9dios dedicados.<\/p>\n<p>&nbsp;<\/p>\n<p><a href=\"https:\/\/www.whathifi.com\/news\/paradigm-prestige-speakers-set-uk-launch\" target=\"_blank\" rel=\"noopener\"><img loading=\"lazy\" decoding=\"async\" class=\"alignnone wp-image-17983\" src=\"https:\/\/hificlub.com.br\/loja\/wp-content\/uploads\/2024\/09\/what-hifi-awards-1.png\" alt=\"\" width=\"255\" height=\"129\" srcset=\"https:\/\/hificlub.com.br\/loja\/wp-content\/uploads\/2024\/09\/what-hifi-awards-1.png 316w, https:\/\/hificlub.com.br\/loja\/wp-content\/uploads\/2024\/09\/what-hifi-awards-1-300x152.png 300w\" sizes=\"auto, (max-width: 255px) 100vw, 255px\" \/>\u00a0\u00a0\u00a0\u00a0 <\/a><a href=\"https:\/\/www.whathifi.com\/news\/paradigm-prestige-speakers-set-uk-launch\" target=\"_blank\" rel=\"noopener\"><img loading=\"lazy\" decoding=\"async\" class=\"alignnone wp-image-22732\" src=\"https:\/\/hificlub.com.br\/loja\/wp-content\/uploads\/2025\/06\/Audioholics.jpg\" alt=\"\" width=\"377\" height=\"143\" srcset=\"https:\/\/hificlub.com.br\/loja\/wp-content\/uploads\/2025\/06\/Audioholics.jpg 353w, https:\/\/hificlub.com.br\/loja\/wp-content\/uploads\/2025\/06\/Audioholics-300x114.jpg 300w\" sizes=\"auto, (max-width: 377px) 100vw, 377px\" \/><\/a><\/p>\n","protected":false},"excerpt":{"rendered":"<p>Prepare-se para se impressionar e se surpreender com a s\u00e9rie Paradigm Prestige\u2122. Quando foi a \u00faltima vez que voc\u00ea ouviu m\u00fasica ao vivo? Seja em uma espa\u00e7osa sala de concertos, um anfiteatro arejado ou uma boate intimista, a m\u00fasica ao vivo \u00e9 a experi\u00eancia de entretenimento ideal. Artistas na corda bamba, sem rede, tocando com [&hellip;]<\/p>\n","protected":false},"featured_media":25116,"template":"","meta":{"_acf_changed":false},"product_brand":[],"product_cat":[17,148,18],"product_tag":[],"class_list":{"0":"post-25115","1":"product","2":"type-product","3":"status-publish","4":"has-post-thumbnail","6":"product_cat-caixas","7":"product_cat-paradigm","8":"product_cat-torres","10":"first","11":"instock","12":"sold-individually","13":"shipping-taxable","14":"purchasable","15":"product-type-simple"},"acf":[],"aioseo_notices":[],"_links":{"self":[{"href":"https:\/\/hificlub.com.br\/loja\/wp-json\/wp\/v2\/product\/25115","targetHints":{"allow":["GET"]}}],"collection":[{"href":"https:\/\/hificlub.com.br\/loja\/wp-json\/wp\/v2\/product"}],"about":[{"href":"https:\/\/hificlub.com.br\/loja\/wp-json\/wp\/v2\/types\/product"}],"wp:featuredmedia":[{"embeddable":true,"href":"https:\/\/hificlub.com.br\/loja\/wp-json\/wp\/v2\/media\/25116"}],"wp:attachment":[{"href":"https:\/\/hificlub.com.br\/loja\/wp-json\/wp\/v2\/media?parent=25115"}],"wp:term":[{"taxonomy":"product_brand","embeddable":true,"href":"https:\/\/hificlub.com.br\/loja\/wp-json\/wp\/v2\/product_brand?post=25115"},{"taxonomy":"product_cat","embeddable":true,"href":"https:\/\/hificlub.com.br\/loja\/wp-json\/wp\/v2\/product_cat?post=25115"},{"taxonomy":"product_tag","embeddable":true,"href":"https:\/\/hificlub.com.br\/loja\/wp-json\/wp\/v2\/product_tag?post=25115"}],"curies":[{"name":"wp","href":"https:\/\/api.w.org\/{rel}","templated":true}]}}