{"id":25083,"date":"2025-08-08T11:51:36","date_gmt":"2025-08-08T14:51:36","guid":{"rendered":"https:\/\/hificlub.com.br\/loja\/?post_type=product&#038;p=25083"},"modified":"2026-03-12T11:42:25","modified_gmt":"2026-03-12T14:42:25","slug":"reloop-flux-interface-usb-c-para-usar-o-serato-dj-pro-com-toca-discos-e-cdjs","status":"publish","type":"product","link":"https:\/\/hificlub.com.br\/loja\/produto\/reloop-flux-interface-usb-c-para-usar-o-serato-dj-pro-com-toca-discos-e-cdjs\/","title":{"rendered":"RELOOP Flux &#8211; Interface USB-C para Usar o Serato DJ Pro com toca-discos e CDJs"},"content":{"rendered":"<p class=\"heading\"><strong>De volta \u00e0 m\u00fasica<\/strong><\/p>\n<p class=\"content\">O Reloop Flux \u00e9 uma interface USB-C de \u00faltima gera\u00e7\u00e3o para usar o Serato DJ Pro com toca-discos, CDJs ou outros reprodutores de m\u00eddia. A interface oferece qualidades de \u00e1udio superiores, um conceito operacional bem projetado e um design pronto para clubes. Ela pode transformar qualquer mixer convencional em um sistema de vinil digital profissional.<\/p>\n<p class=\"heading\"><strong>M\u00e1xima Flexibilidade<\/strong><\/p>\n<p class=\"content\">Tr\u00eas entradas est\u00e9reo proporcionam m\u00e1xima flexibilidade aos DJs. Toca-discos, CDJs e similares podem ser usados em qualquer combina\u00e7\u00e3o. As configura\u00e7\u00f5es s\u00e3o ajustadas por meio de interruptores DIP discretos, o que praticamente elimina qualquer chance de troca acidental na casa noturna. A interface inclui tr\u00eas sa\u00eddas est\u00e9reo, incluindo uma sa\u00edda AUX que pode ser roteada para o sampler interno do Serato DJ Pro. Conectores RCA banhados a ouro e resistentes \u00e0 corros\u00e3o garantem transmiss\u00e3o de \u00e1udio de alta qualidade.<\/p>\n<p class=\"heading\"><strong>Controle total<\/strong><\/p>\n<p class=\"content\">O Flux oferece a melhor vis\u00e3o geral poss\u00edvel do roteamento gra\u00e7as aos LEDs de fluxo de sinal claramente vis\u00edveis para todas as entradas e sa\u00eddas e a um indicador de status Thru. Os indicadores LED de status da conex\u00e3o (hub, PD, DC) na parte superior da interface oferecem op\u00e7\u00f5es de controle adicionais. Os bot\u00f5es Direct Thru na parte superior da interface permitem ativar e desativar o modo Thru de forma r\u00e1pida e f\u00e1cil, permitindo o uso convencional de toca-discos e CDJs conectados. A navega\u00e7\u00e3o pelo software Serato n\u00e3o \u00e9 mais necess\u00e1ria.<\/p>\n<p class=\"heading\"><strong>Hub interno<\/strong><\/p>\n<p class=\"content\">O Flux inclui um hub USB-A de 2 portas integrado para conectar controladores MIDI e outros acess\u00f3rios USB. Al\u00e9m das op\u00e7\u00f5es de conex\u00e3o expandidas, o hub reduz potenciais falhas de conex\u00e3o em um ambiente de clube movimentado, mantendo a configura\u00e7\u00e3o conectada mesmo sem o laptop.<\/p>\n<p class=\"heading\"><strong>Sempre energizado<\/strong><\/p>\n<p class=\"content\">O Flux \u00e9 alimentado por um computador, o que significa que h\u00e1 pouca necessidade de fia\u00e7\u00e3o para cabos de \u00e1udio e alimenta\u00e7\u00e3o. A interface DVS tamb\u00e9m pode ser alimentada por fontes de alimenta\u00e7\u00e3o externas atrav\u00e9s da entrada USB-C CC, permitindo que toca-discos e CDJs sejam usados no modo Thru mesmo sem um computador conectado. A segunda porta USB-C do Flux oferece suporte ao Power Delivery para outros dispositivos USB-C (m\u00e1x. 60 W), como um MacBook.<\/p>\n<p class=\"heading\"><strong>Plug &amp; Play para Serato DJ Pro<\/strong><\/p>\n<p class=\"content\">O Reloop Flux desbloqueia a vers\u00e3o completa do Serato DJ Pro e do Serato DVS. Isso significa que os DJs podem come\u00e7ar a usar o sistema de vinil digital l\u00edder de mercado em um piscar de olhos. Licen\u00e7as adicionais n\u00e3o s\u00e3o necess\u00e1rias.<\/p>\n<p><strong>Flux<\/strong><\/p>\n<div class=\"product-data\">\n<ul class=\"features\">\n<li>Interface de \u00e1udio USB-C DVS de \u00faltima gera\u00e7\u00e3o para Serato DJ Pro<\/li>\n<li>Placa de som de 24 bits\/96 kHz de n\u00edvel de est\u00fadio com \u00e1udio superior e lat\u00eancia ultrabaixa<\/li>\n<li>Design de taco resistente com suporte para Power Delivery e hub USB<\/li>\n<\/ul>\n<div class=\"price-box\"><\/div>\n<\/div>\n<div class=\"special-icons\">\n<div class=\"pull-left hl-icon\"><a href=\"https:\/\/serato.com\/dj\/hardware?company=Reloop\" target=\"_blank\" rel=\"noopener\"><img decoding=\"async\" class=\"tooltip\" title=\"Acess\u00f3rio oficial Serato\" src=\"https:\/\/www.reloop.com\/skin\/frontend\/reloopv2\/default\/images\/product_attributes\/serato_accessory.png\" alt=\"Acess\u00f3rio oficial Serato\" \/><\/a>\u00a0 \u00a0 \u00a0<a href=\"https:\/\/serato.com\/dj\/pro\/expansions\/dvs?dvs=dvs-ready\" target=\"_blank\" rel=\"noopener\"><img decoding=\"async\" class=\"tooltip\" title=\"Serato DVS\" src=\"https:\/\/www.reloop.com\/skin\/frontend\/reloopv2\/default\/images\/product_attributes\/serato_dvs.png\" alt=\"Serato DVS\" \/><\/a>\u00a0 \u00a0 \u00a0 <a href=\"https:\/\/serato.com\/\" target=\"_blank\" rel=\"noopener\"><img decoding=\"async\" class=\"tooltip\" title=\"Especialmente desenvolvido para o software Serato DJ\" src=\"https:\/\/www.reloop.com\/skin\/frontend\/reloopv2\/default\/images\/product_attributes\/for_serato.png\" alt=\"Constru\u00eddo para Serato\" \/><\/a><\/div>\n<\/div>\n","protected":false},"excerpt":{"rendered":"<p>De volta \u00e0 m\u00fasica O Reloop Flux \u00e9 uma interface USB-C de \u00faltima gera\u00e7\u00e3o para usar o Serato DJ Pro com toca-discos, CDJs ou outros reprodutores de m\u00eddia. A interface oferece qualidades de \u00e1udio superiores, um conceito operacional bem projetado e um design pronto para clubes. Ela pode transformar qualquer mixer convencional em um sistema [&hellip;]<\/p>\n","protected":false},"featured_media":25099,"template":"","meta":{"_acf_changed":false},"product_brand":[],"product_cat":[43,41,255],"product_tag":[],"class_list":{"0":"post-25083","1":"product","2":"type-product","3":"status-publish","4":"has-post-thumbnail","6":"product_cat-dac","7":"product_cat-digital","8":"product_cat-reloop","10":"first","11":"instock","12":"sold-individually","13":"shipping-taxable","14":"purchasable","15":"product-type-simple"},"acf":[],"aioseo_notices":[],"_links":{"self":[{"href":"https:\/\/hificlub.com.br\/loja\/wp-json\/wp\/v2\/product\/25083","targetHints":{"allow":["GET"]}}],"collection":[{"href":"https:\/\/hificlub.com.br\/loja\/wp-json\/wp\/v2\/product"}],"about":[{"href":"https:\/\/hificlub.com.br\/loja\/wp-json\/wp\/v2\/types\/product"}],"wp:featuredmedia":[{"embeddable":true,"href":"https:\/\/hificlub.com.br\/loja\/wp-json\/wp\/v2\/media\/25099"}],"wp:attachment":[{"href":"https:\/\/hificlub.com.br\/loja\/wp-json\/wp\/v2\/media?parent=25083"}],"wp:term":[{"taxonomy":"product_brand","embeddable":true,"href":"https:\/\/hificlub.com.br\/loja\/wp-json\/wp\/v2\/product_brand?post=25083"},{"taxonomy":"product_cat","embeddable":true,"href":"https:\/\/hificlub.com.br\/loja\/wp-json\/wp\/v2\/product_cat?post=25083"},{"taxonomy":"product_tag","embeddable":true,"href":"https:\/\/hificlub.com.br\/loja\/wp-json\/wp\/v2\/product_tag?post=25083"}],"curies":[{"name":"wp","href":"https:\/\/api.w.org\/{rel}","templated":true}]}}