{"id":25056,"date":"2025-08-07T11:19:14","date_gmt":"2025-08-07T14:19:14","guid":{"rendered":"https:\/\/hificlub.com.br\/loja\/?post_type=product&#038;p=25056"},"modified":"2026-03-03T22:15:24","modified_gmt":"2026-03-04T01:15:24","slug":"denon-avr-x8500ha-receiver-av-8k-de-132-canais-com-heos-integrado-e-dolby-atmos-150-watts","status":"publish","type":"product","link":"https:\/\/hificlub.com.br\/loja\/produto\/denon-avr-x8500ha-receiver-av-8k-de-132-canais-com-heos-integrado-e-dolby-atmos-150-watts\/","title":{"rendered":"DENON AVR-X8500HA &#8211; Receiver AV 8K de 13,2 canais, com HEOS\u00ae integrado e Dolby Atmos, 150 Watts"},"content":{"rendered":"<p>O AVR-X8500H original da Denon foi um sucesso estrondoso entre os nossos clientes. Agora voc\u00ea pode obter um desempenho ainda melhor com o receptor de home theater da empresa. A itera\u00e7\u00e3o mais recente \u2013 o AVR-X8500HA \u2013 apresenta uma placa HDMI atualizada, al\u00e9m de suporte para a mais recente tecnologia de v\u00eddeo e som surround.<\/p>\n<p><strong>Receptor de home theater Denon AVR-X8500HA 13,2 canais<\/strong><br \/>\nUse o AVR-X8500HA como parte de um sistema de home theater de alto desempenho.<\/p>\n<p><strong>Otimizado para experi\u00eancias de \u00e1udio de alto impacto<\/strong><\/p>\n<p>Apresentando o design de amplificador de pot\u00eancia mais avan\u00e7ado e sofisticado da Denon, o AVR-X8500HA oferece desempenho de alta pot\u00eancia com 150 watts por canal (8 Ohms, 20Hz-20kHz, THD: 0,05%, acionamento por 2 canais) para garantir uma experi\u00eancia de entretenimento din\u00e2mica e precisa. Drivers de baixa imped\u00e2ncia proporcionam estabilidade operacional para uma ampla gama de alto-falantes e criam um som equilibrado e tonal.<\/p>\n<p>Aumente suas expectativas em home theater e entretenimento de \u00e1udio com o AVR-X8500HA; o primeiro receptor AV 8K de 13,2 canais do mundo.<\/p>\n<ul>\n<li>13,2 canais<\/li>\n<li>150 watts por canal<\/li>\n<li>8K Ultra HD<\/li>\n<li>\u00c1udio 3D<\/li>\n<li>HEOS integrado<\/li>\n<li>8 entradas HDMI<\/li>\n<\/ul>\n<p>&nbsp;<\/p>\n","protected":false},"excerpt":{"rendered":"<p>O AVR-X8500H original da Denon foi um sucesso estrondoso entre os nossos clientes. Agora voc\u00ea pode obter um desempenho ainda melhor com o receptor de home theater da empresa. A itera\u00e7\u00e3o mais recente \u2013 o AVR-X8500HA \u2013 apresenta uma placa HDMI atualizada, al\u00e9m de suporte para a mais recente tecnologia de v\u00eddeo e som surround. [&hellip;]<\/p>\n","protected":false},"featured_media":25059,"template":"","meta":{"_acf_changed":false},"product_brand":[],"product_cat":[150,21,22],"product_tag":[],"class_list":{"0":"post-25056","1":"product","2":"type-product","3":"status-publish","4":"has-post-thumbnail","6":"product_cat-denon","7":"product_cat-home-theater","8":"product_cat-receivers","10":"first","11":"instock","12":"sold-individually","13":"shipping-taxable","14":"purchasable","15":"product-type-simple"},"acf":[],"aioseo_notices":[],"_links":{"self":[{"href":"https:\/\/hificlub.com.br\/loja\/wp-json\/wp\/v2\/product\/25056","targetHints":{"allow":["GET"]}}],"collection":[{"href":"https:\/\/hificlub.com.br\/loja\/wp-json\/wp\/v2\/product"}],"about":[{"href":"https:\/\/hificlub.com.br\/loja\/wp-json\/wp\/v2\/types\/product"}],"wp:featuredmedia":[{"embeddable":true,"href":"https:\/\/hificlub.com.br\/loja\/wp-json\/wp\/v2\/media\/25059"}],"wp:attachment":[{"href":"https:\/\/hificlub.com.br\/loja\/wp-json\/wp\/v2\/media?parent=25056"}],"wp:term":[{"taxonomy":"product_brand","embeddable":true,"href":"https:\/\/hificlub.com.br\/loja\/wp-json\/wp\/v2\/product_brand?post=25056"},{"taxonomy":"product_cat","embeddable":true,"href":"https:\/\/hificlub.com.br\/loja\/wp-json\/wp\/v2\/product_cat?post=25056"},{"taxonomy":"product_tag","embeddable":true,"href":"https:\/\/hificlub.com.br\/loja\/wp-json\/wp\/v2\/product_tag?post=25056"}],"curies":[{"name":"wp","href":"https:\/\/api.w.org\/{rel}","templated":true}]}}