{"id":25050,"date":"2025-08-07T11:02:49","date_gmt":"2025-08-07T14:02:49","guid":{"rendered":"https:\/\/hificlub.com.br\/loja\/?post_type=product&#038;p=25050"},"modified":"2026-03-03T22:15:24","modified_gmt":"2026-03-04T01:15:24","slug":"denon-avr-x6800h-receiver-av-8k-de-114-canais-com-heos-integrado-e-dolby-atmo-140-watts","status":"publish","type":"product","link":"https:\/\/hificlub.com.br\/loja\/produto\/denon-avr-x6800h-receiver-av-8k-de-114-canais-com-heos-integrado-e-dolby-atmo-140-watts\/","title":{"rendered":"DENON AVR-X6800H &#8211; Receiver AV 8K de 11,4 canais, com HEOS\u00ae integrado e Dolby Atmo, 140 Watts"},"content":{"rendered":"<p><strong>Projetado para o\u00a0melhor\u00a0home theater<\/strong><\/p>\n<p>Projetado para salas de cinema dedicadas, o AVR-X6800H oferece o som v\u00edvido e amplo caracter\u00edstico da Denon com 11,4 canais, \u00e1udio 3D avan\u00e7ado e quatro subwoofers independentes, al\u00e9m de suporte para v\u00eddeo 8K e som HEOS para toda a casa. Desempenho de elite. Conectividade perfeita.<\/p>\n<p><strong>Artesanato intransigente, desempenho de \u00e1udio incompar\u00e1vel<\/strong><\/p>\n<p>Com 11,4 canais e 140 W por canal, o AVR-X6800H oferece som envolvente com clareza e pot\u00eancia impressionantes para filmes, m\u00fasicas e jogos.<\/p>\n<p><strong>Som HEOS\u00ae\u00a0para toda a casa<\/strong><\/p>\n<p>Conecte-se com alto-falantes, barras de som, sistemas de alta fidelidade e receptores HEOS\u00ae via Wi-Fi para \u00e1udio f\u00e1cil em toda a casa. Transmita m\u00fasicas em alta resolu\u00e7\u00e3o dos principais servi\u00e7os, compartilhe o som dos seus dispositivos conectados e controle tudo com o aplicativo ou sua voz. Reproduza m\u00fasicas diferentes em cada c\u00f4modo ou em salas de grupo para um som perfeito.<\/p>\n<p>Projetado e fabricado no Jap\u00e3o, o AVR-X6800H aciona 11,4 canais de amplifica\u00e7\u00e3o para uma experi\u00eancia aprimorada. Com Dolby Atmos e DTS:X, al\u00e9m de IMAX Enhanced e Auro 3D, o AVR-X6800H envolve espa\u00e7os maiores com \u00e1udio 3D de tirar o f\u00f4lego. Com o HEOS\u00ae integrado, transmita suas m\u00fasicas favoritas sem fio.<\/p>\n<ul>\n<li>11,4 canais<\/li>\n<li>140 W por canal<\/li>\n<li>8K Ultra HD<\/li>\n<li>\u00c1udio 3D<\/li>\n<li>HEOS\u00ae integrado<\/li>\n<li>Sete entradas HDMI<\/li>\n<\/ul>\n","protected":false},"excerpt":{"rendered":"<p>Projetado para o\u00a0melhor\u00a0home theater Projetado para salas de cinema dedicadas, o AVR-X6800H oferece o som v\u00edvido e amplo caracter\u00edstico da Denon com 11,4 canais, \u00e1udio 3D avan\u00e7ado e quatro subwoofers independentes, al\u00e9m de suporte para v\u00eddeo 8K e som HEOS para toda a casa. Desempenho de elite. Conectividade perfeita. Artesanato intransigente, desempenho de \u00e1udio incompar\u00e1vel [&hellip;]<\/p>\n","protected":false},"featured_media":25051,"template":"","meta":{"_acf_changed":false},"product_brand":[],"product_cat":[21,22],"product_tag":[],"class_list":{"0":"post-25050","1":"product","2":"type-product","3":"status-publish","4":"has-post-thumbnail","6":"product_cat-home-theater","7":"product_cat-receivers","9":"first","10":"instock","11":"sold-individually","12":"shipping-taxable","13":"purchasable","14":"product-type-simple"},"acf":[],"aioseo_notices":[],"_links":{"self":[{"href":"https:\/\/hificlub.com.br\/loja\/wp-json\/wp\/v2\/product\/25050","targetHints":{"allow":["GET"]}}],"collection":[{"href":"https:\/\/hificlub.com.br\/loja\/wp-json\/wp\/v2\/product"}],"about":[{"href":"https:\/\/hificlub.com.br\/loja\/wp-json\/wp\/v2\/types\/product"}],"wp:featuredmedia":[{"embeddable":true,"href":"https:\/\/hificlub.com.br\/loja\/wp-json\/wp\/v2\/media\/25051"}],"wp:attachment":[{"href":"https:\/\/hificlub.com.br\/loja\/wp-json\/wp\/v2\/media?parent=25050"}],"wp:term":[{"taxonomy":"product_brand","embeddable":true,"href":"https:\/\/hificlub.com.br\/loja\/wp-json\/wp\/v2\/product_brand?post=25050"},{"taxonomy":"product_cat","embeddable":true,"href":"https:\/\/hificlub.com.br\/loja\/wp-json\/wp\/v2\/product_cat?post=25050"},{"taxonomy":"product_tag","embeddable":true,"href":"https:\/\/hificlub.com.br\/loja\/wp-json\/wp\/v2\/product_tag?post=25050"}],"curies":[{"name":"wp","href":"https:\/\/api.w.org\/{rel}","templated":true}]}}