{"id":25042,"date":"2025-08-07T10:46:50","date_gmt":"2025-08-07T13:46:50","guid":{"rendered":"https:\/\/hificlub.com.br\/loja\/?post_type=product&#038;p=25042"},"modified":"2026-03-03T22:15:25","modified_gmt":"2026-03-04T01:15:25","slug":"denon-avr-x4800h-receiver-av-8k-de-94-canais-com-heos-integrado-e-dolby-atmos-125-watts","status":"publish","type":"product","link":"https:\/\/hificlub.com.br\/loja\/produto\/denon-avr-x4800h-receiver-av-8k-de-94-canais-com-heos-integrado-e-dolby-atmos-125-watts\/","title":{"rendered":"DENON AVR-X4800H &#8211; Receiver AV 8K de 9,4 canais, com HEOS\u00ae Integrado e Dolby Atmos, 125 Watts"},"content":{"rendered":"<p>Os cin\u00e9filos e os audi\u00f3filos ir\u00e3o desfrutar do que o receptor A\/V de rede de 9.4 canais AVR-X4800H da Denon tem a oferecer. O receptor \u00e9 capaz de preencher salas maiores ou home theaters dedicados com som envolvente gra\u00e7as ao suporte para som surround de 9,4 canais. Voc\u00ea tamb\u00e9m pode aproveitar o conte\u00fado IMAX, 3D e efeitos surround baseados em altura com Dolby Atmos, DTS:X e IMAX Enhanced. Com 7 entradas HDMI e 3 sa\u00eddas, voc\u00ea pode conectar uma ampla variedade de fontes e aproveitar a passagem de 8K para qualidade de imagem brilhante, al\u00e9m de som envolvente. Adicione o HEOS integrado e o X4800H pode se expandir para fora da sua sala de estar para fornecer \u00e1udio e m\u00fasica para toda a casa.<\/p>\n<p><strong>HEOS embutido<\/strong><br \/>\nSe voc\u00ea tiver alto-falantes compat\u00edveis com HEOS em sua casa, poder\u00e1 transmitir m\u00fasica on-line sem fio para qualquer um deles e controlar tudo com o aplicativo HEOS ou sua voz por meio do Google Assistant.<\/p>\n<p><strong>Jogos de \u00faltima gera\u00e7\u00e3o<\/strong><br \/>\nAo conectar um console de videogame, voc\u00ea ter\u00e1 suporte para VRR (Variable Refresh Rate), ALLM (Auto Low Latency Mode) e QFT (Quick Frame Transport). Essas tecnologias ajudam a reduzir a lat\u00eancia, acionam automaticamente o modo de jogo da sua TV e alteram automaticamente a taxa de atualiza\u00e7\u00e3o em tempo real.<\/p>\n<p><strong>Multi-Source\/Multi-Room<\/strong><br \/>\nSuportando \u00e1udio de tr\u00eas zonas, o Denon AVR-X4800H permitir\u00e1 que voc\u00ea emparelhe conjuntos adicionais de alto-falantes em outras salas. Uma sala pode reproduzir uma fonte em 5.1, enquanto as outras reproduzem em est\u00e9reo de 2 canais. Quando configurado, cada sala pode ouvir sua pr\u00f3pria fonte de \u00e1udio.<\/p>\n<p><strong>Calibra\u00e7\u00e3o da sala<\/strong><br \/>\nUsando o microfone de medi\u00e7\u00e3o Audyssey inclu\u00eddo, voc\u00ea pode calibrar com precis\u00e3o seu sistema de alto-falantes de acordo com o layout exclusivo da sua sala. Com uma futura atualiza\u00e7\u00e3o de firmware planejada e taxa separada, voc\u00ea tamb\u00e9m pode usar a calibra\u00e7\u00e3o Dirac Live.<\/p>\n<ul>\n<li>Reproduza v\u00eddeo 8K a 60 Hz ou v\u00eddeo at\u00e9 4K a 120 Hz<\/li>\n<li>125 W por canal<\/li>\n<li>Suporte a HDR, HLG, Dolby Vision, HDR10+ e Dynamic HDR<\/li>\n<li>Suporte ARC\/eARC<\/li>\n<li>Suporte para Alexa, Google Assistant e Apple Siri<\/li>\n<li>Conectividade de Internet Wi-Fi e Ethernet<\/li>\n<li>Suporte para streaming Bluetooth<\/li>\n<li>Reprodu\u00e7\u00e3o sem fio via TuneIn, Spotify Connect, Pandora e mais testado l\u00e1<\/li>\n<\/ul>\n","protected":false},"excerpt":{"rendered":"<p>Os cin\u00e9filos e os audi\u00f3filos ir\u00e3o desfrutar do que o receptor A\/V de rede de 9.4 canais AVR-X4800H da Denon tem a oferecer. O receptor \u00e9 capaz de preencher salas maiores ou home theaters dedicados com som envolvente gra\u00e7as ao suporte para som surround de 9,4 canais. Voc\u00ea tamb\u00e9m pode aproveitar o conte\u00fado IMAX, 3D [&hellip;]<\/p>\n","protected":false},"featured_media":25043,"template":"","meta":{"_acf_changed":false},"product_brand":[],"product_cat":[150,21,22],"product_tag":[],"class_list":{"0":"post-25042","1":"product","2":"type-product","3":"status-publish","4":"has-post-thumbnail","6":"product_cat-denon","7":"product_cat-home-theater","8":"product_cat-receivers","10":"first","11":"instock","12":"sold-individually","13":"shipping-taxable","14":"purchasable","15":"product-type-simple"},"acf":[],"aioseo_notices":[],"_links":{"self":[{"href":"https:\/\/hificlub.com.br\/loja\/wp-json\/wp\/v2\/product\/25042","targetHints":{"allow":["GET"]}}],"collection":[{"href":"https:\/\/hificlub.com.br\/loja\/wp-json\/wp\/v2\/product"}],"about":[{"href":"https:\/\/hificlub.com.br\/loja\/wp-json\/wp\/v2\/types\/product"}],"wp:featuredmedia":[{"embeddable":true,"href":"https:\/\/hificlub.com.br\/loja\/wp-json\/wp\/v2\/media\/25043"}],"wp:attachment":[{"href":"https:\/\/hificlub.com.br\/loja\/wp-json\/wp\/v2\/media?parent=25042"}],"wp:term":[{"taxonomy":"product_brand","embeddable":true,"href":"https:\/\/hificlub.com.br\/loja\/wp-json\/wp\/v2\/product_brand?post=25042"},{"taxonomy":"product_cat","embeddable":true,"href":"https:\/\/hificlub.com.br\/loja\/wp-json\/wp\/v2\/product_cat?post=25042"},{"taxonomy":"product_tag","embeddable":true,"href":"https:\/\/hificlub.com.br\/loja\/wp-json\/wp\/v2\/product_tag?post=25042"}],"curies":[{"name":"wp","href":"https:\/\/api.w.org\/{rel}","templated":true}]}}