{"id":25035,"date":"2025-08-07T10:37:03","date_gmt":"2025-08-07T13:37:03","guid":{"rendered":"https:\/\/hificlub.com.br\/loja\/?post_type=product&#038;p=25035"},"modified":"2026-03-03T22:15:25","modified_gmt":"2026-03-04T01:15:25","slug":"denon-avr-x3800h-receiver-av-8k-de-94-canais-com-heos-integrado-e-dolby-atmos-105-watts","status":"publish","type":"product","link":"https:\/\/hificlub.com.br\/loja\/produto\/denon-avr-x3800h-receiver-av-8k-de-94-canais-com-heos-integrado-e-dolby-atmos-105-watts\/","title":{"rendered":"DENON AVR-X3800H &#8211; Receiver AV 8K de 9,4 Canais, com HEOS\u00ae integrado e Dolby Atmos, 105 Watts"},"content":{"rendered":"<p><strong>\u00c1udio envolvente para todos os espa\u00e7os<\/strong><\/p>\n<p>Com 105 W por canal e 9,4 canais, o X3800H oferece \u00e1udio din\u00e2mico e de alta fidelidade. O controle independente do subwoofer garante graves profundos e equilibrados em todo o ambiente, proporcionando uma experi\u00eancia verdadeiramente imersiva.<\/p>\n<p><strong>Som HEOS\u00ae para toda a casa<\/strong><\/p>\n<p>Conecte-se com alto-falantes, barras de som, sistemas de alta fidelidade e receptores HEOS\u00ae via Wi-Fi para \u00e1udio f\u00e1cil em toda a casa. Transmita m\u00fasicas em alta resolu\u00e7\u00e3o dos principais servi\u00e7os, compartilhe o som dos seus dispositivos conectados e controle tudo com o aplicativo ou sua voz. Reproduza m\u00fasicas diferentes em cada c\u00f4modo ou em salas de grupo para um som perfeito.<\/p>\n<p>Com nove canais de amplifica\u00e7\u00e3o, at\u00e9 quatro subwoofers independentes, Dolby Atmos e DTS:X, al\u00e9m de IMAX Enhanced e Auro 3D, o AVR-X3800H envolve espa\u00e7os maiores com som com qualidade de cinema. Desfrute de uma incr\u00edvel qualidade de v\u00eddeo 8K e, com o HEOS\u00ae integrado, transmita e compartilhe m\u00fasicas online entre os c\u00f4modos sem fio.<\/p>\n<ul>\n<li>9,4 canais<\/li>\n<li>105 watts por canal<\/li>\n<li>8K Ultra HD<\/li>\n<li>\u00c1udio 3D<\/li>\n<li>HEOS integrado<\/li>\n<li>Dirac Live Ready<\/li>\n<\/ul>\n","protected":false},"excerpt":{"rendered":"<p>\u00c1udio envolvente para todos os espa\u00e7os Com 105 W por canal e 9,4 canais, o X3800H oferece \u00e1udio din\u00e2mico e de alta fidelidade. O controle independente do subwoofer garante graves profundos e equilibrados em todo o ambiente, proporcionando uma experi\u00eancia verdadeiramente imersiva. Som HEOS\u00ae para toda a casa Conecte-se com alto-falantes, barras de som, sistemas [&hellip;]<\/p>\n","protected":false},"featured_media":25036,"template":"","meta":{"_acf_changed":false},"product_brand":[],"product_cat":[150,21,22],"product_tag":[],"class_list":{"0":"post-25035","1":"product","2":"type-product","3":"status-publish","4":"has-post-thumbnail","6":"product_cat-denon","7":"product_cat-home-theater","8":"product_cat-receivers","10":"first","11":"instock","12":"sold-individually","13":"shipping-taxable","14":"purchasable","15":"product-type-simple"},"acf":[],"aioseo_notices":[],"_links":{"self":[{"href":"https:\/\/hificlub.com.br\/loja\/wp-json\/wp\/v2\/product\/25035","targetHints":{"allow":["GET"]}}],"collection":[{"href":"https:\/\/hificlub.com.br\/loja\/wp-json\/wp\/v2\/product"}],"about":[{"href":"https:\/\/hificlub.com.br\/loja\/wp-json\/wp\/v2\/types\/product"}],"wp:featuredmedia":[{"embeddable":true,"href":"https:\/\/hificlub.com.br\/loja\/wp-json\/wp\/v2\/media\/25036"}],"wp:attachment":[{"href":"https:\/\/hificlub.com.br\/loja\/wp-json\/wp\/v2\/media?parent=25035"}],"wp:term":[{"taxonomy":"product_brand","embeddable":true,"href":"https:\/\/hificlub.com.br\/loja\/wp-json\/wp\/v2\/product_brand?post=25035"},{"taxonomy":"product_cat","embeddable":true,"href":"https:\/\/hificlub.com.br\/loja\/wp-json\/wp\/v2\/product_cat?post=25035"},{"taxonomy":"product_tag","embeddable":true,"href":"https:\/\/hificlub.com.br\/loja\/wp-json\/wp\/v2\/product_tag?post=25035"}],"curies":[{"name":"wp","href":"https:\/\/api.w.org\/{rel}","templated":true}]}}