{"id":25028,"date":"2025-08-07T10:25:51","date_gmt":"2025-08-07T13:25:51","guid":{"rendered":"https:\/\/hificlub.com.br\/loja\/?post_type=product&#038;p=25028"},"modified":"2026-03-03T22:15:25","modified_gmt":"2026-03-04T01:15:25","slug":"denon-avr-x2800h-receptor-av-8k-de-72-canais-com-heos-integrado-e-dolby-atmos-95-watts","status":"publish","type":"product","link":"https:\/\/hificlub.com.br\/loja\/produto\/denon-avr-x2800h-receptor-av-8k-de-72-canais-com-heos-integrado-e-dolby-atmos-95-watts\/","title":{"rendered":"DENON AVR-X2800H &#8211; Receptor AV, 8K de 7,2 canais, com HEOS\u00ae integrado e Dolby Atmos, 95 Watts"},"content":{"rendered":"<p>Aumente as capacidades do seu home theater e desfrute de m\u00fasica em toda a casa com o Receptor A\/V de rede de 7.2 canais AVR-X2800H da D e n o n . Quando se trata de filmes e shows, voc\u00ea tem op\u00e7\u00f5es com o AVR-X2800H, pois suporta configura\u00e7\u00f5es de alto-falantes de 7.2 canais, bem como configura\u00e7\u00f5es imersivas de 5.2.2 canais com suporte para Dolby Atmos e DTS: X para surround baseado em altura . O receptor tamb\u00e9m oferece v\u00eddeo de alta qualidade, com suporte a v\u00eddeo de at\u00e9 8K em tr\u00eas das seis entradas HDMI e em ambas as sa\u00eddas. Adicione o HEOS integrado para \u00e1udio sem fio em qualquer sala e voc\u00ea ter\u00e1 uma pe\u00e7a central de qualidade para as op\u00e7\u00f5es de entretenimento da sua casa.<\/p>\n<ul>\n<li>Suporta \u00e1udio de 7.2 ou 5.2.2 canais<\/li>\n<li>At\u00e9 95W por canal a 8 Ohms<\/li>\n<li>V\u00eddeo HDR de at\u00e9 8K<\/li>\n<li>Use com HEOS para \u00e1udio multi-room<\/li>\n<li>Suporte para Dolby Atmos e DTS:X<\/li>\n<li>Conectividade Wi-Fi e Bluetooth<\/li>\n<li>Audyssey MultEQ Room Calibration<\/li>\n<li>Suporte para jogos de \u00faltima gera\u00e7\u00e3o<\/li>\n<li>Funciona com A i\u00a0 r P l a y 2, Siri e Alexa<\/li>\n<li>\u00c1udio multi-fonte de 2 zonas<\/li>\n<\/ul>\n<div class=\"row\">\n<div class=\"col\">\n<p class=\"short-description p-large\">Desfrute de v\u00eddeos incr\u00edveis em 8K e \u00e1udio 3D imersivo com o AVR-X2800H. Encha salas de tamanho m\u00e9dio com som mais refinado de uma configura\u00e7\u00e3o 7.2 ou 5.2.2 com Dolby Atmos e DTS:X. E com o HEOS\u00ae integrado, transmita m\u00fasicas online sem fio e compartilhe com alto-falantes compat\u00edveis com HEOS em outras salas.<\/p>\n<\/div>\n<\/div>\n<div class=\"row\">\n<div class=\"col\">\n<ul class=\"top-features row p-large\">\n<li class=\"col-6\">7.2 canais<\/li>\n<li class=\"col-6\">95 watts por canal<\/li>\n<li class=\"col-6\">8K Ultra HD<\/li>\n<li class=\"col-6\">\u00c1udio 3D<\/li>\n<li class=\"col-6\">HEOS integrado<\/li>\n<li class=\"col-6\">6 entradas HDMI<\/li>\n<\/ul>\n<\/div>\n<\/div>\n","protected":false},"excerpt":{"rendered":"<p>Aumente as capacidades do seu home theater e desfrute de m\u00fasica em toda a casa com o Receptor A\/V de rede de 7.2 canais AVR-X2800H da D e n o n . Quando se trata de filmes e shows, voc\u00ea tem op\u00e7\u00f5es com o AVR-X2800H, pois suporta configura\u00e7\u00f5es de alto-falantes de 7.2 canais, bem como [&hellip;]<\/p>\n","protected":false},"featured_media":25029,"template":"","meta":{"_acf_changed":false},"product_brand":[],"product_cat":[150,21,22],"product_tag":[],"class_list":{"0":"post-25028","1":"product","2":"type-product","3":"status-publish","4":"has-post-thumbnail","6":"product_cat-denon","7":"product_cat-home-theater","8":"product_cat-receivers","10":"first","11":"instock","12":"sold-individually","13":"shipping-taxable","14":"purchasable","15":"product-type-simple"},"acf":[],"aioseo_notices":[],"_links":{"self":[{"href":"https:\/\/hificlub.com.br\/loja\/wp-json\/wp\/v2\/product\/25028","targetHints":{"allow":["GET"]}}],"collection":[{"href":"https:\/\/hificlub.com.br\/loja\/wp-json\/wp\/v2\/product"}],"about":[{"href":"https:\/\/hificlub.com.br\/loja\/wp-json\/wp\/v2\/types\/product"}],"wp:featuredmedia":[{"embeddable":true,"href":"https:\/\/hificlub.com.br\/loja\/wp-json\/wp\/v2\/media\/25029"}],"wp:attachment":[{"href":"https:\/\/hificlub.com.br\/loja\/wp-json\/wp\/v2\/media?parent=25028"}],"wp:term":[{"taxonomy":"product_brand","embeddable":true,"href":"https:\/\/hificlub.com.br\/loja\/wp-json\/wp\/v2\/product_brand?post=25028"},{"taxonomy":"product_cat","embeddable":true,"href":"https:\/\/hificlub.com.br\/loja\/wp-json\/wp\/v2\/product_cat?post=25028"},{"taxonomy":"product_tag","embeddable":true,"href":"https:\/\/hificlub.com.br\/loja\/wp-json\/wp\/v2\/product_tag?post=25028"}],"curies":[{"name":"wp","href":"https:\/\/api.w.org\/{rel}","templated":true}]}}