{"id":25016,"date":"2025-08-06T19:46:00","date_gmt":"2025-08-06T22:46:00","guid":{"rendered":"https:\/\/hificlub.com.br\/loja\/?post_type=product&#038;p=25016"},"modified":"2025-09-24T09:03:33","modified_gmt":"2025-09-24T12:03:33","slug":"tannoy-dc8-gloss-black","status":"publish","type":"product","link":"https:\/\/hificlub.com.br\/loja\/produto\/tannoy-dc8-gloss-black\/","title":{"rendered":"TANNOY DC8 GLOSS BLACK"},"content":{"rendered":"<ul>\n<li>Monitor compacto bass-reflex de 2 vias \/ 2 alto-falantes (montados no transdutor coaxial &#8220;Dual Concentric&#8221; exclusivo da Tannoy).<\/li>\n<li>Gabinete em madeira nobre, selecionado por suas propriedades ac\u00fasticas.<\/li>\n<li>Filtro crossover com tratamento criog\u00eanico especial.<\/li>\n<li>Resposta de frequ\u00eancia de 42-35.000 Hz (pontos de corte em -6 dB).<\/li>\n<li>Sensibilidade de 88 dB\/W\/m.<\/li>\n<li>Imped\u00e2ncia nominal de 8 ohms.<\/li>\n<li>Pot\u00eancia m\u00e1xima de amplifica\u00e7\u00e3o de 87 watts RMS e 350 watts de pico.<\/li>\n<li>Dimens\u00f5es: 271 x 470 x 260 mm (L x A x P).<\/li>\n<li>Peso: 10 kg.<\/li>\n<\/ul>\n","protected":false},"excerpt":{"rendered":"<p>Monitor compacto bass-reflex de 2 vias \/ 2 alto-falantes (montados no transdutor coaxial &#8220;Dual Concentric&#8221; exclusivo da Tannoy). Gabinete em madeira nobre, selecionado por suas propriedades ac\u00fasticas. Filtro crossover com tratamento criog\u00eanico especial. Resposta de frequ\u00eancia de 42-35.000 Hz (pontos de corte em -6 dB). Sensibilidade de 88 dB\/W\/m. Imped\u00e2ncia nominal de 8 ohms. Pot\u00eancia [&hellip;]<\/p>\n","protected":false},"featured_media":25018,"template":"","meta":{"_acf_changed":false},"product_brand":[],"product_cat":[25,17,84],"product_tag":[],"class_list":{"0":"post-25016","1":"product","2":"type-product","3":"status-publish","4":"has-post-thumbnail","6":"product_cat-bookshelf","7":"product_cat-caixas","8":"product_cat-tannoy","10":"first","11":"instock","12":"shipping-taxable","13":"purchasable","14":"product-type-simple"},"acf":[],"aioseo_notices":[],"_links":{"self":[{"href":"https:\/\/hificlub.com.br\/loja\/wp-json\/wp\/v2\/product\/25016","targetHints":{"allow":["GET"]}}],"collection":[{"href":"https:\/\/hificlub.com.br\/loja\/wp-json\/wp\/v2\/product"}],"about":[{"href":"https:\/\/hificlub.com.br\/loja\/wp-json\/wp\/v2\/types\/product"}],"wp:featuredmedia":[{"embeddable":true,"href":"https:\/\/hificlub.com.br\/loja\/wp-json\/wp\/v2\/media\/25018"}],"wp:attachment":[{"href":"https:\/\/hificlub.com.br\/loja\/wp-json\/wp\/v2\/media?parent=25016"}],"wp:term":[{"taxonomy":"product_brand","embeddable":true,"href":"https:\/\/hificlub.com.br\/loja\/wp-json\/wp\/v2\/product_brand?post=25016"},{"taxonomy":"product_cat","embeddable":true,"href":"https:\/\/hificlub.com.br\/loja\/wp-json\/wp\/v2\/product_cat?post=25016"},{"taxonomy":"product_tag","embeddable":true,"href":"https:\/\/hificlub.com.br\/loja\/wp-json\/wp\/v2\/product_tag?post=25016"}],"curies":[{"name":"wp","href":"https:\/\/api.w.org\/{rel}","templated":true}]}}