{"id":25008,"date":"2025-08-06T18:24:14","date_gmt":"2025-08-06T21:24:14","guid":{"rendered":"https:\/\/hificlub.com.br\/loja\/?post_type=product&#038;p=25008"},"modified":"2026-03-03T22:15:25","modified_gmt":"2026-03-04T01:15:25","slug":"denon-avr-s970h-receiver-av-8k-72-canais-com-heos-integrado-dolby-atmos-90-watts","status":"publish","type":"product","link":"https:\/\/hificlub.com.br\/loja\/produto\/denon-avr-s970h-receiver-av-8k-72-canais-com-heos-integrado-dolby-atmos-90-watts\/","title":{"rendered":"DENON AVR-S970H &#8211; Receiver AV, 8K, 7,2 canais, com HEOS\u00ae integrado, Dolby Atmos, 90 Watts"},"content":{"rendered":"<div class=\"title-text\">\n<p class=\"headline2\"><strong>Totalmente envolvente\u00a0e desenvolvido para flexibilidade<\/strong><\/p>\n<\/div>\n<p class=\"paragraph-text p-large\">O receptor AV AVR-S970H de 7.2 canais oferece \u00e1udio 3D imersivo, imagens 4K e 8K brilhantes e a flexibilidade de configura\u00e7\u00e3o para est\u00e9reo, surround ou configura\u00e7\u00f5es imersivas com ajuste de altura. Com suporte para Dolby Atmos, DTS:X e a mais recente tecnologia HDMI, ele eleva tudo, desde noites de cinema a dias de jogos. O HEOS\u00ae permite que voc\u00ea curta seu conte\u00fado de \u00e1udio favorito em dispositivos compat\u00edveis em toda a sua casa.<\/p>\n<div>\n<div class=\"feature-title d-none d-md-block\">\n<p class=\"text-left pt-4 pb-0\"><strong>Traga o melhor do seu entretenimento<\/strong><\/p>\n<\/div>\n<div class=\"pdp-animated-feature\">\n<div id=\"feature-description-0\" class=\"collapse show\" aria-labelledby=\"feature-0\" data-parent=\"#animated-feature-accordion\">\n<p class=\"p-large\">Sinta-se como se estivesse dentro de cada momento com o \u00e1udio 3D imersivo do Dolby Atmos e DTS:X. Configure um sistema 5.2.2 completo para obter verdadeiros efeitos de overhead ou desfrute da imers\u00e3o virtual com o Dolby Atmos Height Virtualization e o DTS Virtual:X, mesmo sem caixas ac\u00fasticas de altura. Conte\u00fado legado tamb\u00e9m recebe uma grande atualiza\u00e7\u00e3o com o Dolby Surround e a mixagem DTS Neural:X.<\/p>\n<div class=\"animated-item\" data-scroll-reveal=\"fade up fast each\">\n<div class=\"title-text\">\n<p class=\"headline2\"><strong>Som HEOS\u00ae\u00a0para toda a casa<\/strong><\/p>\n<\/div>\n<\/div>\n<div class=\"animated-item\" data-scroll-reveal=\"fade up fast each\">\n<div class=\"paragraph-text p-large\">\n<p>Conecte-se com alto-falantes, barras de som, sistemas de alta fidelidade e receptores HEOS\u00ae via Wi-Fi para \u00e1udio f\u00e1cil em toda a casa. Transmita m\u00fasicas em alta resolu\u00e7\u00e3o dos principais servi\u00e7os, compartilhe o som dos seus dispositivos conectados e controle tudo com o aplicativo ou sua voz. Reproduza m\u00fasicas diferentes em cada c\u00f4modo ou em salas de grupo para um som perfeito.<\/p>\n<\/div>\n<\/div>\n<\/div>\n<\/div>\n<\/div>\n<div class=\"row\">\n<div class=\"col\">\n<p class=\"short-description p-large\">Desfrute de v\u00eddeos incr\u00edveis em 8K e \u00e1udio 3D envolvente com o AVR-S970H. Encha salas de tamanho m\u00e9dio com som mais refinado de uma configura\u00e7\u00e3o 7.2 ou 5.2.2 com Dolby Atmos e DTS:X. E com o HEOS\u00ae integrado, transmita m\u00fasicas online sem fio e compartilhe com alto-falantes compat\u00edveis com HEOS em outras salas.<\/p>\n<\/div>\n<\/div>\n<div class=\"row\">\n<div class=\"col\">\n<ul class=\"top-features row p-large\">\n<li class=\"col-6\">7.2 canais<\/li>\n<li class=\"col-6\">90 watts por canal<\/li>\n<li class=\"col-6\">8K Ultra HD<\/li>\n<li class=\"col-6\">\u00c1udio 3D<\/li>\n<li class=\"col-6\">HEOS integrado<\/li>\n<li class=\"col-6\">6 entradas HDMI<\/li>\n<\/ul>\n<p>&nbsp;<\/p>\n<\/div>\n<\/div>\n","protected":false},"excerpt":{"rendered":"<p>Totalmente envolvente\u00a0e desenvolvido para flexibilidade O receptor AV AVR-S970H de 7.2 canais oferece \u00e1udio 3D imersivo, imagens 4K e 8K brilhantes e a flexibilidade de configura\u00e7\u00e3o para est\u00e9reo, surround ou configura\u00e7\u00f5es imersivas com ajuste de altura. Com suporte para Dolby Atmos, DTS:X e a mais recente tecnologia HDMI, ele eleva tudo, desde noites de cinema [&hellip;]<\/p>\n","protected":false},"featured_media":25009,"template":"","meta":{"_acf_changed":false},"product_brand":[],"product_cat":[150,21,22],"product_tag":[],"class_list":{"0":"post-25008","1":"product","2":"type-product","3":"status-publish","4":"has-post-thumbnail","6":"product_cat-denon","7":"product_cat-home-theater","8":"product_cat-receivers","10":"first","11":"instock","12":"sold-individually","13":"shipping-taxable","14":"purchasable","15":"product-type-simple"},"acf":[],"aioseo_notices":[],"_links":{"self":[{"href":"https:\/\/hificlub.com.br\/loja\/wp-json\/wp\/v2\/product\/25008","targetHints":{"allow":["GET"]}}],"collection":[{"href":"https:\/\/hificlub.com.br\/loja\/wp-json\/wp\/v2\/product"}],"about":[{"href":"https:\/\/hificlub.com.br\/loja\/wp-json\/wp\/v2\/types\/product"}],"wp:featuredmedia":[{"embeddable":true,"href":"https:\/\/hificlub.com.br\/loja\/wp-json\/wp\/v2\/media\/25009"}],"wp:attachment":[{"href":"https:\/\/hificlub.com.br\/loja\/wp-json\/wp\/v2\/media?parent=25008"}],"wp:term":[{"taxonomy":"product_brand","embeddable":true,"href":"https:\/\/hificlub.com.br\/loja\/wp-json\/wp\/v2\/product_brand?post=25008"},{"taxonomy":"product_cat","embeddable":true,"href":"https:\/\/hificlub.com.br\/loja\/wp-json\/wp\/v2\/product_cat?post=25008"},{"taxonomy":"product_tag","embeddable":true,"href":"https:\/\/hificlub.com.br\/loja\/wp-json\/wp\/v2\/product_tag?post=25008"}],"curies":[{"name":"wp","href":"https:\/\/api.w.org\/{rel}","templated":true}]}}