{"id":24992,"date":"2025-08-06T17:48:29","date_gmt":"2025-08-06T20:48:29","guid":{"rendered":"https:\/\/hificlub.com.br\/loja\/?post_type=product&#038;p=24992"},"modified":"2026-03-03T22:15:26","modified_gmt":"2026-03-04T01:15:26","slug":"denon-avr-s670h-receiver-av-8k-52-canais-com-heos-integrado-dolby-atmos-75-watts","status":"publish","type":"product","link":"https:\/\/hificlub.com.br\/loja\/produto\/denon-avr-s670h-receiver-av-8k-52-canais-com-heos-integrado-dolby-atmos-75-watts\/","title":{"rendered":"DENON AVR-S670H &#8211; Receiver AV, 8k, 5,2 Canais, com Heos\u00ae Integrado, Dolby Atmos, 75 Watts"},"content":{"rendered":"<div class=\"row\">\n<div class=\"col\">\n<div class=\"title-text\">\n<p class=\"headline2\"><strong>O ponto de partida para\u00a0um som impressionante<\/strong><\/p>\n<\/div>\n<p class=\"paragraph-text p-large\">D\u00ea vida ao seu entretenimento com o potente som Denon, visuais impressionantes em 4K e 8K e som surround imersivo \u2014 perfeito para noites de cinema, sess\u00f5es de m\u00fasica e jogos fluidos e sem atrasos. Transmita m\u00fasica sem fio e desfrute do desempenho que voc\u00ea espera, tudo em um design elegante que se adapta ao seu espa\u00e7o<\/p>\n<p class=\"short-description p-large\">O AVR-S670H possui incr\u00edveis v\u00eddeos em 8K, som surround de alta defini\u00e7\u00e3o, decodificadores Dolby TrueHD e DTS HD Master Audio. Al\u00e9m disso, com o HEOS\u00ae integrado, voc\u00ea pode transmitir e compartilhar m\u00fasicas com caixas de som sem fio Denon Home em outros c\u00f4modos. Este \u00e9 o cora\u00e7\u00e3o do seu home theater.<\/p>\n<\/div>\n<\/div>\n<div class=\"row\">\n<div class=\"col\">\n<ul class=\"top-features row p-large\">\n<li class=\"col-6\">5.2 Canais<\/li>\n<li class=\"col-6\">Som surround de alta defini\u00e7\u00e3o<\/li>\n<li class=\"col-6\">8K HDMI<\/li>\n<li class=\"col-6\">HEOS\u00ae integrado<\/li>\n<li class=\"col-6\">Wi-Fi e Bluetooth<\/li>\n<li class=\"col-6\">Corre\u00e7\u00e3o de sala Audyssey<\/li>\n<\/ul>\n<div class=\"animated-item\" data-scroll-reveal=\"fade up fast each\">\n<div class=\"title-text\">\n<p class=\"headline2\"><strong>Som HEOS\u00ae\u00a0para toda a casa<\/strong><\/p>\n<\/div>\n<\/div>\n<div class=\"animated-item\" data-scroll-reveal=\"fade up fast each\">\n<div class=\"paragraph-text p-large\">\n<p>Conecte-se com alto-falantes, barras de som, sistemas de alta fidelidade e receptores HEOS\u00ae via Wi-Fi para \u00e1udio f\u00e1cil em toda a casa. Transmita m\u00fasicas em alta resolu\u00e7\u00e3o dos principais servi\u00e7os, compartilhe o som dos seus dispositivos conectados e controle tudo com o aplicativo ou sua voz. Reproduza m\u00fasicas diferentes em cada c\u00f4modo ou em salas de grupo para um som perfeito.<\/p>\n<\/div>\n<\/div>\n<\/div>\n<\/div>\n","protected":false},"excerpt":{"rendered":"<p>O ponto de partida para\u00a0um som impressionante D\u00ea vida ao seu entretenimento com o potente som Denon, visuais impressionantes em 4K e 8K e som surround imersivo \u2014 perfeito para noites de cinema, sess\u00f5es de m\u00fasica e jogos fluidos e sem atrasos. Transmita m\u00fasica sem fio e desfrute do desempenho que voc\u00ea espera, tudo em [&hellip;]<\/p>\n","protected":false},"featured_media":24993,"template":"","meta":{"_acf_changed":false},"product_brand":[],"product_cat":[150,21,22],"product_tag":[],"class_list":{"0":"post-24992","1":"product","2":"type-product","3":"status-publish","4":"has-post-thumbnail","6":"product_cat-denon","7":"product_cat-home-theater","8":"product_cat-receivers","10":"first","11":"instock","12":"sold-individually","13":"shipping-taxable","14":"purchasable","15":"product-type-simple"},"acf":[],"aioseo_notices":[],"_links":{"self":[{"href":"https:\/\/hificlub.com.br\/loja\/wp-json\/wp\/v2\/product\/24992","targetHints":{"allow":["GET"]}}],"collection":[{"href":"https:\/\/hificlub.com.br\/loja\/wp-json\/wp\/v2\/product"}],"about":[{"href":"https:\/\/hificlub.com.br\/loja\/wp-json\/wp\/v2\/types\/product"}],"wp:featuredmedia":[{"embeddable":true,"href":"https:\/\/hificlub.com.br\/loja\/wp-json\/wp\/v2\/media\/24993"}],"wp:attachment":[{"href":"https:\/\/hificlub.com.br\/loja\/wp-json\/wp\/v2\/media?parent=24992"}],"wp:term":[{"taxonomy":"product_brand","embeddable":true,"href":"https:\/\/hificlub.com.br\/loja\/wp-json\/wp\/v2\/product_brand?post=24992"},{"taxonomy":"product_cat","embeddable":true,"href":"https:\/\/hificlub.com.br\/loja\/wp-json\/wp\/v2\/product_cat?post=24992"},{"taxonomy":"product_tag","embeddable":true,"href":"https:\/\/hificlub.com.br\/loja\/wp-json\/wp\/v2\/product_tag?post=24992"}],"curies":[{"name":"wp","href":"https:\/\/api.w.org\/{rel}","templated":true}]}}