{"id":24955,"date":"2025-08-06T11:06:40","date_gmt":"2025-08-06T14:06:40","guid":{"rendered":"https:\/\/hificlub.com.br\/loja\/?post_type=product&#038;p=24955"},"modified":"2026-03-03T22:15:26","modified_gmt":"2026-03-04T01:15:26","slug":"reloop-ready-controlador-dj-compacto-de-2-decks-projetado-para-serato-dj-lite-incluido-e-djay-pro","status":"publish","type":"product","link":"https:\/\/hificlub.com.br\/loja\/produto\/reloop-ready-controlador-dj-compacto-de-2-decks-projetado-para-serato-dj-lite-incluido-e-djay-pro\/","title":{"rendered":"RELOOP Ready &#8211; Controlador Dj Compacto de 2 Decks Projetado para Serato Dj Lite (Inclu\u00eddo) e Djay Pro"},"content":{"rendered":"<p><strong>Reloop Ready<\/strong><\/p>\n<ul>\n<li>Controlador DJ compacto de 2 decks projetado para Serato DJ Lite (inclu\u00eddo) e djay Pro<\/li>\n<li>Perfeito para prepara\u00e7\u00e3o port\u00e1til: fica nivelado em um laptop de 13&#8221;<\/li>\n<li>16 grandes pads de desempenho RGB personaliz\u00e1veis de borracha<\/li>\n<li>9 modos de desempenho: hot cue, loop autom\u00e1tico, loop manual, sampler, pitch play\u00b9 \u00b3, loop roll\u00b9, controle de grade de batida\u00b9, modo de usu\u00e1rio\u00b9 e modo de banco de scratch<\/li>\n<li>Crossfader de trilho duplo de 45 mm e faders de canal<\/li>\n<li>Se\u00e7\u00e3o completa de transporte e acesso r\u00e1pido ao modo de desempenho<\/li>\n<li>Fun\u00e7\u00e3o de sincroniza\u00e7\u00e3o dedicada para combinar o andamento e a tonalidade<\/li>\n<li>Rodas de jog sens\u00edveis ao toque para mixagem e scratch precisos<\/li>\n<li>Quick-skip: pesquisa r\u00e1pida dentro de uma faixa<\/li>\n<li>Faders de pitch de alta resolu\u00e7\u00e3o para ajustes finos de BPM<\/li>\n<li>Controle de ganho para cada canal<\/li>\n<li>Equalizadores altos e baixos para ajustar bandas de frequ\u00eancia<\/li>\n<li>Filtros de som bipolares (LPF\/HPF)<\/li>\n<li>Se\u00e7\u00e3o de efeitos avan\u00e7ada com bot\u00f5es de altern\u00e2ncia de efeitos, controles de n\u00edvel wet\/dry, codificadores de batidas FX, controles de sele\u00e7\u00e3o FX, fun\u00e7\u00f5es de toque de BPM manual e at\u00e9 3 efeitos por unidade FX<\/li>\n<li>Codificadores de loop dedicados para comprimento e ativa\u00e7\u00e3o<\/li>\n<li>Controles de navega\u00e7\u00e3o da biblioteca para navega\u00e7\u00e3o r\u00e1pida e carregamento de trilhas<\/li>\n<li>Bot\u00f5es Shift para fun\u00e7\u00f5es de segunda camada<\/li>\n<li>Bot\u00f5es de altern\u00e2ncia de bloqueio de tecla para preservar a tonalidade de uma faixa ao alterar o tom<\/li>\n<li>Bot\u00e3o de vinil para alternar o jog wheel entre o modo vinil e o modo pitch bend<\/li>\n<li>Bot\u00f5es de par\u00e2metros de camada dupla para controle de software adicional\u00b9<\/li>\n<li>Bot\u00e3o de sincroniza\u00e7\u00e3o de teclas para combinar instantaneamente as teclas das faixas\u00b3<\/li>\n<li>Bot\u00e3o deslizante para ativar e desativar o modo deslizante\u00b9<\/li>\n<li>Fun\u00e7\u00e3o de censura para reprodu\u00e7\u00e3o instant\u00e2nea de faixas reversas<\/li>\n<li>Controles de trilha dedicados &#8221;Ir para o in\u00edcio&#8221;<\/li>\n<li>Modo de usu\u00e1rio para possibilidades de mapeamento personalizado\u00b9<\/li>\n<li>Interface de \u00e1udio USB integrada: conecte diretamente alto-falantes ativos e fones de ouvido para come\u00e7ar a mixar a partir de sua biblioteca de m\u00fasicas ou servi\u00e7os de streaming\u00b2<\/li>\n<li>Misture milh\u00f5es de faixas instantaneamente com servi\u00e7os de streaming populares\u00b2 como Tidal, SoundCloud, Beatport e Beatsource<\/li>\n<li>Controle de volume mestre e sa\u00edda RCA<\/li>\n<li>Se\u00e7\u00e3o de sinal para fones de ouvido com controles de volume e mixagem de sinal (conex\u00e3o de conector de 3,5 mm)<\/li>\n<li>Projetado e desenvolvido em conjunto com a Serato para integra\u00e7\u00e3o de software com conectividade plug-and-play com o Serato DJ Lite, atualiz\u00e1vel para o Serato DJ Pro<\/li>\n<li>Carca\u00e7a robusta e design compacto para portabilidade e ocupa pouco espa\u00e7o<\/li>\n<li>Design alimentado por barramento USB: n\u00e3o \u00e9 necess\u00e1ria nenhuma fonte de alimenta\u00e7\u00e3o adicional quando conectado ao seu laptop<\/li>\n<li>Suporte a dispositivos h\u00edbridos: pode ser conectado a computadores, tablets ou smartphones<\/li>\n<li>Plug-and-play com os aplicativos Algoriddim djay Pro no iOS e iPadOS\u2074<\/li>\n<li>Op\u00e7\u00f5es flex\u00edveis de alimenta\u00e7\u00e3o no modo iOS: conecte uma fonte de alimenta\u00e7\u00e3o USB comum ou um carregador port\u00e1til (fonte de alimenta\u00e7\u00e3o USB opcional dispon\u00edvel como acess\u00f3rio)<\/li>\n<li>Inclui cabo USB, cabo RCA e manual de instru\u00e7\u00f5es<\/li>\n<li>\u00b9 Requer a vers\u00e3o Serato DJ Pro.<\/li>\n<li>\u00b2 \u00c9 necess\u00e1ria uma conex\u00e3o com a internet e uma assinatura separada do Tidal, Beatport, Beatsource ou SoundCloud para usar este servi\u00e7o. Visite www.serato.com para mais informa\u00e7\u00f5es.<\/li>\n<li>\u00b3 O pacote de expans\u00e3o Pitch&#8217;n&#8217;Time \u00e9 necess\u00e1rio.<\/li>\n<li>\u2074 Algoriddim djay Pro est\u00e1 dispon\u00edvel na App Store.<\/li>\n<\/ul>\n","protected":false},"excerpt":{"rendered":"<p>Reloop Ready Controlador DJ compacto de 2 decks projetado para Serato DJ Lite (inclu\u00eddo) e djay Pro Perfeito para prepara\u00e7\u00e3o port\u00e1til: fica nivelado em um laptop de 13&#8221; 16 grandes pads de desempenho RGB personaliz\u00e1veis de borracha 9 modos de desempenho: hot cue, loop autom\u00e1tico, loop manual, sampler, pitch play\u00b9 \u00b3, loop roll\u00b9, controle de [&hellip;]<\/p>\n","protected":false},"featured_media":24968,"template":"","meta":{"_acf_changed":false},"product_brand":[],"product_cat":[41,318],"product_tag":[],"class_list":{"0":"post-24955","1":"product","2":"type-product","3":"status-publish","4":"has-post-thumbnail","6":"product_cat-digital","7":"product_cat-mixer","9":"first","10":"instock","11":"sold-individually","12":"shipping-taxable","13":"purchasable","14":"product-type-simple"},"acf":[],"aioseo_notices":[],"_links":{"self":[{"href":"https:\/\/hificlub.com.br\/loja\/wp-json\/wp\/v2\/product\/24955","targetHints":{"allow":["GET"]}}],"collection":[{"href":"https:\/\/hificlub.com.br\/loja\/wp-json\/wp\/v2\/product"}],"about":[{"href":"https:\/\/hificlub.com.br\/loja\/wp-json\/wp\/v2\/types\/product"}],"wp:featuredmedia":[{"embeddable":true,"href":"https:\/\/hificlub.com.br\/loja\/wp-json\/wp\/v2\/media\/24968"}],"wp:attachment":[{"href":"https:\/\/hificlub.com.br\/loja\/wp-json\/wp\/v2\/media?parent=24955"}],"wp:term":[{"taxonomy":"product_brand","embeddable":true,"href":"https:\/\/hificlub.com.br\/loja\/wp-json\/wp\/v2\/product_brand?post=24955"},{"taxonomy":"product_cat","embeddable":true,"href":"https:\/\/hificlub.com.br\/loja\/wp-json\/wp\/v2\/product_cat?post=24955"},{"taxonomy":"product_tag","embeddable":true,"href":"https:\/\/hificlub.com.br\/loja\/wp-json\/wp\/v2\/product_tag?post=24955"}],"curies":[{"name":"wp","href":"https:\/\/api.w.org\/{rel}","templated":true}]}}