{"id":24952,"date":"2025-08-06T10:41:35","date_gmt":"2025-08-06T13:41:35","guid":{"rendered":"https:\/\/hificlub.com.br\/loja\/?post_type=product&#038;p=24952"},"modified":"2026-03-03T22:15:26","modified_gmt":"2026-03-04T01:15:26","slug":"reloop-buddy-controlador-de-dj-compacto-2-canais","status":"publish","type":"product","link":"https:\/\/hificlub.com.br\/loja\/produto\/reloop-buddy-controlador-de-dj-compacto-2-canais\/","title":{"rendered":"RELOOP Buddy &#8211; Controlador DJ compacto de 2 decks para iOS, iPadOS, Android, Mac e PC"},"content":{"rendered":"<p><strong>Reloop Buddy<\/strong><\/p>\n<ul>\n<li>Controlador DJ compacto de 2 decks para iOS, iPadOS, Android, Mac e PC<\/li>\n<li>8 pads de performance codificados por cores RGB para cada deck<\/li>\n<li>Controles Neural Mix\u2122 abrangentes (modo pad\/EQ) para isolar batidas, instrumentos e vocais de qualquer m\u00fasica<\/li>\n<li>8 modos de desempenho: hot cue, auto loop, touch FX, sampler, slicer, bounce loop, Neural Mix\u2122, looper<\/li>\n<li>Se\u00e7\u00e3o completa de transporte e acesso r\u00e1pido ao modo de desempenho<\/li>\n<li>Fun\u00e7\u00e3o de sincroniza\u00e7\u00e3o dedicada para combinar o andamento e a tonalidade<\/li>\n<li>Rodas de jog responsivas para mixagem precisa e scratching preciso<\/li>\n<li>Quick-skip: pesquisa r\u00e1pida dentro de uma faixa<\/li>\n<li>Faders de pitch de alta resolu\u00e7\u00e3o para ajustes precisos de BPM<\/li>\n<li>Equalizadores altos e baixos para ajustar as bandas de frequ\u00eancia<\/li>\n<li>Filtros de som bipolares (LPF\/HPF)<\/li>\n<li>Se\u00e7\u00e3o de efeitos com bot\u00f5es FX (mantenha pressionado e segure)<\/li>\n<li>Codificadores de loop dedicados (comprimento de loop e ativa\u00e7\u00e3o liga\/desliga)<\/li>\n<li>Controles de navega\u00e7\u00e3o da biblioteca para navega\u00e7\u00e3o e carregamento de trilhas confort\u00e1veis<\/li>\n<li>Bot\u00f5es Shift para fun\u00e7\u00f5es de segunda camada<\/li>\n<li>Interface de \u00e1udio USB integrada: conecte diretamente alto-falantes ativos e fones de ouvido e comece a mixar a partir de sua biblioteca de m\u00fasicas ou servi\u00e7os de streaming\u00b9<\/li>\n<li>Controle de volume mestre e sa\u00edda RCA<\/li>\n<li>Se\u00e7\u00e3o de sinal de fone de ouvido com controles de sinal, mixagem e volume (conex\u00e3o de conector de 3,5 mm)<\/li>\n<li>Slot integrado para smartphones e tablets de nova gera\u00e7\u00e3o de at\u00e9 12,9&#8221;<\/li>\n<li>Conex\u00e3o simples de dispositivos iOS \/ iPadOS \/ Android via porta USB-A dedicada<\/li>\n<li>Projetado e desenvolvido com Algoriddim para integra\u00e7\u00e3o perfeita com o premiado aplicativo djay Pro<\/li>\n<li>Conecte e use com djay Pro em todas as plataformas dispon\u00edveis na App Store, Google PlayStore<\/li>\n<li>Misture milh\u00f5es de faixas instantaneamente com o djay Pro e servi\u00e7os de streaming populares\u00b9, incluindo Apple Music, Tidal, SoundCloud, Beatport e Beatsource<\/li>\n<li>Carca\u00e7a robusta e design compacto para portabilidade e ocupa pouco espa\u00e7o<\/li>\n<li>Op\u00e7\u00f5es de alimenta\u00e7\u00e3o flex\u00edveis: conecte uma fonte de alimenta\u00e7\u00e3o USB comum, um carregador port\u00e1til ou um laptop (fonte de alimenta\u00e7\u00e3o USB opcional dispon\u00edvel como acess\u00f3rio)<\/li>\n<li>Inclui cabo USB, cabo RCA e manual de instru\u00e7\u00f5es<\/li>\n<li>\u00b9 \u00c9 necess\u00e1ria uma conex\u00e3o com a internet e uma assinatura separada do Apple Music, Tidal, Beatport, Beatsource ou SoundCloud para usar este servi\u00e7o. Visite www.algoriddim.com para mais informa\u00e7\u00f5es.<\/li>\n<\/ul>\n<p>&nbsp;<\/p>\n","protected":false},"excerpt":{"rendered":"<p>Reloop Buddy Controlador DJ compacto de 2 decks para iOS, iPadOS, Android, Mac e PC 8 pads de performance codificados por cores RGB para cada deck Controles Neural Mix\u2122 abrangentes (modo pad\/EQ) para isolar batidas, instrumentos e vocais de qualquer m\u00fasica 8 modos de desempenho: hot cue, auto loop, touch FX, sampler, slicer, bounce loop, [&hellip;]<\/p>\n","protected":false},"featured_media":24953,"template":"","meta":{"_acf_changed":false},"product_brand":[],"product_cat":[41,318,255],"product_tag":[],"class_list":{"0":"post-24952","1":"product","2":"type-product","3":"status-publish","4":"has-post-thumbnail","6":"product_cat-digital","7":"product_cat-mixer","8":"product_cat-reloop","10":"first","11":"instock","12":"sold-individually","13":"shipping-taxable","14":"purchasable","15":"product-type-simple"},"acf":[],"aioseo_notices":[],"_links":{"self":[{"href":"https:\/\/hificlub.com.br\/loja\/wp-json\/wp\/v2\/product\/24952","targetHints":{"allow":["GET"]}}],"collection":[{"href":"https:\/\/hificlub.com.br\/loja\/wp-json\/wp\/v2\/product"}],"about":[{"href":"https:\/\/hificlub.com.br\/loja\/wp-json\/wp\/v2\/types\/product"}],"wp:featuredmedia":[{"embeddable":true,"href":"https:\/\/hificlub.com.br\/loja\/wp-json\/wp\/v2\/media\/24953"}],"wp:attachment":[{"href":"https:\/\/hificlub.com.br\/loja\/wp-json\/wp\/v2\/media?parent=24952"}],"wp:term":[{"taxonomy":"product_brand","embeddable":true,"href":"https:\/\/hificlub.com.br\/loja\/wp-json\/wp\/v2\/product_brand?post=24952"},{"taxonomy":"product_cat","embeddable":true,"href":"https:\/\/hificlub.com.br\/loja\/wp-json\/wp\/v2\/product_cat?post=24952"},{"taxonomy":"product_tag","embeddable":true,"href":"https:\/\/hificlub.com.br\/loja\/wp-json\/wp\/v2\/product_tag?post=24952"}],"curies":[{"name":"wp","href":"https:\/\/api.w.org\/{rel}","templated":true}]}}