{"id":24909,"date":"2025-08-05T10:27:38","date_gmt":"2025-08-05T13:27:38","guid":{"rendered":"https:\/\/hificlub.com.br\/loja\/?post_type=product&#038;p=24909"},"modified":"2026-03-03T22:15:26","modified_gmt":"2026-03-04T01:15:26","slug":"reloop-rmx30-bt-mixer-dj-bluetooth-de-3-canais","status":"publish","type":"product","link":"https:\/\/hificlub.com.br\/loja\/produto\/reloop-rmx30-bt-mixer-dj-bluetooth-de-3-canais\/","title":{"rendered":"RELOOP RMX30 BT &#8211; Mixer DJ Bluetooth de 3 canais"},"content":{"rendered":"<p class=\"heading\"><strong>Mixer de DJ completo<\/strong><\/p>\n<p class=\"content\">O Reloop RMX-30 BT \u00e9 o mixer de DJ vers\u00e1til ideal para uso dom\u00e9stico e pequenos eventos. Combinando recursos avan\u00e7ados com constru\u00e7\u00e3o robusta, este mixer \u00e9 perfeito tanto para iniciantes quanto para DJs experientes que buscam flexibilidade e conectividade.<\/p>\n<p class=\"heading\"><strong>Conectividade Bluetooth integrada<\/strong><\/p>\n<p class=\"content\">A conveni\u00eancia do streaming de m\u00fasica sem fio com a funcionalidade Bluetooth integrada do RMX-30 BT permite transmitir suas faixas favoritas diretamente do seu smartphone ou tablet e roteamento Bluetooth flex\u00edvel para o Canal 1 ou Canal 2. Esse recurso aprimora a configura\u00e7\u00e3o ao integrar perfeitamente a fonte de m\u00fasica digital sem a necessidade de cabos adicionais com sua configura\u00e7\u00e3o de DJ anal\u00f3gica.<\/p>\n<p class=\"heading\"><strong>Amplas op\u00e7\u00f5es de conectividade<\/strong><\/p>\n<p class=\"content\">Projetado para acomodar uma ampla gama de fontes de \u00e1udio, o RMX-30 BT oferece ampla conectividade com 8 entradas e 4 sa\u00eddas. Cada canal inclui equalizador de 3 bandas e controle de ganho, proporcionando controle de frequ\u00eancia sobre o som. O mixer tamb\u00e9m possui um canal de microfone dedicado com equalizador de 2 bandas e controle de ganho, bem como uma entrada de microfone de 6,3 mm e controle de volume dedicado para f\u00e1cil integra\u00e7\u00e3o vocal.<\/p>\n<p class=\"heading\"><strong>Recursos essenciais de mixagem<\/strong><\/p>\n<p class=\"content\">Crie transi\u00e7\u00f5es suaves e mixagens din\u00e2micas com o crossfader substitu\u00edvel de 45 mm e tr\u00eas faders de linha de opera\u00e7\u00e3o suave. O mixer tamb\u00e9m possui uma sa\u00edda para fones de ouvido de 6,3 mm com controle de volume e fun\u00e7\u00e3o cue mix. A sa\u00edda principal oferece conex\u00f5es balanceadas (XLR) e n\u00e3o balanceadas (RCA), garantindo compatibilidade com uma ampla gama de sistemas de som. Al\u00e9m disso, medidores de n\u00edvel de LED no sinal principal ajudam a monitorar os n\u00edveis para um desempenho ideal.<\/p>\n<p class=\"heading\"><strong>Constru\u00e7\u00e3o confi\u00e1vel para DJs dom\u00e9sticos<\/strong><\/p>\n<p class=\"content\">O RMX-30 BT possui uma estrutura met\u00e1lica dur\u00e1vel com acabamento met\u00e1lico preto profundo. Sendo um mixer vers\u00e1til e acess\u00edvel, \u00e9 a escolha ideal para DJs iniciantes que desejam se aventurar no mundo da mixagem.<\/p>\n","protected":false},"excerpt":{"rendered":"<p>Mixer de DJ completo O Reloop RMX-30 BT \u00e9 o mixer de DJ vers\u00e1til ideal para uso dom\u00e9stico e pequenos eventos. Combinando recursos avan\u00e7ados com constru\u00e7\u00e3o robusta, este mixer \u00e9 perfeito tanto para iniciantes quanto para DJs experientes que buscam flexibilidade e conectividade. Conectividade Bluetooth integrada A conveni\u00eancia do streaming de m\u00fasica sem fio com [&hellip;]<\/p>\n","protected":false},"featured_media":24917,"template":"","meta":{"_acf_changed":false},"product_brand":[],"product_cat":[41,318,255],"product_tag":[],"class_list":{"0":"post-24909","1":"product","2":"type-product","3":"status-publish","4":"has-post-thumbnail","6":"product_cat-digital","7":"product_cat-mixer","8":"product_cat-reloop","10":"first","11":"instock","12":"sold-individually","13":"shipping-taxable","14":"purchasable","15":"product-type-simple"},"acf":[],"aioseo_notices":[],"_links":{"self":[{"href":"https:\/\/hificlub.com.br\/loja\/wp-json\/wp\/v2\/product\/24909","targetHints":{"allow":["GET"]}}],"collection":[{"href":"https:\/\/hificlub.com.br\/loja\/wp-json\/wp\/v2\/product"}],"about":[{"href":"https:\/\/hificlub.com.br\/loja\/wp-json\/wp\/v2\/types\/product"}],"wp:featuredmedia":[{"embeddable":true,"href":"https:\/\/hificlub.com.br\/loja\/wp-json\/wp\/v2\/media\/24917"}],"wp:attachment":[{"href":"https:\/\/hificlub.com.br\/loja\/wp-json\/wp\/v2\/media?parent=24909"}],"wp:term":[{"taxonomy":"product_brand","embeddable":true,"href":"https:\/\/hificlub.com.br\/loja\/wp-json\/wp\/v2\/product_brand?post=24909"},{"taxonomy":"product_cat","embeddable":true,"href":"https:\/\/hificlub.com.br\/loja\/wp-json\/wp\/v2\/product_cat?post=24909"},{"taxonomy":"product_tag","embeddable":true,"href":"https:\/\/hificlub.com.br\/loja\/wp-json\/wp\/v2\/product_tag?post=24909"}],"curies":[{"name":"wp","href":"https:\/\/api.w.org\/{rel}","templated":true}]}}