{"id":24905,"date":"2025-08-05T10:18:05","date_gmt":"2025-08-05T13:18:05","guid":{"rendered":"https:\/\/hificlub.com.br\/loja\/?post_type=product&#038;p=24905"},"modified":"2026-03-03T22:15:27","modified_gmt":"2026-03-04T01:15:27","slug":"reloop-rmx44-bt-mixer-de-dj-club-bluetooth-4-canais","status":"publish","type":"product","link":"https:\/\/hificlub.com.br\/loja\/produto\/reloop-rmx44-bt-mixer-de-dj-club-bluetooth-4-canais\/","title":{"rendered":"RELOOP RMX44 BT &#8211; Mixer de DJ Club, Bluetooth, 4 canais"},"content":{"rendered":"<p class=\"heading\"><strong>Multifuncional<\/strong><\/p>\n<p class=\"content\">O Reloop RMX-44 BT \u00e9 um mixer de DJ club Bluetooth de 4 canais com design cl\u00e1ssico, incluindo uma entrada Bluetooth com fun\u00e7\u00e3o cue, que oferece in\u00fameras possibilidades de aplica\u00e7\u00e3o. O layout intuitivo do mixer Club garante uma vis\u00e3o geral simples e permite que artistas experientes se familiarizem imediatamente.<\/p>\n<p class=\"heading\"><strong>Usabilidade flex\u00edvel<\/strong><\/p>\n<p class=\"content\">Com 9 entradas e 4 sa\u00eddas, al\u00e9m de um equalizador de 3 bandas e uma unidade de filtro bipolar por canal, o RMX-44 BT n\u00e3o \u00e9 apenas um mixer de DJ completo, mas gra\u00e7as \u00e0 compatibilidade com Bluetooth e \u00e0 se\u00e7\u00e3o de microfone equalizador de 2 bandas com fun\u00e7\u00e3o talk-over, tamb\u00e9m \u00e9 ideal para bares, DJs m\u00f3veis e instala\u00e7\u00f5es dom\u00e9sticas.<\/p>\n<p class=\"heading\"><strong>Conectividade Universal<\/strong><\/p>\n<p class=\"content\">Gra\u00e7as \u00e0 entrada Bluetooth Smart Connectivity, smartphones, laptops, iPads e outros dispositivos podem ser conectados de forma r\u00e1pida e f\u00e1cil. Em combina\u00e7\u00e3o com suas in\u00fameras outras possibilidades de conex\u00e3o, o RMX-44 BT est\u00e1 \u00e0 altura de qualquer desafio e se adapta perfeitamente a qualquer aplica\u00e7\u00e3o.<\/p>\n<p class=\"heading\"><strong>Mixagem de frequ\u00eancias na arquitetura sonora digital<\/strong><\/p>\n<p class=\"content\">Para mixagens de frequ\u00eancia criativas, o RMX-44 BT oferece filtros de som bipolares dedicados por canal, permitindo um desvanecimento suave nas frequ\u00eancias baixa e alta. A arquitetura de som totalmente digital aprimora seu som, deixando-o claro e impactante em qualquer situa\u00e7\u00e3o.<\/p>\n<p class=\"heading\"><strong>Design de alta qualidade<\/strong><\/p>\n<p class=\"content\">A constru\u00e7\u00e3o robusta em metal e a superf\u00edcie resistente a arranh\u00f5es com acabamento met\u00e1lico preto profundo tornam o RMX-44 BT extremamente dur\u00e1vel, mesmo com uso e transporte frequentes. A fabrica\u00e7\u00e3o atende aos mais altos padr\u00f5es de qualidade da ind\u00fastria e \u00e9 visual e t\u00e1til particularmente atraente. Al\u00e9m disso, o design elegante e atemporal combina perfeitamente com qualquer configura\u00e7\u00e3o de DJ.<\/p>\n<p><strong>RMX-44 BT<\/strong><\/p>\n<div class=\"product-data\">\n<ul class=\"features\">\n<li>Entrada Bluetooth de conectividade inteligente com fun\u00e7\u00e3o Cue<\/li>\n<li>Filtro de cor sonora bipolar com LPF e HPF<\/li>\n<li>Arquitetura totalmente digital para um som excepcional<\/li>\n<\/ul>\n<\/div>\n","protected":false},"excerpt":{"rendered":"<p>Multifuncional O Reloop RMX-44 BT \u00e9 um mixer de DJ club Bluetooth de 4 canais com design cl\u00e1ssico, incluindo uma entrada Bluetooth com fun\u00e7\u00e3o cue, que oferece in\u00fameras possibilidades de aplica\u00e7\u00e3o. O layout intuitivo do mixer Club garante uma vis\u00e3o geral simples e permite que artistas experientes se familiarizem imediatamente. Usabilidade flex\u00edvel Com 9 entradas [&hellip;]<\/p>\n","protected":false},"featured_media":24906,"template":"","meta":{"_acf_changed":false},"product_brand":[],"product_cat":[41,318,255],"product_tag":[],"class_list":{"0":"post-24905","1":"product","2":"type-product","3":"status-publish","4":"has-post-thumbnail","6":"product_cat-digital","7":"product_cat-mixer","8":"product_cat-reloop","10":"first","11":"instock","12":"sold-individually","13":"shipping-taxable","14":"purchasable","15":"product-type-simple"},"acf":[],"aioseo_notices":[],"_links":{"self":[{"href":"https:\/\/hificlub.com.br\/loja\/wp-json\/wp\/v2\/product\/24905","targetHints":{"allow":["GET"]}}],"collection":[{"href":"https:\/\/hificlub.com.br\/loja\/wp-json\/wp\/v2\/product"}],"about":[{"href":"https:\/\/hificlub.com.br\/loja\/wp-json\/wp\/v2\/types\/product"}],"wp:featuredmedia":[{"embeddable":true,"href":"https:\/\/hificlub.com.br\/loja\/wp-json\/wp\/v2\/media\/24906"}],"wp:attachment":[{"href":"https:\/\/hificlub.com.br\/loja\/wp-json\/wp\/v2\/media?parent=24905"}],"wp:term":[{"taxonomy":"product_brand","embeddable":true,"href":"https:\/\/hificlub.com.br\/loja\/wp-json\/wp\/v2\/product_brand?post=24905"},{"taxonomy":"product_cat","embeddable":true,"href":"https:\/\/hificlub.com.br\/loja\/wp-json\/wp\/v2\/product_cat?post=24905"},{"taxonomy":"product_tag","embeddable":true,"href":"https:\/\/hificlub.com.br\/loja\/wp-json\/wp\/v2\/product_tag?post=24905"}],"curies":[{"name":"wp","href":"https:\/\/api.w.org\/{rel}","templated":true}]}}