{"id":24895,"date":"2025-08-05T10:02:39","date_gmt":"2025-08-05T13:02:39","guid":{"rendered":"https:\/\/hificlub.com.br\/loja\/?post_type=product&#038;p=24895"},"modified":"2026-03-12T11:42:38","modified_gmt":"2026-03-12T14:42:38","slug":"reloop-rmx95","status":"publish","type":"product","link":"https:\/\/hificlub.com.br\/loja\/produto\/reloop-rmx95\/","title":{"rendered":"RELOOP RMX95 &#8211; Mixer Digital Club com 24-BIT, Dual Interface"},"content":{"rendered":"<p class=\"heading\"><strong>Padr\u00e3o redefinido<\/strong><\/p>\n<p class=\"content\">O mixer profissional RMX-95 de 4+1 canais para clubes esbate os limites entre o fluxo de trabalho anal\u00f3gico e a tecnologia digital. O RMX-95 \u00e9 uma ferramenta criativa de ponta e extraordinariamente vers\u00e1til, gra\u00e7as \u00e0 sua interface USB 2.0 dupla, se\u00e7\u00e3o de efeitos redesenhada, mapeamento MIDI opcional de todos os controles e integra\u00e7\u00e3o suave com o software djay Pro DJ. O mixer para clubes possui uma interface familiar e intuitiva, tornando-o adequado tanto para DJs profissionais quanto amadores.<\/p>\n<p class=\"heading\"><strong>Conex\u00f5es em abund\u00e2ncia<\/strong><\/p>\n<p class=\"content\">O RMX-95 tamb\u00e9m se destaca em termos de conectividade: quatro entradas de CD, duas de linha e duas phono est\u00e3o dispon\u00edveis nos quatro canais de entrada. O canal de microfone separado possui duas conex\u00f5es de microfone (1 x jack, 1 x jack combinado\/XLR) e uma entrada AUX adicional. A sa\u00edda master oferece conex\u00f5es de cabo RCA ou XLR balanceadas. A sa\u00edda de cabine possui duas conex\u00f5es jack para opera\u00e7\u00e3o est\u00e9reo. No entanto, tamb\u00e9m pode ser usada em modo mono. Um dispositivo de grava\u00e7\u00e3o pode ser conectado \u00e0 sa\u00edda Rec via jacks RCA para gravar sets de DJ \u2013 independentemente do n\u00edvel de sa\u00edda master. Por fim, mas n\u00e3o menos importante, o mixer de DJ possui dois jacks para fones de ouvido.<\/p>\n<p class=\"heading\"><strong>M\u00e1xima flexibilidade: interface de \u00e1udio USB dupla<\/strong><\/p>\n<p class=\"content\">A qualidade de som superior de 24 bits \u00e9 proporcionada pelas dez entradas e sa\u00eddas da interface dupla USB 2.0 de alta qualidade. As duas portas USB permitem transi\u00e7\u00f5es suaves entre DJs e m\u00e1xima flexibilidade ao usar diferentes configura\u00e7\u00f5es em uma \u00fanica noite de clube. Al\u00e9m disso, o hub USB ativo permite a conex\u00e3o de dispositivos USB adicionais.<\/p>\n<p class=\"heading\"><strong>Arquitetura totalmente digital<\/strong><\/p>\n<p class=\"content\">A arquitetura digital do RMX-95 transforma o mixer de DJ em um controlador MIDI mape\u00e1vel individualmente. Al\u00e9m disso, o menu de configura\u00e7\u00e3o oferece uma variedade de op\u00e7\u00f5es personaliz\u00e1veis, como faixa de frequ\u00eancia do equalizador, modo de equaliza\u00e7\u00e3o Neural Mix\u2122, roteamento da interface de \u00e1udio e roteamento de zona para a sa\u00edda da cabine.<\/p>\n<p class=\"content text-center\"><img decoding=\"async\" class=\"img-responsive\" src=\"https:\/\/www.reloop.com\/media\/wysiwyg\/reloop\/products\/rmx95\/neural_mix_logo.png\" alt=\"Mistura Neural\u2122\" \/><\/p>\n<p class=\"heading\"><strong>Habilitado para DVS para djay Pro e Neural Mix\u2122<\/strong><\/p>\n<p class=\"content\">O RMX-95 funciona com o Algoriddim djay Pro via plug and play. A inovadora fun\u00e7\u00e3o Neural Mix\u2122 do aplicativo para DJ permite isolar batidas, melodias e vocais na mixagem em tempo real. O RMX-95 suporta a integra\u00e7\u00e3o DVS avan\u00e7ada do djay Pro com Mac, PC, iPhone e iPad. O software para DJ tamb\u00e9m \u00e9 compat\u00edvel com servi\u00e7os de streaming\u00b9 como Apple Music, Tidal, SoundCloud, Beatport e Beatsource.<\/p>\n<p class=\"heading\"><strong>Design indestrut\u00edvel<\/strong><\/p>\n<p class=\"content\">A superf\u00edcie met\u00e1lica preta e elegante do mixer n\u00e3o \u00e9 apenas atraente, mas tamb\u00e9m altamente dur\u00e1vel. A carca\u00e7a de metal s\u00f3lido e os eixos de metal resistentes em todos os potenci\u00f4metros e interruptores integrados garantem uma longa vida \u00fatil, mesmo com uso intenso da casa noturna.<\/p>\n<p><strong>RMX-95<\/strong><\/p>\n<div class=\"product-data\">\n<ul class=\"features\">\n<li>Mixer DJ Club de alto desempenho com som premium<\/li>\n<li>Interface de \u00e1udio USB dupla de 24 bits com 10 entradas\/sa\u00eddas e hub USB<\/li>\n<li>Efeitos de batida e filtros de som com controle de frequ\u00eancia e resson\u00e2ncia<\/li>\n<\/ul>\n<\/div>\n<p>&nbsp;<\/p>\n","protected":false},"excerpt":{"rendered":"<p>Padr\u00e3o redefinido O mixer profissional RMX-95 de 4+1 canais para clubes esbate os limites entre o fluxo de trabalho anal\u00f3gico e a tecnologia digital. O RMX-95 \u00e9 uma ferramenta criativa de ponta e extraordinariamente vers\u00e1til, gra\u00e7as \u00e0 sua interface USB 2.0 dupla, se\u00e7\u00e3o de efeitos redesenhada, mapeamento MIDI opcional de todos os controles e integra\u00e7\u00e3o [&hellip;]<\/p>\n","protected":false},"featured_media":24896,"template":"","meta":{"_acf_changed":false},"product_brand":[],"product_cat":[41,318,255],"product_tag":[],"class_list":{"0":"post-24895","1":"product","2":"type-product","3":"status-publish","4":"has-post-thumbnail","6":"product_cat-digital","7":"product_cat-mixer","8":"product_cat-reloop","10":"first","11":"instock","12":"sold-individually","13":"shipping-taxable","14":"purchasable","15":"product-type-simple"},"acf":[],"aioseo_notices":[],"_links":{"self":[{"href":"https:\/\/hificlub.com.br\/loja\/wp-json\/wp\/v2\/product\/24895","targetHints":{"allow":["GET"]}}],"collection":[{"href":"https:\/\/hificlub.com.br\/loja\/wp-json\/wp\/v2\/product"}],"about":[{"href":"https:\/\/hificlub.com.br\/loja\/wp-json\/wp\/v2\/types\/product"}],"wp:featuredmedia":[{"embeddable":true,"href":"https:\/\/hificlub.com.br\/loja\/wp-json\/wp\/v2\/media\/24896"}],"wp:attachment":[{"href":"https:\/\/hificlub.com.br\/loja\/wp-json\/wp\/v2\/media?parent=24895"}],"wp:term":[{"taxonomy":"product_brand","embeddable":true,"href":"https:\/\/hificlub.com.br\/loja\/wp-json\/wp\/v2\/product_brand?post=24895"},{"taxonomy":"product_cat","embeddable":true,"href":"https:\/\/hificlub.com.br\/loja\/wp-json\/wp\/v2\/product_cat?post=24895"},{"taxonomy":"product_tag","embeddable":true,"href":"https:\/\/hificlub.com.br\/loja\/wp-json\/wp\/v2\/product_tag?post=24895"}],"curies":[{"name":"wp","href":"https:\/\/api.w.org\/{rel}","templated":true}]}}