{"id":24840,"date":"2025-08-04T09:58:48","date_gmt":"2025-08-04T12:58:48","guid":{"rendered":"https:\/\/hificlub.com.br\/loja\/?post_type=product&#038;p=24840"},"modified":"2025-08-04T10:06:30","modified_gmt":"2025-08-04T13:06:30","slug":"nakamichi-st-7-sintonizador-fm-mw","status":"publish","type":"product","link":"https:\/\/hificlub.com.br\/loja\/produto\/nakamichi-st-7-sintonizador-fm-mw\/","title":{"rendered":"NAKAMICHI ST-7 &#8211; AM-FM Stereo Tuner"},"content":{"rendered":"<p>O Nakamichi ST-7 \u00e9 um sintonizador digital com a mais recente tecnologia Schotz Noise Reduction.<\/p>\n<p>Este sistema revolucion\u00e1rio melhora a sensibilidade est\u00e9reo efetiva em cerca de 9 dB e permite que voc\u00ea desfrute de est\u00e9reo limpo em transmiss\u00f5es que antes s\u00f3 podiam ser recebidas em mono.<\/p>\n<p>Outros recursos incluem busca e sintonia manual, bem como 16 predefini\u00e7\u00f5es de FM\/AM que podem ser programadas aleatoriamente, combinando conveni\u00eancia com capacidade de alto n\u00edvel.<\/p>\n<p><b><span>Caracter\u00edsticas especiais<\/span><\/b><\/p>\n<ul>\n<li><span>Exibi\u00e7\u00e3o de intensidade do sinal comut\u00e1vel para exibi\u00e7\u00e3o de recep\u00e7\u00e3o multicaminho<\/span><\/li>\n<li><span>Sensibilidade de pesquisa comut\u00e1vel<\/span><\/li>\n<li><span>Supress\u00e3o de ru\u00eddo Schotz<\/span><\/li>\n<\/ul>\n","protected":false},"excerpt":{"rendered":"<p>O Nakamichi ST-7 \u00e9 um sintonizador digital com a mais recente tecnologia Schotz Noise Reduction. Este sistema revolucion\u00e1rio melhora a sensibilidade est\u00e9reo efetiva em cerca de 9 dB e permite que voc\u00ea desfrute de est\u00e9reo limpo em transmiss\u00f5es que antes s\u00f3 podiam ser recebidas em mono. Outros recursos incluem busca e sintonia manual, bem como [&hellip;]<\/p>\n","protected":false},"featured_media":24841,"template":"","meta":{"_acf_changed":false},"product_brand":[],"product_cat":[316,315],"product_tag":[],"class_list":{"0":"post-24840","1":"product","2":"type-product","3":"status-publish","4":"has-post-thumbnail","6":"product_cat-nakamichi","7":"product_cat-sintonizador","9":"first","10":"instock","11":"sold-individually","12":"shipping-taxable","13":"purchasable","14":"product-type-simple"},"acf":[],"aioseo_notices":[],"_links":{"self":[{"href":"https:\/\/hificlub.com.br\/loja\/wp-json\/wp\/v2\/product\/24840","targetHints":{"allow":["GET"]}}],"collection":[{"href":"https:\/\/hificlub.com.br\/loja\/wp-json\/wp\/v2\/product"}],"about":[{"href":"https:\/\/hificlub.com.br\/loja\/wp-json\/wp\/v2\/types\/product"}],"wp:featuredmedia":[{"embeddable":true,"href":"https:\/\/hificlub.com.br\/loja\/wp-json\/wp\/v2\/media\/24841"}],"wp:attachment":[{"href":"https:\/\/hificlub.com.br\/loja\/wp-json\/wp\/v2\/media?parent=24840"}],"wp:term":[{"taxonomy":"product_brand","embeddable":true,"href":"https:\/\/hificlub.com.br\/loja\/wp-json\/wp\/v2\/product_brand?post=24840"},{"taxonomy":"product_cat","embeddable":true,"href":"https:\/\/hificlub.com.br\/loja\/wp-json\/wp\/v2\/product_cat?post=24840"},{"taxonomy":"product_tag","embeddable":true,"href":"https:\/\/hificlub.com.br\/loja\/wp-json\/wp\/v2\/product_tag?post=24840"}],"curies":[{"name":"wp","href":"https:\/\/api.w.org\/{rel}","templated":true}]}}