{"id":24806,"date":"2025-08-02T11:50:46","date_gmt":"2025-08-02T14:50:46","guid":{"rendered":"https:\/\/hificlub.com.br\/loja\/?post_type=product&#038;p=24806"},"modified":"2026-04-22T04:15:18","modified_gmt":"2026-04-22T07:15:18","slug":"audeze-deckard-amplificador-para-headphone-com-dac","status":"publish","type":"product","link":"https:\/\/hificlub.com.br\/loja\/produto\/audeze-deckard-amplificador-para-headphone-com-dac\/","title":{"rendered":"AUDEZE DECKARD  Amplificador para Headphone Class A com USB DAC"},"content":{"rendered":"<p>Se a m\u00fasica \u00e9 uma parte importante da sua vida, merece ouvir a verdadeira m\u00fasica. O Deckard \u00e9 uma pot\u00eancia de um amplificador de auscultadores combinado com um DAC de elevado desempenho. Existe um controlo de volume no painel frontal e interruptores para escolher o ganho e a entrada, pelo que pode utilizar o Deckard como um excelente pr\u00e9-amplificador de n\u00edvel de linha para alimentar todo o seu sistema de secret\u00e1ria. O som \u00e9 empolgante e din\u00e2mico, com cores tonais lindamente reproduzidas que d\u00e3o vida \u00e0 m\u00fasica.<\/p>\n<p>A sec\u00e7\u00e3o DAC tem especifica\u00e7\u00f5es impressionantes e lida com taxas de amostragem de 16 a 32 bits e 44,1 kHz a 384 kHz. O Deckard possui um est\u00e1gio de sa\u00edda de classe A de termina\u00e7\u00e3o \u00fanica com boas caracter\u00edsticas de amortecimento para controlar os graves fortes e afinados. As suas capacidades de manuseamento de pot\u00eancia em imped\u00e2ncias mais baixas s\u00e3o ideais para auscultadores magn\u00e9ticos planares, mas conduz qualquer auscultador com pot\u00eancia de sobra<\/p>\n<p><strong>Concebido e Fabricado a M\u00e3o<\/strong><\/p>\n<p>O estilo e a qualidade de constru\u00e7\u00e3o s\u00e3o simplesmente extraordin\u00e1rios, o acabamento em alum\u00ednio escovado e o peso do Deckard s\u00e3o substanciais. O Deckard tem defini\u00e7\u00f5es de entrada e ganho com um controlo de volume de rota\u00e7\u00e3o suave e emite 4 W de som de distor\u00e7\u00e3o incrivelmente baixa para mais ar, separa\u00e7\u00e3o e capacidade de encena\u00e7\u00e3o sonora.<\/p>\n<p><strong>Design industrial de vanguarda da equipa do i8 da BMW<\/strong><\/p>\n<p>N\u00e3o s\u00f3 ficar\u00e1 orgulhoso do som do Deckard, como tamb\u00e9m ter\u00e1 um aspeto impressionante no ambiente de trabalho, com dissipadores de calor maquinados em cada lado. O nosso parceiro estrat\u00e9gico Designworks, uma subsidi\u00e1ria do grupo BMW, forneceu o design industrial para o Deckard. A Audeze combinou os seus designs de ponta com as nossas pr\u00f3prias tecnologias de circuitos para criar um amplificador de auscultadores com um som surpreendentemente preciso.<\/p>\n<p>&nbsp;<\/p>\n<p>&nbsp;<\/p>\n<p><img loading=\"lazy\" decoding=\"async\" class=\"alignnone wp-image-21134 \" title=\"https:\/\/the-ear.net\/review-hardware\/audeze-deckard-headphone-ampdac\/\" src=\"https:\/\/hificlub.com.br\/loja\/wp-content\/uploads\/2025\/04\/Awards-EAR.jfif\" alt=\"\" width=\"194\" height=\"111\" \/>\u00a0 <a href=\"https:\/\/www.cnet.com\/tech\/mobile\/a-desktop-audio-system-to-die-for\/\" target=\"_blank\" rel=\"noopener\"><img loading=\"lazy\" decoding=\"async\" class=\"alignnone wp-image-24811 \" src=\"https:\/\/hificlub.com.br\/loja\/wp-content\/uploads\/2025\/08\/Cnet-award.jpg\" alt=\"\" width=\"403\" height=\"106\" srcset=\"https:\/\/hificlub.com.br\/loja\/wp-content\/uploads\/2025\/08\/Cnet-award.jpg 388w, https:\/\/hificlub.com.br\/loja\/wp-content\/uploads\/2025\/08\/Cnet-award-300x79.jpg 300w\" sizes=\"auto, (max-width: 403px) 100vw, 403px\" \/><\/a><\/p>\n","protected":false},"excerpt":{"rendered":"<p>Se a m\u00fasica \u00e9 uma parte importante da sua vida, merece ouvir a verdadeira m\u00fasica. O Deckard \u00e9 uma pot\u00eancia de um amplificador de auscultadores combinado com um DAC de elevado desempenho. Existe um controlo de volume no painel frontal e interruptores para escolher o ganho e a entrada, pelo que pode utilizar o Deckard [&hellip;]<\/p>\n","protected":false},"featured_media":24807,"template":"","meta":{"_acf_changed":false},"product_brand":[],"product_cat":[246,107],"product_tag":[],"class_list":{"0":"post-24806","1":"product","2":"type-product","3":"status-publish","4":"has-post-thumbnail","6":"product_cat-audeze","7":"product_cat-fones-de-ouvido","9":"first","10":"instock","11":"sold-individually","12":"shipping-taxable","13":"purchasable","14":"product-type-simple"},"acf":[],"aioseo_notices":[],"_links":{"self":[{"href":"https:\/\/hificlub.com.br\/loja\/wp-json\/wp\/v2\/product\/24806","targetHints":{"allow":["GET"]}}],"collection":[{"href":"https:\/\/hificlub.com.br\/loja\/wp-json\/wp\/v2\/product"}],"about":[{"href":"https:\/\/hificlub.com.br\/loja\/wp-json\/wp\/v2\/types\/product"}],"wp:featuredmedia":[{"embeddable":true,"href":"https:\/\/hificlub.com.br\/loja\/wp-json\/wp\/v2\/media\/24807"}],"wp:attachment":[{"href":"https:\/\/hificlub.com.br\/loja\/wp-json\/wp\/v2\/media?parent=24806"}],"wp:term":[{"taxonomy":"product_brand","embeddable":true,"href":"https:\/\/hificlub.com.br\/loja\/wp-json\/wp\/v2\/product_brand?post=24806"},{"taxonomy":"product_cat","embeddable":true,"href":"https:\/\/hificlub.com.br\/loja\/wp-json\/wp\/v2\/product_cat?post=24806"},{"taxonomy":"product_tag","embeddable":true,"href":"https:\/\/hificlub.com.br\/loja\/wp-json\/wp\/v2\/product_tag?post=24806"}],"curies":[{"name":"wp","href":"https:\/\/api.w.org\/{rel}","templated":true}]}}