{"id":24775,"date":"2025-08-01T11:18:26","date_gmt":"2025-08-01T14:18:26","guid":{"rendered":"https:\/\/hificlub.com.br\/loja\/?post_type=product&#038;p=24775"},"modified":"2026-03-03T22:15:28","modified_gmt":"2026-03-04T01:15:28","slug":"reloop-spin-toca-discos-portatil-com-transmissao-bluetooth","status":"publish","type":"product","link":"https:\/\/hificlub.com.br\/loja\/produto\/reloop-spin-toca-discos-portatil-com-transmissao-bluetooth\/","title":{"rendered":"RELOOP SPIN &#8211; Toca-Discos Port\u00e1til com Transmiss\u00e3o Bluetooth"},"content":{"rendered":"<p><strong>O melhor toca-discos port\u00e1til.<\/strong><\/p>\n<p>O Reloop SPIN \u00e9 um toca-discos port\u00e1til que garante divers\u00e3o m\u00f3vel em qualquer lugar! O toca-discos vem com tudo o que voc\u00ea precisa e \u00e9 especialmente otimizado para scratch e cutting.<\/p>\n<p><strong>Transmiss\u00e3o Bluetooth da sua m\u00fasica<\/strong><\/p>\n<p>A tecnologia Bluetooth Audio Streaming permite a transmiss\u00e3o sem fio de m\u00fasica ou batidas via SPIN \u2013 dessa forma, o toca-discos se torna um alto-falante para seu smartphone.<\/p>\n<p><strong>Incluindo vinil riscado de 7&#8221;<\/strong><\/p>\n<p>O SPIN vem com um slipmat de 7&#8221; e um vinil scratch exclusivo de 7&#8221; contendo samples e batidas de scratch especialmente masterizados para iniciantes e artistas de scratch experientes.<\/p>\n<p><strong>Op\u00e7\u00f5es de energia flex\u00edveis<\/strong><\/p>\n<p>Curta seus discos na estrada: o SPIN \u00e9 extremamente port\u00e1til, n\u00e3o apenas devido ao seu formato compacto, mas tamb\u00e9m \u00e0s suas op\u00e7\u00f5es flex\u00edveis de alimenta\u00e7\u00e3o. Pode ser usado com uma fonte de alimenta\u00e7\u00e3o USB comum (5 V, 2 A), um carregador port\u00e1til USB ou pilhas recarreg\u00e1veis*. As pilhas podem ser inseridas no compartimento inferior e s\u00e3o vendidas separadamente. Um LED de energia mant\u00e9m voc\u00ea informado sobre o status operacional do toca-discos. A capa protetora contra poeira protege o toca-discos e, gra\u00e7as \u00e0 al\u00e7a, o SPIN pode ser transportado como uma mala. P\u00e9s de borracha antiderrapantes garantem estabilidade.<\/p>\n<p>*A fonte de alimenta\u00e7\u00e3o USB, as pilhas ou o carregador port\u00e1til n\u00e3o est\u00e3o inclu\u00eddos.<\/p>\n<p><strong>Excelente para arranh\u00f5es e cortes m\u00f3veis<\/strong><\/p>\n<p>Atrav\u00e9s do interruptor no painel superior do toca-discos, voc\u00ea pode selecionar entre 3 velocidades (33 1\/3, 45 e 78 rpm), abrangendo todas as velocidades dispon\u00edveis. O bra\u00e7o reto oferece maior estabilidade e pode ser fixado na posi\u00e7\u00e3o com uma trava de transporte. A c\u00e1psula pr\u00e9-instalada possui excelentes recursos de rastreamento e mant\u00e9m o sulco firme, mesmo ao realizar scratches r\u00e1pidos.<\/p>\n<p><strong>Crossfader de 45 mm pr\u00e9-instalado<\/strong><\/p>\n<p>O preciso crossfader de 45 mm possui um formato \u00fanico e, gra\u00e7as \u00e0 tecnologia de dois trilhos, \u00e9 especialmente robusto. Al\u00e9m disso, \u00e9 poss\u00edvel instalar o crossfader em qualquer um dos lados do prato \u2013 basta selecionar a posi\u00e7\u00e3o desejada.<\/p>\n<p><strong>Controles abrangentes e possibilidades de ajuste<\/strong><\/p>\n<p>No painel superior, voc\u00ea encontra um bot\u00e3o start\/stop, bem como um controle de pitch com alcance de +\/-20% para ajuste preciso. Um controle de tom pode ser usado para adaptar o som dos graves \u00e0s suas necessidades. O volume da entrada AUX e da sa\u00edda master\/fones de ouvido pode ser ajustado por meio de dois controles separados. H\u00e1 tamb\u00e9m um adaptador de 7&#8221; para discos com um furo central grande.<\/p>\n<p><strong>Aplicativo exclusivo Super SPIN Duck Looper<\/strong><\/p>\n<p>Com qualquer SPIN comprado, o DJ Babu e o Beat Junkies Institute of Sound adicionam uma c\u00f3pia gratuita do\u00a0aplicativo SUPER SPIN Duck Looper\u00a0, que pode ser usado idealmente como uma batida de apoio durante scratches e cortes.<\/p>\n<p><strong>Reloop SPIN &#8211; Conecte atrav\u00e9s do vinil.<\/strong><\/p>\n<p>Por meio da combina\u00e7\u00e3o de toca-discos e mixer, bem como da alta conectividade, o SPIN \u00e9 ideal para amantes de vinil, bem como para artistas de scratch e aspirantes a DJs.<\/p>\n<p><strong>SPIN<\/strong><\/p>\n<ul>\n<li>Toca-discos port\u00e1til para amantes de vinil e artistas de scratch<\/li>\n<li>Transmiss\u00e3o Bluetooth, possibilidades de conex\u00e3o vers\u00e1teis e opera\u00e7\u00e3o com bateria opcional<\/li>\n<li>Vem com vinil antirrisco de 7&#8221;, crossfader de 45 mm, c\u00e1psula e alto-falante integrado<\/li>\n<\/ul>\n","protected":false},"excerpt":{"rendered":"<p>O melhor toca-discos port\u00e1til. O Reloop SPIN \u00e9 um toca-discos port\u00e1til que garante divers\u00e3o m\u00f3vel em qualquer lugar! O toca-discos vem com tudo o que voc\u00ea precisa e \u00e9 especialmente otimizado para scratch e cutting. Transmiss\u00e3o Bluetooth da sua m\u00fasica A tecnologia Bluetooth Audio Streaming permite a transmiss\u00e3o sem fio de m\u00fasica ou batidas via [&hellip;]<\/p>\n","protected":false},"featured_media":24776,"template":"","meta":{"_acf_changed":false},"product_brand":[],"product_cat":[78,255,98],"product_tag":[],"class_list":{"0":"post-24775","1":"product","2":"type-product","3":"status-publish","4":"has-post-thumbnail","6":"product_cat-analogico-audio","7":"product_cat-reloop","8":"product_cat-toca-discos","10":"first","11":"instock","12":"sold-individually","13":"shipping-taxable","14":"purchasable","15":"product-type-simple"},"acf":[],"aioseo_notices":[],"_links":{"self":[{"href":"https:\/\/hificlub.com.br\/loja\/wp-json\/wp\/v2\/product\/24775","targetHints":{"allow":["GET"]}}],"collection":[{"href":"https:\/\/hificlub.com.br\/loja\/wp-json\/wp\/v2\/product"}],"about":[{"href":"https:\/\/hificlub.com.br\/loja\/wp-json\/wp\/v2\/types\/product"}],"wp:featuredmedia":[{"embeddable":true,"href":"https:\/\/hificlub.com.br\/loja\/wp-json\/wp\/v2\/media\/24776"}],"wp:attachment":[{"href":"https:\/\/hificlub.com.br\/loja\/wp-json\/wp\/v2\/media?parent=24775"}],"wp:term":[{"taxonomy":"product_brand","embeddable":true,"href":"https:\/\/hificlub.com.br\/loja\/wp-json\/wp\/v2\/product_brand?post=24775"},{"taxonomy":"product_cat","embeddable":true,"href":"https:\/\/hificlub.com.br\/loja\/wp-json\/wp\/v2\/product_cat?post=24775"},{"taxonomy":"product_tag","embeddable":true,"href":"https:\/\/hificlub.com.br\/loja\/wp-json\/wp\/v2\/product_tag?post=24775"}],"curies":[{"name":"wp","href":"https:\/\/api.w.org\/{rel}","templated":true}]}}