{"id":2477,"date":"2023-10-17T20:01:13","date_gmt":"2023-10-17T23:01:13","guid":{"rendered":"https:\/\/hificlub.com.br\/loja2\/produto\/audio-research-ds450-450-watts-2\/"},"modified":"2025-12-17T07:17:23","modified_gmt":"2025-12-17T10:17:23","slug":"audio-research-ds450-450-watts-2","status":"publish","type":"product","link":"https:\/\/hificlub.com.br\/loja\/produto\/audio-research-ds450-450-watts-2\/","title":{"rendered":"AUDIO RESEARCH DS450 Amplificador Stereo 450 watts"},"content":{"rendered":"<p>O amplificador de pot\u00eancia est\u00e9reo DS450 \u00e9 o segundo membro da &#8220;Definition Series&#8221; da Audio Research.\u00a0Com um poderoso WPC de 450 em 8 ohms e desempenho sonoro impressionante, o DS450 oferece alto desempenho, alta efici\u00eancia e alto valor.<\/p>\n<div>\n<p>Projetado inteiramente internamente por nossa equipe de engenharia, o DS450 \u00e9 um design diferencial equilibrado com feedback global zero.\u00a0Muitas pe\u00e7as propriet\u00e1rias s\u00e3o incorporadas, incluindo nossos pr\u00f3prios transformadores projetados sob medida que s\u00e3o fabricados nos EUA, nossa pr\u00f3pria fia\u00e7\u00e3o interna litz e filtros que entregamos em casa.\u00a0Na verdade, n\u00e3o \u00e9 apenas montado aqui, cada amplificador \u00e9 inteiramente feito \u00e0 m\u00e3o desde o in\u00edcio em nossas instala\u00e7\u00f5es em Minnesota, onde \u00e9 testado, queimado e avaliado em um sistema de refer\u00eancia antes de ser enviado para sua nova casa.<\/p>\n<\/div>\n<div>\n<p>O DS450 \u00e9 uma mistura de duas abordagens de design.\u00a0A fonte de alimenta\u00e7\u00e3o \u00e9 uma fonte anal\u00f3gica linear cl\u00e1ssica, fortemente regulada e dimensionada para fornecer din\u00e2mica e impacto explosivos.\u00a0Seus 1239 joules de armazenamento de energia s\u00e3o o dobro do encontrado no DSi200.\u00a0A pot\u00eancia din\u00e2mica \u00e9 de 900 watts em 8 ohms, 1800 em 4 ohms e 2800 em 2 ohms, o que significa que o DS450 pode controlar esses sistemas de alto-falante grandes e dif\u00edceis de conduzir.<\/p>\n<\/div>\n<div>\n<p>O est\u00e1gio de sa\u00edda \u00e9 um projeto de comuta\u00e7\u00e3o (anal\u00f3gico) modulado por largura de pulso de alta velocidade que tamb\u00e9m se baseia na f\u00f3rmula comprovada do DSi200, mas com o dobro do n\u00famero de dispositivos de sa\u00edda mosfet de pot\u00eancia de 500 W em cada canal.\u00a0Com um ciclo de trabalho de comuta\u00e7\u00e3o de 400 kHz, o est\u00e1gio de sa\u00edda permanece frio sob as cargas mais dif\u00edceis.\u00a0Com aproximadamente 93% de efici\u00eancia de energia, o DS450 \u00e9 &#8220;verde&#8221; e ganhou uma certifica\u00e7\u00e3o ENERGY STAR.\u00a0Quer um amplificador de alta pot\u00eancia que voc\u00ea possa armazenar com seguran\u00e7a dentro de um gabinete sem se preocupar com o ac\u00famulo de calor?\u00a0O DS450 \u00e9 a resposta.\u00a0Por ficar inativo em apenas 55 watts, o DS450 pode ser deixado continuamente para melhor desempenho.<\/p>\n<\/div>\n<div>\n<p>O DS450 mant\u00e9m o chassi totalmente prateado da S\u00e9rie Definition e a opera\u00e7\u00e3o n\u00e3o poderia ser mais simples.\u00a0Al\u00e9m do bot\u00e3o liga\/desliga no painel frontal, o DS450 possui um gatilho de 12V para que possa ser ligado remotamente.\u00a0Com um design diferencial totalmente balanceado, existem conectores de entrada XLR balanceados e RCA de extremidade \u00fanica.\u00a0O painel traseiro cont\u00e9m dois postes de liga\u00e7\u00e3o Cardas\u00ae para fornecer uma maneira segura e f\u00e1cil de conectar terminais de alto-falante pesados \u200b\u200bsem usar uma chave &#8211; e eles soam muito bem.\u00a0Um cabo de alimenta\u00e7\u00e3o destac\u00e1vel de calibre 12 com um conector IEC de 20 A \u00e9 padr\u00e3o.<\/p>\n<\/div>\n<div>\n<p>Sonoramente, o DS450 realmente ir\u00e1 surpreend\u00ea-lo.\u00a0Incrivelmente din\u00e2mico e r\u00e1pido em seus p\u00e9s, tem um grande &#8220;fator de salto&#8221;.\u00a0O baixo \u00e9 profundo, harmonicamente rico e fortemente controlado.\u00a0O midrange \u00e9 aberto, bem focado e incrivelmente transparente.\u00a0Os agudos s\u00e3o estendidos, detalhados e sem granula\u00e7\u00e3o, e o DS450 tem diafonia mais baixa, mais ar e som ainda melhor do que seu irm\u00e3o menor.\u00a0Voc\u00ea precisa ouvir por si mesmo para apreciar sua not\u00e1vel musicalidade.<\/p>\n<\/div>\n<div>O DS450 \u00e9 um amplificador sedutor, combinando os melhores atributos de transistores e v\u00e1lvulas em um pacote que \u00e9 f\u00e1cil de ver, conviver e amar.\u00a0Deixe seus preconceitos na porta e mergulhe na experi\u00eancia da boa m\u00fasica.<\/div>\n<p>POT\u00caNCIA:<br \/>\n450 Watts em 8 ohms por canal<br \/>\n550 Watts em 4 ohms por canal<br \/>\nCONEX\u00c3O: RCA e XLR<br \/>\nDIMENS\u00d5ES: 48cm x 46,7cm x 17,8cm (LxPxA)<\/p>\n<p>Power output 450 watts into 8 ohms (550 watts per channel into 4 ohms), both channels driven, 1% THD. (700 watts into 4 ohms, one channel driven) Power bandwidth (-3dB Points) 5Hz to 45 kHz into 8 ohms. Frequency response Input sensitivity 2.9V RMS for rated output. (26dB Gain) single-ended or balanced. Input impedance 150K ohms single-ended, 300k ohms balanced differential. Output taps Output regulation 0.02dB 8 ohm load to open circuit. Overall negative feedback Damping factor 440 Hum &amp; noise 300 microvolts RMS (105dB below rated output IHF A-weighted.) Power supply energy storage 1239 joules Power requirements 100-125VAC 60Hz (200-250VAC 50 Hz) 950 watts at rated output (400WPC 8 ohms) 1300 watts at 500WPC 4 ohms, 1300 watts maximum. 55 watts idle. Other Output polarity: Non-inverting. Balanced pin 2+ (IEC-268). Dimensions 19&#8243; (48 cm) W x 7&#8243; (17.8 cm) H x 18.4&#8243; (46.7 cm) D. Handles extend 1.5&#8243; (3.8 cm) forward. Output connectors extend 1.5&#8243;(3.8 cm) behind rear panel. Weight 55.8 lbs. (25.4 kg) Net; 71 lbs. (32.3 kg) Shipping.<\/p>\n","protected":false},"excerpt":{"rendered":"<p>O amplificador de pot\u00eancia est\u00e9reo DS450 \u00e9 o segundo membro da &#8220;Definition Series&#8221; da Audio Research.\u00a0Com um poderoso WPC de 450 em 8 ohms e desempenho sonoro impressionante, o DS450 oferece alto desempenho, alta efici\u00eancia e alto valor. Projetado inteiramente internamente por nossa equipe de engenharia, o DS450 \u00e9 um design diferencial equilibrado com feedback [&hellip;]<\/p>\n","protected":false},"featured_media":2476,"template":"","meta":{"_acf_changed":false},"product_brand":[],"product_cat":[27,29,28],"product_tag":[],"class_list":{"0":"post-2477","1":"product","2":"type-product","3":"status-publish","4":"has-post-thumbnail","6":"product_cat-amplificador","7":"product_cat-audio-research","8":"product_cat-estereo","10":"first","11":"instock","12":"sold-individually","13":"shipping-taxable","14":"purchasable","15":"product-type-simple"},"acf":[],"aioseo_notices":[],"_links":{"self":[{"href":"https:\/\/hificlub.com.br\/loja\/wp-json\/wp\/v2\/product\/2477","targetHints":{"allow":["GET"]}}],"collection":[{"href":"https:\/\/hificlub.com.br\/loja\/wp-json\/wp\/v2\/product"}],"about":[{"href":"https:\/\/hificlub.com.br\/loja\/wp-json\/wp\/v2\/types\/product"}],"wp:featuredmedia":[{"embeddable":true,"href":"https:\/\/hificlub.com.br\/loja\/wp-json\/wp\/v2\/media\/2476"}],"wp:attachment":[{"href":"https:\/\/hificlub.com.br\/loja\/wp-json\/wp\/v2\/media?parent=2477"}],"wp:term":[{"taxonomy":"product_brand","embeddable":true,"href":"https:\/\/hificlub.com.br\/loja\/wp-json\/wp\/v2\/product_brand?post=2477"},{"taxonomy":"product_cat","embeddable":true,"href":"https:\/\/hificlub.com.br\/loja\/wp-json\/wp\/v2\/product_cat?post=2477"},{"taxonomy":"product_tag","embeddable":true,"href":"https:\/\/hificlub.com.br\/loja\/wp-json\/wp\/v2\/product_tag?post=2477"}],"curies":[{"name":"wp","href":"https:\/\/api.w.org\/{rel}","templated":true}]}}