{"id":24749,"date":"2025-07-31T21:06:41","date_gmt":"2025-08-01T00:06:41","guid":{"rendered":"https:\/\/hificlub.com.br\/loja\/?post_type=product&#038;p=24749"},"modified":"2026-03-17T06:26:04","modified_gmt":"2026-03-17T09:26:04","slug":"reloop-turn-7-toca-discos-usb-com-transmissao-por-correia-premium","status":"publish","type":"product","link":"https:\/\/hificlub.com.br\/loja\/produto\/reloop-turn-7-toca-discos-usb-com-transmissao-por-correia-premium\/","title":{"rendered":"RELOOP TURN 7 &#8211; Toca-Discos Usb com Transmiss\u00e3o por Correia Premium, Black"},"content":{"rendered":"<p><strong>O som encontra o design<\/strong><\/p>\n<p>O Turn 7 preenche a lacuna entre toca-discos HiFi de ponta e design impec\u00e1vel. O toca-discos acionado por correia atende \u00e0s exigentes demandas dos f\u00e3s de m\u00fasica audi\u00f3filos gra\u00e7as aos seus componentes fabricados com precis\u00e3o. O prato de acr\u00edlico com ilumina\u00e7\u00e3o LED e a correia de transmiss\u00e3o externa tornam o Turn 7 um verdadeiro chamariz.<\/p>\n<p><strong>Condu\u00e7\u00e3o potente e est\u00e1vel<\/strong><\/p>\n<p>Um motor CC descentralizado e de baixa vibra\u00e7\u00e3o aciona o Turn 7. A correia plana integral percorre graciosamente a parte externa do toca-discos, garantindo uma opera\u00e7\u00e3o suave e uma apar\u00eancia sofisticada. O interruptor rotativo start\/stop permite selecionar entre as duas velocidades do toca-discos (33 e 45 RPM).<\/p>\n<p><strong>Cora\u00e7\u00e3o de acr\u00edlico: O prato girat\u00f3rio<\/strong><\/p>\n<p>O prato de acr\u00edlico tem 20 mm de espessura, pesa 1,7 kg e apresenta excelente uniformidade gra\u00e7as \u00e0 fabrica\u00e7\u00e3o precisa. Al\u00e9m disso, possui excelentes caracter\u00edsticas antiest\u00e1ticas. Como resultado, \u00e9 poss\u00edvel obter um \u00e1udio cristalino sem o uso de um tapete para o prato. O acabamento acetinado do material cria um ponto focal e contrasta com o design simples do toca-discos acionado por correia.<\/p>\n<p><strong>Que haja luz: LEDs dentro<\/strong><\/p>\n<p>Um dos recursos exclusivos do Turn 7 \u00e9 a ilumina\u00e7\u00e3o azul opcional do prato. Discretamente posicionados sob o prato, v\u00e1rios LEDs com difusor criam um ambiente acolhedor e convidativo.<\/p>\n<p><strong>Bra\u00e7o de tom de primeira classe<\/strong><\/p>\n<p>O bra\u00e7o de carbono de alta qualidade possui propriedades ac\u00fasticas excepcionais. O som aut\u00eantico do toca-discos \u00e9 real\u00e7ado em todo o seu potencial, anulando eficazmente as vibra\u00e7\u00f5es. A possibilidade de ajustar a altura (\u00e2ngulo de acompanhamento vertical \u2013 VTA) e o ajuste antiderrapante garantem a m\u00e1xima precis\u00e3o.<\/p>\n<p><strong>Ortofon 2M Vermelho pr\u00e9-instalado<\/strong><\/p>\n<p>O toca-discos vem com o sistema de c\u00e1psulas Ortofon 2M Red pr\u00e9-instalado. O Ortofon 2M Red possui uma ponta el\u00edptica e excelentes caracter\u00edsticas sonoras, incluindo precis\u00e3o e reprodu\u00e7\u00e3o sonora de primeira linha. O Ortofon 2M Red \u00e9 um sistema de c\u00e1psulas altamente vers\u00e1til, com um som aberto e din\u00e2mico, al\u00e9m de timbres quentes. A conex\u00e3o universal para headshell (SME) oferece mais op\u00e7\u00f5es para sistemas de c\u00e1psulas.<\/p>\n<p><strong>Meticulosamente aperfei\u00e7oado<\/strong><\/p>\n<p>Al\u00e9m do pr\u00e9-amplificador de alta qualidade, o Turn 7 tamb\u00e9m oferece comuta\u00e7\u00e3o vers\u00e1til entre sinais de linha e phono. Os conectores RCA banhados a ouro e resistentes \u00e0 corros\u00e3o garantem a melhor transmiss\u00e3o de sinal poss\u00edvel. A sa\u00edda USB integrada permite a digitaliza\u00e7\u00e3o de discos de vinil.<\/p>\n<p><strong>Design simples e funcionalidade pura<\/strong><\/p>\n<p>O robusto pedestal de madeira MDF e os p\u00e9s isoladores com altura ajust\u00e1vel e moldura de alum\u00ednio proporcionam um desacoplamento eficaz para o toca-discos. O acabamento em laca piano de alto brilho contrasta elegantemente com o minimalismo atemporal, ao mesmo tempo que real\u00e7a a qualidade superior do Turn 7.<\/p>\n<p><strong>Turn 7<\/strong><\/p>\n<ul>\n<li>Sistema de toca-discos USB com transmiss\u00e3o por correia premium<\/li>\n<li>Toca-discos HiFi acionado por correia com Ortofon 2M Red<\/li>\n<li>Prato de acr\u00edlico de 20 mm com ilumina\u00e7\u00e3o LED<\/li>\n<li>Motor de acionamento descentralizado com guia de correia externa<\/li>\n<\/ul>\n<p>&nbsp;<\/p>\n","protected":false},"excerpt":{"rendered":"<p>O som encontra o design O Turn 7 preenche a lacuna entre toca-discos HiFi de ponta e design impec\u00e1vel. O toca-discos acionado por correia atende \u00e0s exigentes demandas dos f\u00e3s de m\u00fasica audi\u00f3filos gra\u00e7as aos seus componentes fabricados com precis\u00e3o. O prato de acr\u00edlico com ilumina\u00e7\u00e3o LED e a correia de transmiss\u00e3o externa tornam o [&hellip;]<\/p>\n","protected":false},"featured_media":41593,"template":"","meta":{"_acf_changed":false},"product_brand":[],"product_cat":[78,255,98],"product_tag":[],"class_list":{"0":"post-24749","1":"product","2":"type-product","3":"status-publish","4":"has-post-thumbnail","6":"product_cat-analogico-audio","7":"product_cat-reloop","8":"product_cat-toca-discos","10":"first","11":"instock","12":"sold-individually","13":"shipping-taxable","14":"purchasable","15":"product-type-simple"},"acf":[],"aioseo_notices":[],"_links":{"self":[{"href":"https:\/\/hificlub.com.br\/loja\/wp-json\/wp\/v2\/product\/24749","targetHints":{"allow":["GET"]}}],"collection":[{"href":"https:\/\/hificlub.com.br\/loja\/wp-json\/wp\/v2\/product"}],"about":[{"href":"https:\/\/hificlub.com.br\/loja\/wp-json\/wp\/v2\/types\/product"}],"wp:featuredmedia":[{"embeddable":true,"href":"https:\/\/hificlub.com.br\/loja\/wp-json\/wp\/v2\/media\/41593"}],"wp:attachment":[{"href":"https:\/\/hificlub.com.br\/loja\/wp-json\/wp\/v2\/media?parent=24749"}],"wp:term":[{"taxonomy":"product_brand","embeddable":true,"href":"https:\/\/hificlub.com.br\/loja\/wp-json\/wp\/v2\/product_brand?post=24749"},{"taxonomy":"product_cat","embeddable":true,"href":"https:\/\/hificlub.com.br\/loja\/wp-json\/wp\/v2\/product_cat?post=24749"},{"taxonomy":"product_tag","embeddable":true,"href":"https:\/\/hificlub.com.br\/loja\/wp-json\/wp\/v2\/product_tag?post=24749"}],"curies":[{"name":"wp","href":"https:\/\/api.w.org\/{rel}","templated":true}]}}