{"id":24740,"date":"2025-07-31T20:53:06","date_gmt":"2025-07-31T23:53:06","guid":{"rendered":"https:\/\/hificlub.com.br\/loja\/?post_type=product&#038;p=24740"},"modified":"2026-03-17T06:27:21","modified_gmt":"2026-03-17T09:27:21","slug":"reloop-turn-5-toca-discos-hifi-com-acionamento-direto","status":"publish","type":"product","link":"https:\/\/hificlub.com.br\/loja\/produto\/reloop-turn-5-toca-discos-hifi-com-acionamento-direto\/","title":{"rendered":"RELOOP TURN 5 &#8211; Toca-Discos Hifi com Acionamento Direto, Black"},"content":{"rendered":"<p>Com o TURN5, a Reloop HiFi lan\u00e7a um toca-discos de acionamento direto e controlado por quartzo que atende aos mais altos requisitos sonoros. Utilizando nossa expertise, desenvolvemos um novo toca-discos HiFi que, com sua sofistica\u00e7\u00e3o t\u00e9cnica, \u00e9 o melhor da categoria.<\/p>\n<p><strong>Motor DC potente e<br \/>\nprato fundido de baixa resson\u00e2ncia<\/strong><\/p>\n<p>O motor CC de acionamento direto e sem escovas garante um acionamento potente com rota\u00e7\u00e3o muito consistente, e o TURN5 foi produzido utilizando t\u00e9cnicas de fabrica\u00e7\u00e3o de precis\u00e3o em fundi\u00e7\u00e3o sob press\u00e3o. Uma base de borracha amortecedora no sistema do toca-discos elimina qualquer resson\u00e2ncia indesejada, e o revestimento de borracha de 5 mm que o acompanha tamb\u00e9m protege contra vibra\u00e7\u00f5es, para que nada atrapalhe a reprodu\u00e7\u00e3o sonora excepcional.<\/p>\n<p><strong>Elementos de controle e conex\u00f5es de alta qualidade<\/strong><\/p>\n<p>As tr\u00eas velocidades do motor podem ser selecionadas com controles convenientes na parte superior para 33 1\/3, 45 ou 78 rpm. Isso significa que o TURN5 tamb\u00e9m pode reproduzir discos antigos de goma-laca com um sistema mono correspondente (n\u00e3o inclu\u00eddo). Ao lado dele est\u00e1 o grande bot\u00e3o start\/stop. O mecanismo de trava universal (SME) no bra\u00e7o permite uma troca r\u00e1pida e f\u00e1cil do headshell. Al\u00e9m disso, com o contrapeso fornecido, uma ampla gama de c\u00e1psulas pode ser usada, pois ele tamb\u00e9m suporta captadores mais pesados. No painel traseiro do TURN5 h\u00e1 um par de sa\u00eddas phono (RCA) banhado a ouro com uma conex\u00e3o de aterramento separada para evitar qualquer interfer\u00eancia potencial. O terminal para todas as conex\u00f5es de cabo foi rebaixado para proteg\u00ea-los o m\u00e1ximo poss\u00edvel. Para uma troca simples, o cabo de alimenta\u00e7\u00e3o e o cabo RCA podem ser removidos.<\/p>\n<p><strong>Bra\u00e7o S-tone est\u00e1tico balanceado e<br \/>\nsistema de cartucho Hi-tech Ortofon<\/strong><\/p>\n<p>O TURN5 utiliza um bra\u00e7o em forma de S, balanceado estaticamente. Este, juntamente com o sistema hidr\u00e1ulico de eleva\u00e7\u00e3o e a configura\u00e7\u00e3o antipatinagem, \u00e9 fornecido com um pr\u00e1tico ajuste de altura do bra\u00e7o com trava VTA. Isso garante o desempenho ideal da c\u00e1psula e uma reprodu\u00e7\u00e3o precisa do meio de grava\u00e7\u00e3o. A c\u00e1psula Ortofon 2M Red fornecida j\u00e1 vem pr\u00e9-montada em um headshell e se destaca gra\u00e7as ao seu corte el\u00edptico, com uma qualidade sonora fenomenal.<\/p>\n<p><strong>Design elegante em uma constru\u00e7\u00e3o particularmente resistente<\/strong><\/p>\n<p>A caixa \u00e9 constru\u00edda em metal resistente com p\u00e9s que absorvem impactos para isolar ao m\u00e1ximo vibra\u00e7\u00f5es indesejadas e reduzir o ru\u00eddo ambiente. A combina\u00e7\u00e3o de diversos materiais confere rigidez adicional \u00e0 caixa. Com seu acabamento em preto profundo, o TURN5 \u00e9 visualmente elegante e atemporal. O toca-discos banhado a ouro paira harmoniosamente sobre a placa de cobertura e concentra a aten\u00e7\u00e3o no que \u00e9 importante: o disco.<\/p>\n<p><strong>Turn 5<\/strong><\/p>\n<ul>\n<li>Sistema de toca-discos HiFi com acionamento direto<\/li>\n<li>Potente motor CC de acionamento direto para uma rota\u00e7\u00e3o est\u00e1vel<\/li>\n<li>Prato fundido pesado e de baixa resson\u00e2ncia<\/li>\n<li>Bra\u00e7o ajust\u00e1vel VTA com cartucho vermelho Ortofon 2M<\/li>\n<\/ul>\n","protected":false},"excerpt":{"rendered":"<p>Com o TURN5, a Reloop HiFi lan\u00e7a um toca-discos de acionamento direto e controlado por quartzo que atende aos mais altos requisitos sonoros. Utilizando nossa expertise, desenvolvemos um novo toca-discos HiFi que, com sua sofistica\u00e7\u00e3o t\u00e9cnica, \u00e9 o melhor da categoria. Motor DC potente e prato fundido de baixa resson\u00e2ncia O motor CC de acionamento [&hellip;]<\/p>\n","protected":false},"featured_media":24741,"template":"","meta":{"_acf_changed":false},"product_brand":[],"product_cat":[78,255,98],"product_tag":[],"class_list":{"0":"post-24740","1":"product","2":"type-product","3":"status-publish","4":"has-post-thumbnail","6":"product_cat-analogico-audio","7":"product_cat-reloop","8":"product_cat-toca-discos","10":"first","11":"instock","12":"sold-individually","13":"shipping-taxable","14":"purchasable","15":"product-type-simple"},"acf":[],"aioseo_notices":[],"_links":{"self":[{"href":"https:\/\/hificlub.com.br\/loja\/wp-json\/wp\/v2\/product\/24740","targetHints":{"allow":["GET"]}}],"collection":[{"href":"https:\/\/hificlub.com.br\/loja\/wp-json\/wp\/v2\/product"}],"about":[{"href":"https:\/\/hificlub.com.br\/loja\/wp-json\/wp\/v2\/types\/product"}],"wp:featuredmedia":[{"embeddable":true,"href":"https:\/\/hificlub.com.br\/loja\/wp-json\/wp\/v2\/media\/24741"}],"wp:attachment":[{"href":"https:\/\/hificlub.com.br\/loja\/wp-json\/wp\/v2\/media?parent=24740"}],"wp:term":[{"taxonomy":"product_brand","embeddable":true,"href":"https:\/\/hificlub.com.br\/loja\/wp-json\/wp\/v2\/product_brand?post=24740"},{"taxonomy":"product_cat","embeddable":true,"href":"https:\/\/hificlub.com.br\/loja\/wp-json\/wp\/v2\/product_cat?post=24740"},{"taxonomy":"product_tag","embeddable":true,"href":"https:\/\/hificlub.com.br\/loja\/wp-json\/wp\/v2\/product_tag?post=24740"}],"curies":[{"name":"wp","href":"https:\/\/api.w.org\/{rel}","templated":true}]}}