{"id":24725,"date":"2025-07-31T18:32:13","date_gmt":"2025-07-31T21:32:13","guid":{"rendered":"https:\/\/hificlub.com.br\/loja\/?post_type=product&#038;p=24725"},"modified":"2026-03-03T22:15:29","modified_gmt":"2026-03-04T01:15:29","slug":"reloop-turn-3-toca-discos-analogico-hifi-premium-com-interface-de-audio-usb-digital","status":"publish","type":"product","link":"https:\/\/hificlub.com.br\/loja\/produto\/reloop-turn-3-toca-discos-analogico-hifi-premium-com-interface-de-audio-usb-digital\/","title":{"rendered":"RELOOP TURN 3 &#8211; Toca-discos Anal\u00f3gico Hifi Premium, com Interface de \u00c1udio Usb Digital, Black"},"content":{"rendered":"<p class=\"heading\"><strong>Mais de 20 anos de experi\u00eancia<\/strong><\/p>\n<p class=\"content\">Com mais de 20 anos de experi\u00eancia no setor de DJ e \u00e1udio profissional, a Reloop \u00e9 uma das l\u00edderes de mercado em toca-discos e acess\u00f3rios para DJ. Agora, pela primeira vez, a Reloop tem o orgulho de apresentar um toca-discos de alta fidelidade especialmente projetado para entusiastas da m\u00fasica e puristas do som:\u00a0<b>o TURN\u00a03<\/b>\u00a0.<\/p>\n<p class=\"heading\"><strong>Motor DC de baixo ru\u00eddo<\/strong><\/p>\n<p class=\"content\">A opera\u00e7\u00e3o de acionamento por correia do TURN3 \u00e9 alimentada por um motor CC de baixa vibra\u00e7\u00e3o, mantendo o ru\u00eddo indesejado no m\u00ednimo.<\/p>\n<p class=\"heading\"><strong>Controle eletr\u00f4nico de velocidade para 33, 45 e 78 RPM<\/strong><\/p>\n<p class=\"content\">Pura conveni\u00eancia: com o TURN3, n\u00e3o s\u00e3o necess\u00e1rios ajustes inc\u00f4modos na correia. Dependendo do vinil escolhido, \u00e9 poss\u00edvel ajustar confortavelmente a velocidade desejada para 33, 45 ou 78 RPM, gra\u00e7as ao amplo bot\u00e3o seletor de velocidade. At\u00e9 discos de goma-laca podem ser reproduzidos, utilizando um sistema de capta\u00e7\u00e3o adequado.<\/p>\n<p class=\"heading\"><strong>Bra\u00e7o de tom de precis\u00e3o<\/strong><\/p>\n<p class=\"content\">O bra\u00e7o reto, especialmente projetado para o TURN3, oferece desempenho de rastreamento ideal para uma experi\u00eancia sonora superior.<\/p>\n<p class=\"heading\"><strong>Roda com sistema antipatinagem<\/strong><\/p>\n<p class=\"content\">A configura\u00e7\u00e3o antiderrapante do bra\u00e7o pode ser ajustada confortavelmente com uma roda dedicada para ajuste de rastreamento ideal.<\/p>\n<p class=\"heading\"><strong>Conex\u00e3o de cabe\u00e7ote flex\u00edvel<\/strong><\/p>\n<p class=\"content\">A conex\u00e3o do cabe\u00e7ote torna o TURN3 realmente flex\u00edvel. O mecanismo de travamento GM\/SME permite a troca f\u00e1cil entre cartuchos montados em diferentes cabe\u00e7otes.<\/p>\n<p class=\"heading\"><strong>Fun\u00e7\u00e3o de grava\u00e7\u00e3o USB<\/strong><\/p>\n<p class=\"content\">Gra\u00e7as \u00e0 interface USB integrada, voc\u00ea pode digitalizar seus discos favoritos diretamente para PC\/MAC com qualidade de CD. \u00d3timo para ouvir em qualquer lugar ou arquivar sua preciosa cole\u00e7\u00e3o de vinil.<\/p>\n<p class=\"heading\"><strong>Semiautom\u00e1tico para parada autom\u00e1tica<\/strong><\/p>\n<p class=\"content\">Pr\u00e1tico e confort\u00e1vel: com o controle semiautom\u00e1tico integrado, o TURN3 para automaticamente ao final de um disco. Os puristas podem desativar o sistema semiautom\u00e1tico para um prazer de reprodu\u00e7\u00e3o totalmente manual.<\/p>\n<p class=\"heading\"><strong>P\u00e9s antivibra\u00e7\u00e3o<\/strong><\/p>\n<p class=\"content\">O TURN3 \u00e9 equipado com p\u00e9s desacoplados que absorvem choques, o que ajuda a remover vibra\u00e7\u00f5es indesejadas e garante um sinal de \u00e1udio limpo.<\/p>\n<p class=\"heading\"><strong>Prato de alum\u00ednio fundido com revestimento de borracha amortecedora<\/strong><\/p>\n<p class=\"content\">O prato do toca-discos \u00e9 feito de alum\u00ednio fundido resistente, o que proporciona uma rota\u00e7\u00e3o s\u00f3lida e suave. O amortecimento de borracha adicional sob o prato adiciona mais massa e ajuda a eliminar resson\u00e2ncias indesejadas, proporcionando resultados ac\u00fasticos ideais.<\/p>\n<p class=\"heading\"><strong>Constru\u00e7\u00e3o s\u00f3lida da caixa com acabamento em piano<\/strong><\/p>\n<p class=\"content\">Um pedestal de MDF resistente, revestido com um acabamento de piano elegante, garante caracter\u00edsticas sonoras detalhadas e aconchegantes.<\/p>\n<p class=\"heading\"><strong>Vem Plug &#8216;n&#8217; Play com o sistema Ortofon 2M Red<\/strong><\/p>\n<p class=\"content\">Prazer auditivo imediato: o TURN3 vem equipado com um sistema de capta\u00e7\u00e3o Ortofon 2M Red pr\u00e9-montado e de alta qualidade.<\/p>\n<p class=\"heading\"><strong>Conex\u00f5es banhadas a ouro e cabos flex\u00edveis<\/strong><\/p>\n<p class=\"content\">Al\u00e9m das conex\u00f5es banhadas a ouro para a mais pura transfer\u00eancia de sinal sonoro, o TURN3 permite m\u00e1xima individualidade e flexibilidade, j\u00e1 que todos os cabos s\u00e3o destac\u00e1veis.<\/p>\n<p class=\"heading\"><strong>Est\u00e1gio Phono Integrado<\/strong><\/p>\n<p class=\"content\">O Reloop TURN3 vem equipado com um pr\u00e9-amplificador integrado, o que significa que voc\u00ea pode conect\u00e1-lo diretamente a um amplificador sem entrada phono. Dessa forma, um pr\u00e9-amplificador separado n\u00e3o \u00e9 obrigat\u00f3rio para uma entrada de n\u00edvel de linha.<\/p>\n<p class=\"page-title\"><strong><span class=\"base\" data-ui-id=\"page-title-wrapper\">Turno 3<\/span><\/strong><\/p>\n<div class=\"product-data\">\n<p class=\"product-item-subtitle\">Toca-discos anal\u00f3gico HiFi premium com interface de \u00e1udio USB digital<\/p>\n<ul class=\"features\">\n<li>Est\u00e1gio Phono integrado de alta qualidade<\/li>\n<li>Cartucho Ortofon 2M Red pr\u00e9-instalado<\/li>\n<li>Motor DC de baixa vibra\u00e7\u00e3o<\/li>\n<\/ul>\n<\/div>\n","protected":false},"excerpt":{"rendered":"<p>Mais de 20 anos de experi\u00eancia Com mais de 20 anos de experi\u00eancia no setor de DJ e \u00e1udio profissional, a Reloop \u00e9 uma das l\u00edderes de mercado em toca-discos e acess\u00f3rios para DJ. Agora, pela primeira vez, a Reloop tem o orgulho de apresentar um toca-discos de alta fidelidade especialmente projetado para entusiastas da [&hellip;]<\/p>\n","protected":false},"featured_media":24728,"template":"","meta":{"_acf_changed":false},"product_brand":[],"product_cat":[78,255,98],"product_tag":[],"class_list":{"0":"post-24725","1":"product","2":"type-product","3":"status-publish","4":"has-post-thumbnail","6":"product_cat-analogico-audio","7":"product_cat-reloop","8":"product_cat-toca-discos","10":"first","11":"instock","12":"sold-individually","13":"shipping-taxable","14":"purchasable","15":"product-type-simple"},"acf":[],"aioseo_notices":[],"_links":{"self":[{"href":"https:\/\/hificlub.com.br\/loja\/wp-json\/wp\/v2\/product\/24725","targetHints":{"allow":["GET"]}}],"collection":[{"href":"https:\/\/hificlub.com.br\/loja\/wp-json\/wp\/v2\/product"}],"about":[{"href":"https:\/\/hificlub.com.br\/loja\/wp-json\/wp\/v2\/types\/product"}],"wp:featuredmedia":[{"embeddable":true,"href":"https:\/\/hificlub.com.br\/loja\/wp-json\/wp\/v2\/media\/24728"}],"wp:attachment":[{"href":"https:\/\/hificlub.com.br\/loja\/wp-json\/wp\/v2\/media?parent=24725"}],"wp:term":[{"taxonomy":"product_brand","embeddable":true,"href":"https:\/\/hificlub.com.br\/loja\/wp-json\/wp\/v2\/product_brand?post=24725"},{"taxonomy":"product_cat","embeddable":true,"href":"https:\/\/hificlub.com.br\/loja\/wp-json\/wp\/v2\/product_cat?post=24725"},{"taxonomy":"product_tag","embeddable":true,"href":"https:\/\/hificlub.com.br\/loja\/wp-json\/wp\/v2\/product_tag?post=24725"}],"curies":[{"name":"wp","href":"https:\/\/api.w.org\/{rel}","templated":true}]}}