{"id":24699,"date":"2025-07-31T17:51:19","date_gmt":"2025-07-31T20:51:19","guid":{"rendered":"https:\/\/hificlub.com.br\/loja\/?post_type=product&#038;p=24699"},"modified":"2026-03-03T22:15:29","modified_gmt":"2026-03-04T01:15:29","slug":"reloop-rp-8000-mk2-toca-discos-hibrido-de-torque-superior","status":"publish","type":"product","link":"https:\/\/hificlub.com.br\/loja\/produto\/reloop-rp-8000-mk2-toca-discos-hibrido-de-torque-superior\/","title":{"rendered":"RELOOP RP-8000 MK2 &#8211; Toca-Discos H\u00edbrido de Torque Superior"},"content":{"rendered":"<p><strong>O toca-discos de DJ mais avan\u00e7ado j\u00e1 feito.<\/strong><\/p>\n<p>Com o RP-8000 MK2, apresentamos o toca-discos mais avan\u00e7ado de todos os tempos, desenvolvido em estreita colabora\u00e7\u00e3o com renomados artistas internacionais de toca-discos. Este toca-discos foi projetado para uma integra\u00e7\u00e3o perfeita com\u00a0o Serato DJ Pro\u00a0, oferecendo a possibilidade de controlar at\u00e9 7 modos de performance diferentes atrav\u00e9s da se\u00e7\u00e3o de pads. E gra\u00e7as ao exclusivo modo Platter Play, os pads podem ser usados para controlar a velocidade de rota\u00e7\u00e3o do prato para criar melodias e performances musicais aut\u00eanticas. O RP-8000 MK2 representa o equil\u00edbrio perfeito entre um toca-discos profissional de primeira classe e um instrumento musical inovador.<\/p>\n<p><strong>Se\u00e7\u00e3o de pad com 7 novos modos de desempenho<\/strong><\/p>\n<p>Desenvolvido para aplica\u00e7\u00e3o com o Serato DJ Pro, e gra\u00e7as \u00e0 integra\u00e7\u00e3o plug-and-play perfeita, o RP-8000 MK2 em uma configura\u00e7\u00e3o DVS oferece possibilidades criativas incompar\u00e1veis. Os 8 pads grandes com ilumina\u00e7\u00e3o RGB podem controlar mais de 7 modos de performance diferentes (Cue, Sampler, Saved Loops, Pitch Play, Loop, Loop Roll, Slicer), bem como 2 modos de usu\u00e1rio, que podem ser personalizados com fun\u00e7\u00f5es individuais preferidas. Al\u00e9m disso, usando o multicodificador, \u00e9 poss\u00edvel navegar pelas faixas diretamente do pr\u00f3prio toca-discos e carreg\u00e1-las instantaneamente para o respectivo deck. Gra\u00e7as \u00e0 sua compatibilidade MIDI, o RP-8000 MK2 pode se comunicar com todos os softwares de DJ compat\u00edveis com MIDI \u2013 dessa forma, um controlador adicional para os modos de performance n\u00e3o \u00e9 necess\u00e1rio.<\/p>\n<p><strong>Bra\u00e7o balanceado em formato de S com base aprimorada<\/strong><\/p>\n<p>O RP-8000 MK2 possui um bra\u00e7o em forma de S, balanceado estaticamente, com eleva\u00e7\u00e3o hidr\u00e1ulica e mecanismo antiderrapante. A base do bra\u00e7o, recentemente desenvolvida, proporciona maior estabilidade e altura ajust\u00e1vel\/\u00e2ngulo de acompanhamento vertical (VTA). O bra\u00e7o de baixa resson\u00e2ncia possui uma conex\u00e3o universal para sistemas de capta\u00e7\u00e3o de cartucho (SME).<\/p>\n<p><strong>Platter Play \u2013 Controle criativo de tom do prato<\/strong><\/p>\n<p>O modo Platter Play permite que os usu\u00e1rios controlem a afina\u00e7\u00e3o do prato por meio dos pads de performance, abrindo novas possibilidades para apresenta\u00e7\u00f5es musicais ao vivo e transformando o RP-8000 MK2 em um instrumento musical aut\u00eantico. Um total de 22 escalas e 34 notas est\u00e3o \u00e0 sua disposi\u00e7\u00e3o, com a op\u00e7\u00e3o de criar at\u00e9 9 escalas definidas pelo usu\u00e1rio. Os dois bot\u00f5es de sele\u00e7\u00e3o de velocidade podem ser usados para fazer pitch bending no modo Platter Play e tamb\u00e9m para aumentar ou diminuir a afina\u00e7\u00e3o do material de \u00e1udio em passos de meio-tom, respectivamente. Al\u00e9m disso, a velocidade do prato tamb\u00e9m pode ser controlada por meio de um teclado MIDI externo.<\/p>\n<p><strong>Se\u00e7\u00e3o de afina\u00e7\u00e3o de alta resolu\u00e7\u00e3o com fader digital<\/strong><\/p>\n<p>Utilizando o fader de pitch de alta resolu\u00e7\u00e3o, voc\u00ea pode ajustar a velocidade do prato na faixa cl\u00e1ssica de pitch de um toca-discos de +\/-8%. O RP-8000 MK2 tamb\u00e9m possui uma faixa de pitch mais ampla, ideal para DJs, de +\/-16%, e um ultra-pitch impressionante de +\/-50%, permitindo maior criatividade na manipula\u00e7\u00e3o e mixagem de discos. Se o Quartz Lock estiver ativo, a velocidade do prato n\u00e3o ser\u00e1 afetada pela posi\u00e7\u00e3o do fader e girar\u00e1 com pitch zero (0%).<\/p>\n<p><strong>Motor potente com amplas possibilidades de ajuste<\/strong><\/p>\n<p>O motor a quartzo, com ajuste fino e corre\u00e7\u00e3o digital de passo, opera com um torque inicial de 2,8 kg\/cm, que pode ser ajustado at\u00e9 um m\u00e1ximo de 4,5 kg\/cm. Isso torna o RP-8000 MK2 um toca-discos com funcionamento extremamente suave. Al\u00e9m disso, a velocidade de parada do toca-discos (parada do prato) pode ser ajustada de 0,2 a 6 segundos, e o prato de alum\u00ednio fundido pesado, usinado com precis\u00e3o, \u00e9 revestido com borracha antivibra\u00e7\u00e3o para eliminar vibra\u00e7\u00f5es e resson\u00e2ncias indesejadas.<\/p>\n<p><strong>Constru\u00e7\u00e3o de revestimento resistente<\/strong><\/p>\n<p>Utilizando uma combina\u00e7\u00e3o de metal, borracha e materiais sint\u00e9ticos, a estrutura do RP-8000 MK2 \u00e9 mais refor\u00e7ada e mais pesada do que nunca. Isso resulta em um toca-discos extremamente resistente a vibra\u00e7\u00f5es causadas por sons graves intensos, e seus p\u00e9s com amortecimento de impacto ajudam a melhorar ainda mais esse isolamento. A superf\u00edcie \u00e9 revestida com um acabamento met\u00e1lico preto profundo de alta qualidade, resistente a arranh\u00f5es.<\/p>\n<p><strong>Conex\u00f5es de alta qualidade e pr\u00e9-amplificador phono integrado<\/strong><\/p>\n<p>Gra\u00e7as ao painel de conex\u00e3o traseiro rebaixado, o RP-8000 MK2 pode ser facilmente montado em um flight case e perfeitamente posicionado ao lado de outros equipamentos de DJ. Gra\u00e7as \u00e0 sa\u00edda adicional, o toca-discos pode ser conectado a dois mixers simultaneamente, permitindo tamb\u00e9m uma troca f\u00e1cil de DVS para vinil. Um terminal de aterramento opcional oferece prote\u00e7\u00e3o adicional em ambientes de clube. Todas as conex\u00f5es de cabos (RCA\/rede el\u00e9trica) s\u00e3o remov\u00edveis e f\u00e1ceis de trocar, o que tamb\u00e9m facilita o transporte e o armazenamento.<\/p>\n<p><strong>RP-8000 MK2<\/strong><\/p>\n<ul>\n<li>Inclui toca-discos, tapete antiderrapante, luz de agulha LED, contrapeso, cabo RCA phono com aterramento, cabo USB, cabo de alimenta\u00e7\u00e3o, instru\u00e7\u00f5es de opera\u00e7\u00e3o<\/li>\n<li>O toca-discos de DJ mais avan\u00e7ado j\u00e1 feito, desenvolvido em estreita colabora\u00e7\u00e3o com renomados m\u00fasicos de toca-discos internacionais<\/li>\n<li>Projetado para Serato DJ Pro: controle 7 novos modos de desempenho codificados por cores<\/li>\n<li>Modo Platter Play: os pads de desempenho podem ser usados para controlar a velocidade do prato para permitir apresenta\u00e7\u00f5es mel\u00f3dicas e musicais ao vivo<\/li>\n<\/ul>\n<p>&nbsp;<\/p>\n","protected":false},"excerpt":{"rendered":"<p>O toca-discos de DJ mais avan\u00e7ado j\u00e1 feito. Com o RP-8000 MK2, apresentamos o toca-discos mais avan\u00e7ado de todos os tempos, desenvolvido em estreita colabora\u00e7\u00e3o com renomados artistas internacionais de toca-discos. Este toca-discos foi projetado para uma integra\u00e7\u00e3o perfeita com\u00a0o Serato DJ Pro\u00a0, oferecendo a possibilidade de controlar at\u00e9 7 modos de performance diferentes atrav\u00e9s [&hellip;]<\/p>\n","protected":false},"featured_media":24707,"template":"","meta":{"_acf_changed":false},"product_brand":[],"product_cat":[78,255,98],"product_tag":[],"class_list":{"0":"post-24699","1":"product","2":"type-product","3":"status-publish","4":"has-post-thumbnail","6":"product_cat-analogico-audio","7":"product_cat-reloop","8":"product_cat-toca-discos","10":"first","11":"instock","12":"sold-individually","13":"shipping-taxable","14":"purchasable","15":"product-type-simple"},"acf":[],"aioseo_notices":[],"_links":{"self":[{"href":"https:\/\/hificlub.com.br\/loja\/wp-json\/wp\/v2\/product\/24699","targetHints":{"allow":["GET"]}}],"collection":[{"href":"https:\/\/hificlub.com.br\/loja\/wp-json\/wp\/v2\/product"}],"about":[{"href":"https:\/\/hificlub.com.br\/loja\/wp-json\/wp\/v2\/types\/product"}],"wp:featuredmedia":[{"embeddable":true,"href":"https:\/\/hificlub.com.br\/loja\/wp-json\/wp\/v2\/media\/24707"}],"wp:attachment":[{"href":"https:\/\/hificlub.com.br\/loja\/wp-json\/wp\/v2\/media?parent=24699"}],"wp:term":[{"taxonomy":"product_brand","embeddable":true,"href":"https:\/\/hificlub.com.br\/loja\/wp-json\/wp\/v2\/product_brand?post=24699"},{"taxonomy":"product_cat","embeddable":true,"href":"https:\/\/hificlub.com.br\/loja\/wp-json\/wp\/v2\/product_cat?post=24699"},{"taxonomy":"product_tag","embeddable":true,"href":"https:\/\/hificlub.com.br\/loja\/wp-json\/wp\/v2\/product_tag?post=24699"}],"curies":[{"name":"wp","href":"https:\/\/api.w.org\/{rel}","templated":true}]}}