{"id":24683,"date":"2025-07-31T11:02:41","date_gmt":"2025-07-31T14:02:41","guid":{"rendered":"https:\/\/hificlub.com.br\/loja\/?post_type=product&#038;p=24683"},"modified":"2026-03-03T22:15:30","modified_gmt":"2026-03-04T01:15:30","slug":"reloop-rp-7000-mk2-toca-discos-com-sistema-de-plataforma-giratoria-profissional-upper-torque","status":"publish","type":"product","link":"https:\/\/hificlub.com.br\/loja\/produto\/reloop-rp-7000-mk2-toca-discos-com-sistema-de-plataforma-giratoria-profissional-upper-torque\/","title":{"rendered":"RELOOP RP-7000 MK2 &#8211; Toca-Discos com Sistema de Plataforma Girat\u00f3ria Profissional Upper Torque"},"content":{"rendered":"<p>Com o RP-7000 MK2, a Reloop construiu um toca-discos que atende \u00e0s altas demandas de DJs profissionais e casas noturnas modernas. Com seu potente motor de acionamento direto e constru\u00e7\u00e3o robusta, conseguimos desenvolver um toca-discos robusto e indestrut\u00edvel que pode enfrentar as duras condi\u00e7\u00f5es do dia a dia com facilidade.<\/p>\n<p><strong>Constru\u00e7\u00e3o de revestimento resistente<\/strong><\/p>\n<p>Utilizando uma combina\u00e7\u00e3o de metal, borracha e materiais sint\u00e9ticos, a estrutura do RP-7000 MK2 \u00e9 mais refor\u00e7ada e resistente do que nunca. Isso resulta em um toca-discos extremamente resistente \u00e0s vibra\u00e7\u00f5es causadas por sons graves intensos em cabines de DJ, e seus p\u00e9s com amortecimento de impacto ajudam a melhorar ainda mais o isolamento. A superf\u00edcie \u00e9 revestida com um acabamento met\u00e1lico de alta qualidade, resistente a arranh\u00f5es, em preto profundo ou prata cl\u00e1ssico.<\/p>\n<p><strong>Bra\u00e7o balanceado em formato de S com base aprimorada<\/strong><\/p>\n<p>O RP-7000 MK2 possui um bra\u00e7o em forma de S, balanceado estaticamente, com mecanismo de eleva\u00e7\u00e3o hidr\u00e1ulica e antiderrapante. A base do bra\u00e7o rec\u00e9m-desenvolvida proporciona maior estabilidade e altura\/\u00e2ngulo de acompanhamento vertical (VTA) ajust\u00e1veis. O bra\u00e7o de baixa resson\u00e2ncia possui uma conex\u00e3o universal para sistemas de capta\u00e7\u00e3o de cartucho (SME).<\/p>\n<p><strong>Bot\u00f5es duplos de partida\/parada, controle preciso do motor e fun\u00e7\u00e3o de revers\u00e3o<\/strong><\/p>\n<p>Al\u00e9m das inova\u00e7\u00f5es t\u00e9cnicas mencionadas, o RP-7000 MK2 conta com algumas fun\u00e7\u00f5es que facilitar\u00e3o muito a vida de qualquer DJ. A rec\u00e9m-desenvolvida luz de LED em alum\u00ednio \u00e9 livremente m\u00f3vel para ajudar a encontrar a posi\u00e7\u00e3o da agulha em ambientes escuros. A luz de LED tamb\u00e9m \u00e9 remov\u00edvel e facilmente substitu\u00edvel. Um bot\u00e3o adicional de start\/stop tamb\u00e9m foi integrado para facilitar a configura\u00e7\u00e3o vertical (posi\u00e7\u00e3o de combate) e, usando os bot\u00f5es no painel superior do RP-7000 MK2, voc\u00ea pode alternar entre as tr\u00eas velocidades do motor (33 1\/3, 45 e 78 rpm). Bot\u00f5es dedicados para os modos de avan\u00e7o e retrocesso permitem ainda mais criatividade na sua mixagem.<\/p>\n<p><strong>Se\u00e7\u00e3o de afina\u00e7\u00e3o de alta resolu\u00e7\u00e3o com fader digital<\/strong><\/p>\n<p>Usando o fader de pitch de alta resolu\u00e7\u00e3o, voc\u00ea pode ajustar a velocidade do prato na faixa de pitch cl\u00e1ssica de um toca-discos de +\/-8%. No entanto, o RP-7000 MK2 tamb\u00e9m possui uma faixa de pitch mais ampla, ideal para DJs, de +\/-16%, e um ultra-pitch impressionante de +\/-50%. Isso permite maior criatividade na modula\u00e7\u00e3o do timbre do disco. Se o bloqueio de quartzo estiver ativo, a velocidade do prato n\u00e3o ser\u00e1 afetada pela posi\u00e7\u00e3o do fader e girar\u00e1 com pitch zero (0%).<\/p>\n<p><strong>Conex\u00f5es de alta qualidade e pr\u00e9-amplificador phono integrado<\/strong><\/p>\n<p>Gra\u00e7as ao painel de conex\u00e3o traseiro rebaixado, o RP-7000 MK2 pode ser facilmente montado em um flight case e perfeitamente posicionado ao lado de outros equipamentos de DJ. O pr\u00e9-amplificador phono integrado e comut\u00e1vel permite o uso de conectores RCA banhados a ouro para sinais de sa\u00edda phono e de linha. Um terminal de aterramento opcional oferece prote\u00e7\u00e3o adicional em ambientes de clube. Todas as conex\u00f5es de cabos (RCA\/rede el\u00e9trica) s\u00e3o remov\u00edveis e f\u00e1ceis de trocar, o que tamb\u00e9m facilita o transporte e o armazenamento.<\/p>\n<p><strong>Motor potente com amplas possibilidades de ajuste<\/strong><\/p>\n<p>O motor a quartzo, com ajuste fino e corre\u00e7\u00e3o digital de tom, opera com um torque inicial de 2,8 kg\/cm, que pode ser ajustado at\u00e9 um m\u00e1ximo de 4,5 kg\/cm. Isso o torna um toca-discos extremamente suave, com vibra\u00e7\u00e3o e vibra\u00e7\u00e3o de apenas 0,01% WRMS*. Al\u00e9m disso, a velocidade de parada do toca-discos (parada do prato) pode ser ajustada de 0,2 a 6 segundos, e o prato de alum\u00ednio fundido pesado, usinado com precis\u00e3o, \u00e9 revestido com borracha antivibra\u00e7\u00e3o para eliminar vibra\u00e7\u00f5es e resson\u00e2ncias indesejadas<\/p>\n<p><strong>RP-7000 MK2<\/strong><\/p>\n<ul>\n<li>Toca-discos NextGen para DJs e toca-discos profissionais de clubes<\/li>\n<li>Power-Torque Direct Drive com controle preciso do motor e rota\u00e7\u00e3o est\u00e1vel<\/li>\n<li>Design de corpo extrapesado com alta rigidez para excelente amortecimento, isolamento e som<\/li>\n<\/ul>\n<p><strong>Cores<\/strong><\/p>\n<p>Prata e Preto<\/p>\n","protected":false},"excerpt":{"rendered":"<p>Com o RP-7000 MK2, a Reloop construiu um toca-discos que atende \u00e0s altas demandas de DJs profissionais e casas noturnas modernas. Com seu potente motor de acionamento direto e constru\u00e7\u00e3o robusta, conseguimos desenvolver um toca-discos robusto e indestrut\u00edvel que pode enfrentar as duras condi\u00e7\u00f5es do dia a dia com facilidade. Constru\u00e7\u00e3o de revestimento resistente Utilizando [&hellip;]<\/p>\n","protected":false},"featured_media":24684,"template":"","meta":{"_acf_changed":false},"product_brand":[],"product_cat":[78,255,98],"product_tag":[],"class_list":{"0":"post-24683","1":"product","2":"type-product","3":"status-publish","4":"has-post-thumbnail","6":"product_cat-analogico-audio","7":"product_cat-reloop","8":"product_cat-toca-discos","10":"first","11":"instock","12":"sold-individually","13":"shipping-taxable","14":"purchasable","15":"product-type-simple"},"acf":[],"aioseo_notices":[],"_links":{"self":[{"href":"https:\/\/hificlub.com.br\/loja\/wp-json\/wp\/v2\/product\/24683","targetHints":{"allow":["GET"]}}],"collection":[{"href":"https:\/\/hificlub.com.br\/loja\/wp-json\/wp\/v2\/product"}],"about":[{"href":"https:\/\/hificlub.com.br\/loja\/wp-json\/wp\/v2\/types\/product"}],"wp:featuredmedia":[{"embeddable":true,"href":"https:\/\/hificlub.com.br\/loja\/wp-json\/wp\/v2\/media\/24684"}],"wp:attachment":[{"href":"https:\/\/hificlub.com.br\/loja\/wp-json\/wp\/v2\/media?parent=24683"}],"wp:term":[{"taxonomy":"product_brand","embeddable":true,"href":"https:\/\/hificlub.com.br\/loja\/wp-json\/wp\/v2\/product_brand?post=24683"},{"taxonomy":"product_cat","embeddable":true,"href":"https:\/\/hificlub.com.br\/loja\/wp-json\/wp\/v2\/product_cat?post=24683"},{"taxonomy":"product_tag","embeddable":true,"href":"https:\/\/hificlub.com.br\/loja\/wp-json\/wp\/v2\/product_tag?post=24683"}],"curies":[{"name":"wp","href":"https:\/\/api.w.org\/{rel}","templated":true}]}}