{"id":24673,"date":"2025-07-31T10:47:02","date_gmt":"2025-07-31T13:47:02","guid":{"rendered":"https:\/\/hificlub.com.br\/loja\/?post_type=product&#038;p=24673"},"modified":"2025-12-10T11:20:21","modified_gmt":"2025-12-10T14:20:21","slug":"reloop-rp-4000-mk2-toca-discos-dj-acionado-por-quartzo-com-acionamento-direto-de-alto-torque","status":"publish","type":"product","link":"https:\/\/hificlub.com.br\/loja\/produto\/reloop-rp-4000-mk2-toca-discos-dj-acionado-por-quartzo-com-acionamento-direto-de-alto-torque\/","title":{"rendered":"RELOOP RP-4000 MK2 &#8211; Toca-Discos Dj Acionado por Quartzo com Acionamento Direto de Alto Torque"},"content":{"rendered":"<p>O RP-4000 MK2 \u00e9 um toca-discos de DJ s\u00f3lido para usu\u00e1rios avan\u00e7ados. A nova vers\u00e3o MK2 vem com diversas melhorias, incluindo um painel superior rec\u00e9m-desenvolvido e bot\u00f5es met\u00e1licos retrabalhados com toque aprimorado, al\u00e9m de uma variedade de fun\u00e7\u00f5es.<\/p>\n<p><strong>Fun\u00e7\u00e3o Reversa, Reinicializa\u00e7\u00e3o De Passo E Ilumina\u00e7\u00e3o De Agulha Extens\u00edvel<\/strong><\/p>\n<p>Recursos adicionais, como reprodu\u00e7\u00e3o reversa e redefini\u00e7\u00e3o de tom, oferecem a todos os DJs controle direto de seu toca-discos. Com o toque de um bot\u00e3o, a luz de alvo de alum\u00ednio pode ser estendida, permitindo a visualiza\u00e7\u00e3o da posi\u00e7\u00e3o da agulha em ambientes escuros.<\/p>\n<p><strong>Controle preciso do motor com 3 velocidades<\/strong><\/p>\n<p>O prato fundido de alta precis\u00e3o \u00e9 acelerado por um motor potente com acionamento direto de alto torque de mais de 1,8 kg\/cm\u00b2. O controle preciso do motor com 3 velocidades (33 1\/3, 45 e 78 rpm) permite que o RP-4000 MK2 reproduza qualquer disco. A se\u00e7\u00e3o de afina\u00e7\u00e3o, com faixa selecion\u00e1vel de +\/-8% e +\/-16%, respectivamente, \u00e9 adequada para os ajustes de afina\u00e7\u00e3o mais precisos.<\/p>\n<p><strong>Bra\u00e7o em forma de S estaticamente balanceado<\/strong><\/p>\n<p>O RP-4000 MK2 possui um bra\u00e7o em forma de &#8220;S&#8221; estaticamente balanceado com eleva\u00e7\u00e3o hidr\u00e1ulica e mecanismo antiderrapante. Atrav\u00e9s da conex\u00e3o universal para sistemas de capta\u00e7\u00e3o (SME), \u00e9 poss\u00edvel conectar um grande n\u00famero de sistemas de capta\u00e7\u00e3o.<\/p>\n<p><strong>Com Captador E Headshell<\/strong><\/p>\n<p>O RP-4000 MK2 vem com o captador OM Black de alta qualidade, feito \u00e0 m\u00e3o\u00a0pela Ortofon\u00a0na Dinamarca, pr\u00e9-instalado em um headshell pronto para reprodu\u00e7\u00e3o imediata.<\/p>\n<p><strong>Painel superior rec\u00e9m-desenvolvido e design de caixa resistente<\/strong><\/p>\n<p>A nova constru\u00e7\u00e3o do painel superior met\u00e1lico preto profundo \u00e9 equipada com bot\u00f5es met\u00e1licos para iniciar\/parar, velocidade do prato, controle de afina\u00e7\u00e3o, fun\u00e7\u00e3o de revers\u00e3o e redefini\u00e7\u00e3o de tempo. O toque aprimorado ao tocar oferece um feedback t\u00e1til claro. A constru\u00e7\u00e3o robusta com recursos de amortecimento otimizados e p\u00e9s com absor\u00e7\u00e3o de impactos melhora o isolamento contra vibra\u00e7\u00f5es indesejadas.<\/p>\n<p><strong>Preparado Para Cobertura Contra Poeira<\/strong><\/p>\n<p>Dispon\u00edvel como acess\u00f3rio opcional.<\/p>\n<p><strong>RP-4000 MK2<\/strong><\/p>\n<ul>\n<li>Toca-discos DJ acionado por quartzo com acionamento direto de alto torque<\/li>\n<li>Motor potente com torque superior a 1,8 kg\/cm<\/li>\n<li>Painel superior de metal redesenhado, bot\u00f5es t\u00e1teis e constru\u00e7\u00e3o de carca\u00e7a refor\u00e7ada<\/li>\n<\/ul>\n<p>&nbsp;<\/p>\n","protected":false},"excerpt":{"rendered":"<p>O RP-4000 MK2 \u00e9 um toca-discos de DJ s\u00f3lido para usu\u00e1rios avan\u00e7ados. A nova vers\u00e3o MK2 vem com diversas melhorias, incluindo um painel superior rec\u00e9m-desenvolvido e bot\u00f5es met\u00e1licos retrabalhados com toque aprimorado, al\u00e9m de uma variedade de fun\u00e7\u00f5es. Fun\u00e7\u00e3o Reversa, Reinicializa\u00e7\u00e3o De Passo E Ilumina\u00e7\u00e3o De Agulha Extens\u00edvel Recursos adicionais, como reprodu\u00e7\u00e3o reversa e redefini\u00e7\u00e3o [&hellip;]<\/p>\n","protected":false},"featured_media":24674,"template":"","meta":{"_acf_changed":false},"product_brand":[],"product_cat":[78,255,98],"product_tag":[],"class_list":{"0":"post-24673","1":"product","2":"type-product","3":"status-publish","4":"has-post-thumbnail","6":"product_cat-analogico-audio","7":"product_cat-reloop","8":"product_cat-toca-discos","10":"first","11":"instock","12":"sold-individually","13":"shipping-taxable","14":"purchasable","15":"product-type-simple"},"acf":[],"aioseo_notices":[],"_links":{"self":[{"href":"https:\/\/hificlub.com.br\/loja\/wp-json\/wp\/v2\/product\/24673","targetHints":{"allow":["GET"]}}],"collection":[{"href":"https:\/\/hificlub.com.br\/loja\/wp-json\/wp\/v2\/product"}],"about":[{"href":"https:\/\/hificlub.com.br\/loja\/wp-json\/wp\/v2\/types\/product"}],"wp:featuredmedia":[{"embeddable":true,"href":"https:\/\/hificlub.com.br\/loja\/wp-json\/wp\/v2\/media\/24674"}],"wp:attachment":[{"href":"https:\/\/hificlub.com.br\/loja\/wp-json\/wp\/v2\/media?parent=24673"}],"wp:term":[{"taxonomy":"product_brand","embeddable":true,"href":"https:\/\/hificlub.com.br\/loja\/wp-json\/wp\/v2\/product_brand?post=24673"},{"taxonomy":"product_cat","embeddable":true,"href":"https:\/\/hificlub.com.br\/loja\/wp-json\/wp\/v2\/product_cat?post=24673"},{"taxonomy":"product_tag","embeddable":true,"href":"https:\/\/hificlub.com.br\/loja\/wp-json\/wp\/v2\/product_tag?post=24673"}],"curies":[{"name":"wp","href":"https:\/\/api.w.org\/{rel}","templated":true}]}}