{"id":24660,"date":"2025-07-31T10:22:58","date_gmt":"2025-07-31T13:22:58","guid":{"rendered":"https:\/\/hificlub.com.br\/loja\/?post_type=product&#038;p=24660"},"modified":"2026-03-03T22:15:30","modified_gmt":"2026-03-04T01:15:30","slug":"reloop-rp-1000-mk2-toca-discos-com-transmissao-por-correia-para-uso-em-dj-e-hifi","status":"publish","type":"product","link":"https:\/\/hificlub.com.br\/loja\/produto\/reloop-rp-1000-mk2-toca-discos-com-transmissao-por-correia-para-uso-em-dj-e-hifi\/","title":{"rendered":"RELOOP RP-1000 MK2 &#8211; Toca-Discos Com Transmiss\u00e3o Por Correia Para Uso Em Dj e Hifi"},"content":{"rendered":"<p>O RP-1000 MK2 \u00e9 o toca-discos ideal para DJs em potencial e entusiastas de HiFi. A vers\u00e3o MK2 apresenta diversas melhorias, incluindo uma nova constru\u00e7\u00e3o do painel superior e bot\u00f5es met\u00e1licos aprimorados com toque aprimorado.<\/p>\n<p><strong>Prato fundido de precis\u00e3o e motor acionado por correia<\/strong><\/p>\n<p>Ao contr\u00e1rio dos toca-discos de acionamento direto, o RP-1000 MK2 utiliza um motor acionado por correia para desacoplar a unidade de acionamento do prato e do chassi projetados com precis\u00e3o. A correia de borracha el\u00e1stica de alta qualidade absorve e reduz vibra\u00e7\u00f5es indesejadas, resultando em uma reprodu\u00e7\u00e3o sem distor\u00e7\u00e3o. O controle de pitch ajust\u00e1vel com uma faixa de +\/-10% \u00e9 adequado para ajustes finos de pitch.<\/p>\n<p class=\"heading\"><strong>Bra\u00e7o em forma de S estaticamente balanceado<\/strong><\/p>\n<p>O RP-1000 MK2 possui um bra\u00e7o em forma de &#8220;S&#8221; estaticamente balanceado com eleva\u00e7\u00e3o hidr\u00e1ulica e mecanismo antiderrapante. Gra\u00e7as \u00e0 conex\u00e3o SME universal, \u00e9 poss\u00edvel conectar uma ampla variedade de c\u00e1psulas de capta\u00e7\u00e3o.<\/p>\n<p class=\"heading\"><strong>Preparado para prote\u00e7\u00e3o contra poeira<\/strong><\/p>\n<p>Dispon\u00edvel como acess\u00f3rio opcional.<\/p>\n<p class=\"heading\"><strong>Novo design de toque t\u00e1til e caixa resistente<\/strong><\/p>\n<p>O novo painel superior em preto profundo \u00e9 equipado com bot\u00f5es met\u00e1licos para iniciar\/parar e ajustar a velocidade. O toque aprimorado ao tocar oferece um feedback t\u00e1til n\u00edtido. Com o toque de um bot\u00e3o, a luz de alvo em alum\u00ednio pode ser estendida, permitindo a visualiza\u00e7\u00e3o da posi\u00e7\u00e3o da agulha em ambientes escuros. A constru\u00e7\u00e3o robusta com recursos de amortecimento otimizados e p\u00e9s com amortecimento de impacto melhora o isolamento contra vibra\u00e7\u00f5es indesejadas.<\/p>\n<div class=\"product-data\">\n<ul class=\"features\">\n<li>Toca-discos de alta qualidade para uso em DJ e HiFi<\/li>\n<li>O potente sistema de motor acionado por correia absorve vibra\u00e7\u00f5es e ru\u00eddos indesejados<\/li>\n<li>Painel superior de metal, bot\u00f5es t\u00e1teis e estrutura refor\u00e7ada<\/li>\n<\/ul>\n<p>&nbsp;<\/p>\n<div class=\"price-box\"><\/div>\n<\/div>\n","protected":false},"excerpt":{"rendered":"<p>O RP-1000 MK2 \u00e9 o toca-discos ideal para DJs em potencial e entusiastas de HiFi. A vers\u00e3o MK2 apresenta diversas melhorias, incluindo uma nova constru\u00e7\u00e3o do painel superior e bot\u00f5es met\u00e1licos aprimorados com toque aprimorado. Prato fundido de precis\u00e3o e motor acionado por correia Ao contr\u00e1rio dos toca-discos de acionamento direto, o RP-1000 MK2 utiliza [&hellip;]<\/p>\n","protected":false},"featured_media":24661,"template":"","meta":{"_acf_changed":false},"product_brand":[],"product_cat":[78,255,98],"product_tag":[],"class_list":{"0":"post-24660","1":"product","2":"type-product","3":"status-publish","4":"has-post-thumbnail","6":"product_cat-analogico-audio","7":"product_cat-reloop","8":"product_cat-toca-discos","10":"first","11":"instock","12":"sold-individually","13":"shipping-taxable","14":"purchasable","15":"product-type-simple"},"acf":[],"aioseo_notices":[],"_links":{"self":[{"href":"https:\/\/hificlub.com.br\/loja\/wp-json\/wp\/v2\/product\/24660","targetHints":{"allow":["GET"]}}],"collection":[{"href":"https:\/\/hificlub.com.br\/loja\/wp-json\/wp\/v2\/product"}],"about":[{"href":"https:\/\/hificlub.com.br\/loja\/wp-json\/wp\/v2\/types\/product"}],"wp:featuredmedia":[{"embeddable":true,"href":"https:\/\/hificlub.com.br\/loja\/wp-json\/wp\/v2\/media\/24661"}],"wp:attachment":[{"href":"https:\/\/hificlub.com.br\/loja\/wp-json\/wp\/v2\/media?parent=24660"}],"wp:term":[{"taxonomy":"product_brand","embeddable":true,"href":"https:\/\/hificlub.com.br\/loja\/wp-json\/wp\/v2\/product_brand?post=24660"},{"taxonomy":"product_cat","embeddable":true,"href":"https:\/\/hificlub.com.br\/loja\/wp-json\/wp\/v2\/product_cat?post=24660"},{"taxonomy":"product_tag","embeddable":true,"href":"https:\/\/hificlub.com.br\/loja\/wp-json\/wp\/v2\/product_tag?post=24660"}],"curies":[{"name":"wp","href":"https:\/\/api.w.org\/{rel}","templated":true}]}}