{"id":24652,"date":"2025-07-30T18:43:20","date_gmt":"2025-07-30T21:43:20","guid":{"rendered":"https:\/\/hificlub.com.br\/loja\/?post_type=product&#038;p=24652"},"modified":"2026-03-03T22:15:31","modified_gmt":"2026-03-04T01:15:31","slug":"rel-t9x-subwoofer-10-300-watts-black","status":"publish","type":"product","link":"https:\/\/hificlub.com.br\/loja\/produto\/rel-t9x-subwoofer-10-300-watts-black\/","title":{"rendered":"REL T9X &#8211; Subwoofer 10&#8243; &#8211; 300 watts, Black"},"content":{"rendered":"<p>Desbloqueie um desempenho mais r\u00e1pido e din\u00e2mico, proporcionando maior produ\u00e7\u00e3o e maior impacto, tudo isso dentro do seu or\u00e7amento.<\/p>\n<ul>\n<li>Amplificador Classe A\/B de 300 watts<\/li>\n<li>Driver ativo FibreAlloy\u2122 de 10&#8243;<\/li>\n<li>Driver passivo de disparo descendente de 10&#8243;<\/li>\n<li>Pronto para home theater<\/li>\n<\/ul>\n<p><strong>S\u00e9rie T\/9x: Maior e Melhor<\/strong><\/p>\n<p>A fun\u00e7\u00e3o de qualquer topo de linha para REL \u00e9 oferecer mais de tudo, principalmente pot\u00eancia e din\u00e2mica. O 9x n\u00e3o \u00e9 diferente nesse aspecto, pois atende \u00e0s expectativas tanto em aplica\u00e7\u00f5es musicais quanto teatrais. O 9x, no entanto, oferece um n\u00edvel de intimidade, clareza e velocidade que significa que n\u00e3o h\u00e1 mais compensa\u00e7\u00f5es entre o equil\u00edbrio sonoro de modelos menores em compara\u00e7\u00e3o com a pot\u00eancia e a escala de um modelo 9.<\/p>\n<p>O nov\u00edssimo 9x tem pot\u00eancia ainda maior do que antes, mas a principal novidade \u00e9 que ele n\u00e3o sacrifica nada em clareza e transpar\u00eancia para atingir esse objetivo. Por esse pre\u00e7o, ele abre caminho para propriet\u00e1rios de monitores europeus de alto desempenho montados em piso e suporte e alto-falantes de painel menores desfrutarem de um som verdadeiramente completo.<\/p>\n<p><strong>Reimaginado e depois reprojetado<\/strong><\/p>\n<p>Muitos desconhecem a intensa liga\u00e7\u00e3o entre desempenho e design aqui na REL. Desempenho \u00e9 tudo para n\u00f3s e, por isso, impulsiona as revis\u00f5es do design f\u00edsico. Nossos engenheiros, reconhecendo a necessidade de maior volume ac\u00fastico para atingir os objetivos de maior fluidez e pot\u00eancia, recorrem ao designer que trabalha as dimens\u00f5es para enganar o olho, fazendo-o ver um espa\u00e7o menor e mais compacto, mesmo com o aumento do volume do gabinete. Utilizando raios de canto suavemente arredondados que permitem que o olho flua e veja menos massa visual. O resultado \u00e9 moderno e familiar, sem adornos desnecess\u00e1rios.<\/p>\n<p>&nbsp;<\/p>\n<p><a href=\"https:\/\/www.avforums.com\/reviews\/rel-t9x-subwoofer-review.18673\/\" target=\"_blank\" rel=\"noopener\"> \u00a0 \u00a0 <\/a><a href=\"https:\/\/www.avforums.com\/reviews\/rel-t9x-subwoofer-review.18673\/\" target=\"_blank\" rel=\"noopener\"><img loading=\"lazy\" decoding=\"async\" class=\"alignnone wp-image-24613\" src=\"https:\/\/hificlub.com.br\/loja\/wp-content\/uploads\/2025\/07\/Awards-AVForums-Recommended-award.jpg\" alt=\"\" width=\"146\" height=\"105\" \/><\/a><a href=\"\/\/rel.net\/cdn\/shop\/files\/HCC_320_REL_sub_Reprint-LOW-2.pdf?v=15415309654479057826\" target=\"_blank\" rel=\"noopener\"><img loading=\"lazy\" decoding=\"async\" class=\"alignnone wp-image-22261\" src=\"https:\/\/hificlub.com.br\/loja\/wp-content\/uploads\/2023\/10\/Awards-Home-Cinema-Choice-A.png\" alt=\"\" width=\"159\" height=\"112\" \/><\/a><\/p>\n","protected":false},"excerpt":{"rendered":"<p>Desbloqueie um desempenho mais r\u00e1pido e din\u00e2mico, proporcionando maior produ\u00e7\u00e3o e maior impacto, tudo isso dentro do seu or\u00e7amento. Amplificador Classe A\/B de 300 watts Driver ativo FibreAlloy\u2122 de 10&#8243; Driver passivo de disparo descendente de 10&#8243; Pronto para home theater S\u00e9rie T\/9x: Maior e Melhor A fun\u00e7\u00e3o de qualquer topo de linha para REL [&hellip;]<\/p>\n","protected":false},"featured_media":24649,"template":"","meta":{"_acf_changed":false},"product_brand":[],"product_cat":[17,155,36],"product_tag":[],"class_list":{"0":"post-24652","1":"product","2":"type-product","3":"status-publish","4":"has-post-thumbnail","6":"product_cat-caixas","7":"product_cat-rel","8":"product_cat-subwoofer","10":"first","11":"instock","12":"sold-individually","13":"shipping-taxable","14":"purchasable","15":"product-type-simple"},"acf":[],"aioseo_notices":[],"_links":{"self":[{"href":"https:\/\/hificlub.com.br\/loja\/wp-json\/wp\/v2\/product\/24652","targetHints":{"allow":["GET"]}}],"collection":[{"href":"https:\/\/hificlub.com.br\/loja\/wp-json\/wp\/v2\/product"}],"about":[{"href":"https:\/\/hificlub.com.br\/loja\/wp-json\/wp\/v2\/types\/product"}],"wp:featuredmedia":[{"embeddable":true,"href":"https:\/\/hificlub.com.br\/loja\/wp-json\/wp\/v2\/media\/24649"}],"wp:attachment":[{"href":"https:\/\/hificlub.com.br\/loja\/wp-json\/wp\/v2\/media?parent=24652"}],"wp:term":[{"taxonomy":"product_brand","embeddable":true,"href":"https:\/\/hificlub.com.br\/loja\/wp-json\/wp\/v2\/product_brand?post=24652"},{"taxonomy":"product_cat","embeddable":true,"href":"https:\/\/hificlub.com.br\/loja\/wp-json\/wp\/v2\/product_cat?post=24652"},{"taxonomy":"product_tag","embeddable":true,"href":"https:\/\/hificlub.com.br\/loja\/wp-json\/wp\/v2\/product_tag?post=24652"}],"curies":[{"name":"wp","href":"https:\/\/api.w.org\/{rel}","templated":true}]}}