{"id":24645,"date":"2025-07-30T18:30:06","date_gmt":"2025-07-30T21:30:06","guid":{"rendered":"https:\/\/hificlub.com.br\/loja\/?post_type=product&#038;p=24645"},"modified":"2026-03-03T22:15:31","modified_gmt":"2026-03-04T01:15:31","slug":"rel-t7x-subwoofer-com-driver-ativo-de-8-e-driver-passivo-de-10-200-watts-black","status":"publish","type":"product","link":"https:\/\/hificlub.com.br\/loja\/produto\/rel-t7x-subwoofer-com-driver-ativo-de-8-e-driver-passivo-de-10-200-watts-black\/","title":{"rendered":"REL T7X &#8211; Subwoofer com Driver Ativo de 8&#8243; e Driver Passivo de 10&#8243;, 200 watts, black"},"content":{"rendered":"<p>Potente. Equilibrado. Compacto.\u00a0Vers\u00e1til. O T\/7x \u00e9 a solu\u00e7\u00e3o definitiva para desempenho no mundo real.<\/p>\n<ul>\n<li>Amplificador Classe A\/B de 200 watts<\/li>\n<li>Driver ativo FibreAlloy\u2122 de 8&#8243;<\/li>\n<li>Driver passivo de disparo descendente de 10&#8243;<\/li>\n<li>Pronto para home theater<\/li>\n<\/ul>\n<p><strong>Filtrado para Pureza<\/strong><\/p>\n<p>A lend\u00e1ria conex\u00e3o de entrada de alto n\u00edvel e os filtros r\u00e1pidos do REL s\u00e3o um cap\u00edtulo significativo na hist\u00f3ria do REL. Conectar-se atrav\u00e9s das sa\u00eddas de alto-falante do seu amplificador sem extrair energia dele pode parecer m\u00e1gica, mas a verdadeira m\u00e1gica est\u00e1 na maneira como o som assume um car\u00e1ter natural e se mistura perfeitamente com seus alto-falantes. Afina\u00e7\u00e3o exclusiva e limitadores especiais significam que o T\/7x soa mais fresco, r\u00e1pido e din\u00e2mico do que antes.<\/p>\n<p>O T\/7x \u00e9, sem reservas, um dos RELs mais equilibrados de todos os tempos. Para atingir o equil\u00edbrio perfeito, um subwoofer deve pesar velocidade contra peso, garantindo ao mesmo tempo a verdadeira extens\u00e3o-profundidade &#8211; e fazer isso em um pacote fisicamente harmonioso. O T\/7x consegue fazer tudo parecer f\u00e1cil. R\u00e1pido e delicado para uma mistura perfeita, ele pode produzir graves excepcionalmente profundos e melodiosos que desmentem seu tamanho e tocam mais alto do que a maioria jamais exigir\u00e1.<\/p>\n<p><strong>Projetado para ser melhor<\/strong><\/p>\n<p>Muitos desconhecem a intensa conex\u00e3o entre desempenho e design aqui na REL. Desempenho \u00e9 tudo para n\u00f3s e leva a solu\u00e7\u00f5es de design f\u00edsico. \u00c9 por isso que nossos engenheiros, ao reconhecerem a necessidade de um gabinete com maior volume para atingir os objetivos de maior fluidez e pot\u00eancia, recorrem ao designer. Ele trabalha as dimens\u00f5es para enganar o olho, fazendo-o enxergar um espa\u00e7o menor e mais compacto, mesmo com o aumento do volume do gabinete. Utilizando raios de canto suavemente arredondados que permitem que o olhar flua e veja menos massa visual. O resultado \u00e9 moderno e limpo, sem adornos desnecess\u00e1rios.<\/p>\n<p>&nbsp;<\/p>\n<p><a href=\"https:\/\/www.tonepublications.com\/review\/rels-new-tx-subwoofers\/\" target=\"_blank\" rel=\"noopener\"><img loading=\"lazy\" decoding=\"async\" class=\"alignnone wp-image-24296 size-full\" src=\"https:\/\/hificlub.com.br\/loja\/wp-content\/uploads\/2023\/10\/TONE-award.jpg\" alt=\"\" width=\"275\" height=\"90\" \/><\/a><\/p>\n","protected":false},"excerpt":{"rendered":"<p>Potente. Equilibrado. Compacto.\u00a0Vers\u00e1til. O T\/7x \u00e9 a solu\u00e7\u00e3o definitiva para desempenho no mundo real. Amplificador Classe A\/B de 200 watts Driver ativo FibreAlloy\u2122 de 8&#8243; Driver passivo de disparo descendente de 10&#8243; Pronto para home theater Filtrado para Pureza A lend\u00e1ria conex\u00e3o de entrada de alto n\u00edvel e os filtros r\u00e1pidos do REL s\u00e3o um [&hellip;]<\/p>\n","protected":false},"featured_media":24646,"template":"","meta":{"_acf_changed":false},"product_brand":[],"product_cat":[17,168,155,36],"product_tag":[],"class_list":{"0":"post-24645","1":"product","2":"type-product","3":"status-publish","4":"has-post-thumbnail","6":"product_cat-caixas","7":"product_cat-marcas","8":"product_cat-rel","9":"product_cat-subwoofer","11":"first","12":"instock","13":"sold-individually","14":"shipping-taxable","15":"purchasable","16":"product-type-simple"},"acf":[],"aioseo_notices":[],"_links":{"self":[{"href":"https:\/\/hificlub.com.br\/loja\/wp-json\/wp\/v2\/product\/24645","targetHints":{"allow":["GET"]}}],"collection":[{"href":"https:\/\/hificlub.com.br\/loja\/wp-json\/wp\/v2\/product"}],"about":[{"href":"https:\/\/hificlub.com.br\/loja\/wp-json\/wp\/v2\/types\/product"}],"wp:featuredmedia":[{"embeddable":true,"href":"https:\/\/hificlub.com.br\/loja\/wp-json\/wp\/v2\/media\/24646"}],"wp:attachment":[{"href":"https:\/\/hificlub.com.br\/loja\/wp-json\/wp\/v2\/media?parent=24645"}],"wp:term":[{"taxonomy":"product_brand","embeddable":true,"href":"https:\/\/hificlub.com.br\/loja\/wp-json\/wp\/v2\/product_brand?post=24645"},{"taxonomy":"product_cat","embeddable":true,"href":"https:\/\/hificlub.com.br\/loja\/wp-json\/wp\/v2\/product_cat?post=24645"},{"taxonomy":"product_tag","embeddable":true,"href":"https:\/\/hificlub.com.br\/loja\/wp-json\/wp\/v2\/product_tag?post=24645"}],"curies":[{"name":"wp","href":"https:\/\/api.w.org\/{rel}","templated":true}]}}