{"id":24631,"date":"2025-07-30T17:52:29","date_gmt":"2025-07-30T20:52:29","guid":{"rendered":"https:\/\/hificlub.com.br\/loja\/?post_type=product&#038;p=24631"},"modified":"2026-03-03T22:15:32","modified_gmt":"2026-03-04T01:15:32","slug":"rel-s510-subwoofer-com-drive-ativo-de-10-e-drive-passivo-de-12-500-watts","status":"publish","type":"product","link":"https:\/\/hificlub.com.br\/loja\/produto\/rel-s510-subwoofer-com-drive-ativo-de-10-e-drive-passivo-de-12-500-watts\/","title":{"rendered":"REL S510 &#8211; Subwoofer com Drive Ativo de 10&#8243; e Drive Passivo de 12&#8243;, 500 watts, Black"},"content":{"rendered":"<div class=\"align-items-center mt-3 pt-1 pt-md-0\"><\/div>\n<div class=\" fs-xl lh-xl life-style-content-wrapper\">\n<div class=\"d-none d-md-block\" data-description=\"\">\n<div class=\"desc\">\n<div class=\"metafield-rich_text_field\">\n<div class=\"text-content \">\n<div class=\"metafield-rich_text_field\">\n<p>Experimente estilo incompar\u00e1vel, desempenho potente e velocidade de tirar o f\u00f4lego, tudo isso reunido em um design elegante e compacto<\/p>\n<ul>\n<li>Amplificador NextGen 3 Classe D de 500 watts<\/li>\n<li>Driver ativo CastAlloy\u2122 cont\u00ednuo de 10&#8243;<\/li>\n<li>Driver passivo de disparo descendente de 12&#8243;<\/li>\n<\/ul>\n<p><strong>Desempenho extremo<\/strong><\/p>\n<p>Para o S\/510, todos os aspectos do funcionamento interno da gera\u00e7\u00e3o anterior foram examinados, sem levar em conta seu sucesso cr\u00edtico e direcionado ao cliente. Voltamos o olhar para os requisitos de pot\u00eancia, melhorias no driver e filtros especiais, atualizando cada um deles para extrair todo o desempenho extra poss\u00edvel. Tudo isso junto com os refinamentos de gabinete necess\u00e1rios para que essas atualiza\u00e7\u00f5es surgissem com perfei\u00e7\u00e3o. Esta \u00faltima linha S \u00e9 um desenvolvimento triunfante que superou todas as expectativas da nossa equipe de design.<\/p>\n<p>Nossos requisitos eram uma sa\u00edda de graves profundos muito mais potente entre 20 e 35 Hz, din\u00e2mica de teatro significativamente aprimorada e um campo sonoro ainda mais aberto e espa\u00e7oso, que beneficia tanto a m\u00fasica quanto o cinema. Recorremos ao nosso amplificador NextGen 3, ajustado para 500 watts com reservas substanciais de pot\u00eancia, adicionamos uma fina pel\u00edcula de fibra de carbono na parte traseira do driver para lidar com a pot\u00eancia extra e desenvolvemos dois novos conjuntos de filtros personalizados para extrair o m\u00e1ximo em for\u00e7a bruta e amplitude. Por fim, dotamos o S\/510 com a capacidade de ser empilhado em line arrays de 4 ou 6 unidades, assim como nossos modelos de refer\u00eancia.<\/p>\n<p><strong>Pacote compacto de desempenho extremo<\/strong><\/p>\n<p>O S\/510 leva o conceito de chassi compacto-m\u00e9dio da REL a n\u00edveis de desempenho de refer\u00eancia, com estilo, pot\u00eancia e velocidade incr\u00edveis. O S\/510 permite que pessoas com menos espa\u00e7o, ou que usam caixas ac\u00fasticas de ponta um pouco menos robustas, tenham um parceiro de dan\u00e7a perfeito quando o S\/812 \u00e9 simplesmente um exagero. Para o S\/510, todos os aspectos do funcionamento interno da gera\u00e7\u00e3o anterior foram examinados, sem levar em conta seu sucesso cr\u00edtico e direcionado ao cliente. Voltamos o olhar para os requisitos de pot\u00eancia, melhorias no driver e filtros especiais,<\/p>\n<\/div>\n<\/div>\n<\/div>\n<\/div>\n<\/div>\n<\/div>\n<p>&nbsp;<\/p>\n<p><img loading=\"lazy\" decoding=\"async\" class=\"alignnone wp-image-17531\" src=\"https:\/\/hificlub.com.br\/loja\/wp-content\/uploads\/2024\/01\/awards-hifi-choice-4.jpg\" alt=\"\" width=\"167\" height=\"167\" srcset=\"https:\/\/hificlub.com.br\/loja\/wp-content\/uploads\/2024\/01\/awards-hifi-choice-4.jpg 225w, https:\/\/hificlub.com.br\/loja\/wp-content\/uploads\/2024\/01\/awards-hifi-choice-4-150x150.jpg 150w, https:\/\/hificlub.com.br\/loja\/wp-content\/uploads\/2024\/01\/awards-hifi-choice-4-100x100.jpg 100w\" sizes=\"auto, (max-width: 167px) 100vw, 167px\" \/>\u00a0 \u00a0 <a href=\"https:\/\/www.hifipig.com\/rel-acoustics-s-510-subwoofer\/\" target=\"_blank\" rel=\"noopener\"><img loading=\"lazy\" decoding=\"async\" class=\"alignnone wp-image-22812\" src=\"https:\/\/hificlub.com.br\/loja\/wp-content\/uploads\/2025\/06\/HiFiPig-magazine-award.jpg\" alt=\"\" width=\"244\" height=\"154\" srcset=\"https:\/\/hificlub.com.br\/loja\/wp-content\/uploads\/2025\/06\/HiFiPig-magazine-award.jpg 398w, https:\/\/hificlub.com.br\/loja\/wp-content\/uploads\/2025\/06\/HiFiPig-magazine-award-300x190.jpg 300w\" sizes=\"auto, (max-width: 244px) 100vw, 244px\" \/><\/a><\/p>\n","protected":false},"excerpt":{"rendered":"<p>Experimente estilo incompar\u00e1vel, desempenho potente e velocidade de tirar o f\u00f4lego, tudo isso reunido em um design elegante e compacto Amplificador NextGen 3 Classe D de 500 watts Driver ativo CastAlloy\u2122 cont\u00ednuo de 10&#8243; Driver passivo de disparo descendente de 12&#8243; Desempenho extremo Para o S\/510, todos os aspectos do funcionamento interno da gera\u00e7\u00e3o anterior [&hellip;]<\/p>\n","protected":false},"featured_media":24636,"template":"","meta":{"_acf_changed":false},"product_brand":[],"product_cat":[17,168,155,36],"product_tag":[],"class_list":{"0":"post-24631","1":"product","2":"type-product","3":"status-publish","4":"has-post-thumbnail","6":"product_cat-caixas","7":"product_cat-marcas","8":"product_cat-rel","9":"product_cat-subwoofer","11":"first","12":"instock","13":"sold-individually","14":"shipping-taxable","15":"purchasable","16":"product-type-simple"},"acf":[],"aioseo_notices":[],"_links":{"self":[{"href":"https:\/\/hificlub.com.br\/loja\/wp-json\/wp\/v2\/product\/24631","targetHints":{"allow":["GET"]}}],"collection":[{"href":"https:\/\/hificlub.com.br\/loja\/wp-json\/wp\/v2\/product"}],"about":[{"href":"https:\/\/hificlub.com.br\/loja\/wp-json\/wp\/v2\/types\/product"}],"wp:featuredmedia":[{"embeddable":true,"href":"https:\/\/hificlub.com.br\/loja\/wp-json\/wp\/v2\/media\/24636"}],"wp:attachment":[{"href":"https:\/\/hificlub.com.br\/loja\/wp-json\/wp\/v2\/media?parent=24631"}],"wp:term":[{"taxonomy":"product_brand","embeddable":true,"href":"https:\/\/hificlub.com.br\/loja\/wp-json\/wp\/v2\/product_brand?post=24631"},{"taxonomy":"product_cat","embeddable":true,"href":"https:\/\/hificlub.com.br\/loja\/wp-json\/wp\/v2\/product_cat?post=24631"},{"taxonomy":"product_tag","embeddable":true,"href":"https:\/\/hificlub.com.br\/loja\/wp-json\/wp\/v2\/product_tag?post=24631"}],"curies":[{"name":"wp","href":"https:\/\/api.w.org\/{rel}","templated":true}]}}