{"id":24612,"date":"2025-07-29T18:53:04","date_gmt":"2025-07-29T21:53:04","guid":{"rendered":"https:\/\/hificlub.com.br\/loja\/?post_type=product&#038;p=24612"},"modified":"2026-03-03T22:15:32","modified_gmt":"2026-03-04T01:15:32","slug":"rel-ht-1205-mkii-subwoofer-12-500-watts-black","status":"publish","type":"product","link":"https:\/\/hificlub.com.br\/loja\/produto\/rel-ht-1205-mkii-subwoofer-12-500-watts-black\/","title":{"rendered":"REL HT1205 MKII &#8211; Subwoofer 12&#8243;, 500 watts, Black"},"content":{"rendered":"<div class=\"align-items-center mt-3 pt-1 pt-md-0\">\n<p><span dir=\"auto\">O HT\/1205 MKII redefine o desempenho de subwoofers de home theater econ\u00f4micos, oferecendo pot\u00eancia e precis\u00e3o inigual\u00e1veis.<\/span><\/p>\n<ul>\n<li>Amplificador Classe D de 500 watts<\/li>\n<li>Driver CarbonGlas\u2122 de 12&#8243;<\/li>\n<li>O corpo \u00e9 finalizado com um composto de granula\u00e7\u00e3o linear<\/li>\n<li>Pronto para Home Theater<\/li>\n<\/ul>\n<p>A S\u00e9rie HT foi projetada especificamente para responder ao desafio de criar subwoofers de home theater puros, com pre\u00e7o acess\u00edvel, excepcionalmente din\u00e2micos e com pot\u00eancia de 12&#8243;. O HT\/1205 MKII \u00e9 a combina\u00e7\u00e3o ideal de um driver CarbonGlas\u2122 (300 mm) leve e moderno de 12&#8243; acoplado a um potente amplificador Classe D de 500 W que funciona com refrigera\u00e7\u00e3o, produzindo uma din\u00e2mica extraordin\u00e1ria. Internamente, desenvolvemos filtros de entrada de home theater especialmente adaptados que produzem graves extremamente planos na faixa de 20 Hz.<\/p>\n<\/div>\n<p><span dir=\"auto\">Nosso objetivo era construir a unidade de 12&#8243; mais alta e relativamente compacta dispon\u00edvel para uso exclusivo em home theater, e a um pre\u00e7o realmente atraente. Voc\u00ea ser\u00e1 o juiz de qu\u00e3o bem alcan\u00e7amos esse objetivo, mas os cr\u00edticos j\u00e1 est\u00e3o fazendo fila para avalia\u00e7\u00f5es. Acreditamos que o HT\/1205 MKII est\u00e1 destinado a se tornar um cl\u00e1ssico moderno com dimens\u00f5es de gabinete esbeltas, com acabamento em alum\u00ednio preto granulado, atraente, por\u00e9m proposital, e encimado por uma parte superior de 12 mm de espessura, lindamente polida, que serve para amortecer as vibra\u00e7\u00f5es na superf\u00edcie superior cr\u00edtica do gabinete.<\/span><\/p>\n<p><span dir=\"auto\">Para propriet\u00e1rios de REL que j\u00e1 apreciam nossos subwoofers Reference, Serie S e T\/i projetados para uso em 2 canais e em teatro, o HT\/1205 MKII foi projetado para complementar a sa\u00edda .1\/LFE do sistema para produzir uma sa\u00edda extremamente alta para efeitos especiais de home theater que ressoam no peito.<\/span><\/p>\n<p><strong><span dir=\"auto\">Agora ou\u00e7a isso!<\/span><\/strong><\/p>\n<div class=\"text-content \">\n<div class=\"metafield-rich_text_field\">\n<p><span dir=\"auto\">Amplificadores fazem o trabalho pesado em um subwoofer de teatro. Recorremos a um verdadeiro fornecedor de amplificadores de primeira linha para desenvolver nosso projeto mais recente \u2014 eles n\u00e3o decepcionaram. Inclu\u00edram placas mais espessas, atualizaram as fontes de alimenta\u00e7\u00e3o e fizeram tudo o que resultou em um amplificador brutalmente potente com longevidade not\u00e1vel. Al\u00e9m disso, os m\u00f3dulos de pot\u00eancia MOSFET de 800 watts significam que este amplificador est\u00e1 apenas navegando em sua classifica\u00e7\u00e3o de 500 watts. Ele produz um som verdadeiramente inspirador. Enquanto o teatro recebe todas as manchetes, o grande segredo do HT\/1205 MKII \u00e9 que ele soa sublime em aplica\u00e7\u00f5es musicais. Grande e com som robusto, certamente se tornar\u00e1 um cl\u00e1ssico instant\u00e2neo.<\/span><\/p>\n<p><strong><span dir=\"auto\">PerfectFilters\u2122: Onde Tudo Come\u00e7a \u2013 Amplificador<\/span><\/strong><\/p>\n<p><span dir=\"auto\">Os filtros de entrada REL s\u00e3o renomados em todo o mundo do \u00e1udio. Eles re\u00fanem crossovers ultrarr\u00e1pidos, filtros de eleva\u00e7\u00e3o que estendem a planura dos graves profundos e limitadores integrados com som explosivo. Esta s\u00e9rie compacta de circuitos anal\u00f3gicos \u00e9 a receita secreta da REL para som de m\u00fasica e cinema. Refinados nesta segunda gera\u00e7\u00e3o, os filtros secund\u00e1rios t\u00eam frequ\u00eancias muito mais altas; eles tornam a rarefa\u00e7\u00e3o do ar no som de uma explos\u00e3o muito mais realista. Al\u00e9m disso, nosso circuito mais recente inclui um filtro subs\u00f4nico totalmente anal\u00f3gico que come\u00e7a em frequ\u00eancias t\u00e3o baixas quanto 8 Hz para minimizar os efeitos do infra-ru\u00eddo de trilhas sonoras que se estendem bem abaixo do ponto de resson\u00e2ncia do driver. O resultado \u00e9 uma pot\u00eancia incr\u00edvel, com a capacidade de tocar at\u00e9 o limite do driver sem distor\u00e7\u00e3o.<\/span><\/p>\n<\/div>\n<\/div>\n<p>&nbsp;<\/p>\n<p><a href=\"\/\/rel.net\/cdn\/shop\/files\/REL-HT1205-MkII-Review-AvForums.pdf?v=5892793662187721772\" target=\"_blank\" rel=\"noopener\"><img loading=\"lazy\" decoding=\"async\" class=\"alignnone wp-image-24613 size-full\" src=\"https:\/\/hificlub.com.br\/loja\/wp-content\/uploads\/2025\/07\/Awards-AVForums-Recommended-award.jpg\" alt=\"\" width=\"132\" height=\"95\" \/>\u00a0\u00a0\u00a0\u00a0 <\/a><a href=\"https:\/\/hometheaterreview.com\/rel-acoustics-ht-1205-mkii-review-a-home-theater-subwoofer-that-might-make-your-neighbors-hate-you\/\" target=\"_blank\" rel=\"noopener\"><img loading=\"lazy\" decoding=\"async\" class=\"alignnone wp-image-24614\" src=\"https:\/\/hificlub.com.br\/loja\/wp-content\/uploads\/2025\/07\/Home-Theater-Review-awards.png\" alt=\"\" width=\"430\" height=\"93\" srcset=\"https:\/\/hificlub.com.br\/loja\/wp-content\/uploads\/2025\/07\/Home-Theater-Review-awards.png 310w, https:\/\/hificlub.com.br\/loja\/wp-content\/uploads\/2025\/07\/Home-Theater-Review-awards-300x65.png 300w\" sizes=\"auto, (max-width: 430px) 100vw, 430px\" \/><\/a><\/p>\n","protected":false},"excerpt":{"rendered":"<p>O HT\/1205 MKII redefine o desempenho de subwoofers de home theater econ\u00f4micos, oferecendo pot\u00eancia e precis\u00e3o inigual\u00e1veis. Amplificador Classe D de 500 watts Driver CarbonGlas\u2122 de 12&#8243; O corpo \u00e9 finalizado com um composto de granula\u00e7\u00e3o linear Pronto para Home Theater A S\u00e9rie HT foi projetada especificamente para responder ao desafio de criar subwoofers de [&hellip;]<\/p>\n","protected":false},"featured_media":24620,"template":"","meta":{"_acf_changed":false},"product_brand":[],"product_cat":[17,155,36],"product_tag":[],"class_list":{"0":"post-24612","1":"product","2":"type-product","3":"status-publish","4":"has-post-thumbnail","6":"product_cat-caixas","7":"product_cat-rel","8":"product_cat-subwoofer","10":"first","11":"instock","12":"sold-individually","13":"shipping-taxable","14":"purchasable","15":"product-type-simple"},"acf":[],"aioseo_notices":[],"_links":{"self":[{"href":"https:\/\/hificlub.com.br\/loja\/wp-json\/wp\/v2\/product\/24612","targetHints":{"allow":["GET"]}}],"collection":[{"href":"https:\/\/hificlub.com.br\/loja\/wp-json\/wp\/v2\/product"}],"about":[{"href":"https:\/\/hificlub.com.br\/loja\/wp-json\/wp\/v2\/types\/product"}],"wp:featuredmedia":[{"embeddable":true,"href":"https:\/\/hificlub.com.br\/loja\/wp-json\/wp\/v2\/media\/24620"}],"wp:attachment":[{"href":"https:\/\/hificlub.com.br\/loja\/wp-json\/wp\/v2\/media?parent=24612"}],"wp:term":[{"taxonomy":"product_brand","embeddable":true,"href":"https:\/\/hificlub.com.br\/loja\/wp-json\/wp\/v2\/product_brand?post=24612"},{"taxonomy":"product_cat","embeddable":true,"href":"https:\/\/hificlub.com.br\/loja\/wp-json\/wp\/v2\/product_cat?post=24612"},{"taxonomy":"product_tag","embeddable":true,"href":"https:\/\/hificlub.com.br\/loja\/wp-json\/wp\/v2\/product_tag?post=24612"}],"curies":[{"name":"wp","href":"https:\/\/api.w.org\/{rel}","templated":true}]}}