{"id":24606,"date":"2025-07-30T18:55:40","date_gmt":"2025-07-30T21:55:40","guid":{"rendered":"https:\/\/hificlub.com.br\/loja\/?post_type=product&#038;p=24606"},"modified":"2026-03-03T22:15:31","modified_gmt":"2026-03-04T01:15:31","slug":"rel-ht1003-mkii-subwoofer-10-300-watts-black","status":"publish","type":"product","link":"https:\/\/hificlub.com.br\/loja\/produto\/rel-ht1003-mkii-subwoofer-10-300-watts-black\/","title":{"rendered":"REL HT1003 MKII &#8211; Subwoofer 10&#8243;, 300 watts, Black"},"content":{"rendered":"<div class=\"align-items-center mt-3 pt-1 pt-md-0\">\n<p>O HT\/1003 MKII possui uma enorme pot\u00eancia em um design compacto e elegante\u2014tocando DUAS vezes mais alto que o original. Desempenho de abalar a Terra a um valor imbat\u00edvel.<\/p>\n<ul>\n<li>Amplificador Classe D de 300 Watts<\/li>\n<li>10&#8243; Driver CarbonGlas\u2122<\/li>\n<li>Corpo \u00e9 terminado com um composto granulado em linha<\/li>\n<li>Home Teatro Pronto<\/li>\n<\/ul>\n<\/div>\n<p>Talvez a atualiza\u00e7\u00e3o mais dram\u00e1tica em toda a faixa HT seja entregue pelo not\u00e1vel HT\/1003 MKII. No teatro, nada impressiona como a sa\u00edda bruta, mesmo que n\u00e3o se use toda ela. O aumento de espa\u00e7o livre utiliz\u00e1vel da HT\/1003 MKII confere uma facilidade ao som com a qual os designs menores n\u00e3o podem competir. Aqui, percebemos uma sa\u00edda 10 dB mais alta (isso \u00e9 duas vezes mais alto) sobre seu suporte. Tal como acontece com seus irm\u00e3os maiores, HT\/1003 MKII recebe o conjunto completo de atualiza\u00e7\u00f5es MKII. Em primeiro lugar, um filtro secund\u00e1rio superior permite que a energia se estenda mais acima no espectro s\u00f4nico significa que as explos\u00f5es est\u00e3o mais selvagens do que nunca. Em seguida, um PerfectFilter\u2122 totalmente anal\u00f3gico levanta e estende o baixo mais profundo. Al\u00e9m disso, um filtro subs\u00f4nico anal\u00f3gico filtra os sinais que podem levar a danos abaixo de 20Hz. Tudo isso \u00e9 embalado no mesmo visual sexy e s\u00e9rio que se mistura perfeitamente com a nossa S\u00e9rie T\/x e S para uso em sistemas HT-3D. Al\u00e9m disso, melhorias no driver, amplificador,\u00a0e filtros significa que esta \u00faltima vers\u00e3o \u00e9 agora um sub seriamente musical.<\/p>\n<p><strong><span dir=\"auto\">Excel\u00eancia Amplificada<\/span><\/strong><\/p>\n<div class=\"text-content \">\n<div class=\"metafield-rich_text_field\">\n<p><span dir=\"auto\">Amplificadores fazem o trabalho sujo e pesado em um subwoofer de teatro. Recorremos a um verdadeiro fornecedor de amplificadores de primeira linha para desenvolver nosso projeto mais recente; eles n\u00e3o decepcionaram. Criaram placas mais espessas e atualizaram as fontes de alimenta\u00e7\u00e3o \u2014 tudo isso, embora n\u00e3o seja atraente, resulta em um amplificador de 300 W brutalmente potente (voc\u00ea sabia que todos os RELs s\u00e3o especificados como RMS Cont\u00ednuo, assim como um amplificador monobloco grande e caro de 300 W?) com longevidade not\u00e1vel. Ele gera um som verdadeiramente inspirador. Embora suas aplica\u00e7\u00f5es em teatros recebam todas as manchetes, seu grande segredo \u00e9 que ele soa sublime em aplica\u00e7\u00f5es musicais. Grande e com som robusto, o HT\/1003 MKII certamente se tornar\u00e1 um cl\u00e1ssico instant\u00e2neo.<\/span><\/p>\n<p><strong><span dir=\"auto\">PerfectFilters\u2122: Onde a Perfei\u00e7\u00e3o Come\u00e7a<\/span><\/strong><\/p>\n<p><span dir=\"auto\">Os filtros de entrada REL s\u00e3o renomados em todo o mundo do \u00e1udio. Eles re\u00fanem crossovers anal\u00f3gicos ultrarr\u00e1pidos, filtros de eleva\u00e7\u00e3o projetados pelo cliente que estendem a planura dos graves profundos e limitadores integrados que permitem que toda a pot\u00eancia exploda para fora. Esta s\u00e9rie compacta de circuitos anal\u00f3gicos \u00e9 a receita secreta da REL para o som de m\u00fasica e cinema. Refinados nesta segunda gera\u00e7\u00e3o, os filtros secund\u00e1rios utilizados agora permitem a extens\u00e3o para uma frequ\u00eancia muito mais alta, permitindo que a rarefa\u00e7\u00e3o do ar no som de uma explos\u00e3o pare\u00e7a muito mais realista. Al\u00e9m disso, nosso circuito mais recente inclui um filtro subs\u00f4nico totalmente anal\u00f3gico que come\u00e7a em at\u00e9 12 Hz para minimizar os efeitos do infra-ru\u00eddo de trilhas sonoras que se estendem bem abaixo do ponto de resson\u00e2ncia do driver. O resultado \u00e9 uma pot\u00eancia incr\u00edvel, com a capacidade de atingir o limite do driver sem distor\u00e7\u00e3o.<\/span><\/p>\n<\/div>\n<\/div>\n<p>&nbsp;<\/p>\n<p><img loading=\"lazy\" decoding=\"async\" class=\"alignnone wp-image-13473\" src=\"https:\/\/hificlub.com.br\/loja\/wp-content\/uploads\/2024\/01\/awards-home-cinema-choice.jpg\" alt=\"\" width=\"182\" height=\"119\" \/><\/p>\n<p>&nbsp;<\/p>\n","protected":false},"excerpt":{"rendered":"<p>O HT\/1003 MKII possui uma enorme pot\u00eancia em um design compacto e elegante\u2014tocando DUAS vezes mais alto que o original. Desempenho de abalar a Terra a um valor imbat\u00edvel. Amplificador Classe D de 300 Watts 10&#8243; Driver CarbonGlas\u2122 Corpo \u00e9 terminado com um composto granulado em linha Home Teatro Pronto Talvez a atualiza\u00e7\u00e3o mais dram\u00e1tica [&hellip;]<\/p>\n","protected":false},"featured_media":24608,"template":"","meta":{"_acf_changed":false},"product_brand":[],"product_cat":[17,155,36],"product_tag":[],"class_list":{"0":"post-24606","1":"product","2":"type-product","3":"status-publish","4":"has-post-thumbnail","6":"product_cat-caixas","7":"product_cat-rel","8":"product_cat-subwoofer","10":"first","11":"instock","12":"sold-individually","13":"shipping-taxable","14":"purchasable","15":"product-type-simple"},"acf":[],"aioseo_notices":[],"_links":{"self":[{"href":"https:\/\/hificlub.com.br\/loja\/wp-json\/wp\/v2\/product\/24606","targetHints":{"allow":["GET"]}}],"collection":[{"href":"https:\/\/hificlub.com.br\/loja\/wp-json\/wp\/v2\/product"}],"about":[{"href":"https:\/\/hificlub.com.br\/loja\/wp-json\/wp\/v2\/types\/product"}],"wp:featuredmedia":[{"embeddable":true,"href":"https:\/\/hificlub.com.br\/loja\/wp-json\/wp\/v2\/media\/24608"}],"wp:attachment":[{"href":"https:\/\/hificlub.com.br\/loja\/wp-json\/wp\/v2\/media?parent=24606"}],"wp:term":[{"taxonomy":"product_brand","embeddable":true,"href":"https:\/\/hificlub.com.br\/loja\/wp-json\/wp\/v2\/product_brand?post=24606"},{"taxonomy":"product_cat","embeddable":true,"href":"https:\/\/hificlub.com.br\/loja\/wp-json\/wp\/v2\/product_cat?post=24606"},{"taxonomy":"product_tag","embeddable":true,"href":"https:\/\/hificlub.com.br\/loja\/wp-json\/wp\/v2\/product_tag?post=24606"}],"curies":[{"name":"wp","href":"https:\/\/api.w.org\/{rel}","templated":true}]}}