{"id":24580,"date":"2025-07-28T18:49:08","date_gmt":"2025-07-28T21:49:08","guid":{"rendered":"https:\/\/hificlub.com.br\/loja\/?post_type=product&#038;p=24580"},"modified":"2026-03-13T06:40:23","modified_gmt":"2026-03-13T09:40:23","slug":"eversolo-dmp-a6-master-edition-geracao-2-streamer-de-musica-de-alta-fidelidade-bluetooth-5-0","status":"publish","type":"product","link":"https:\/\/hificlub.com.br\/loja\/produto\/eversolo-dmp-a6-master-edition-geracao-2-streamer-de-musica-de-alta-fidelidade-bluetooth-5-0\/","title":{"rendered":"EVERSOLO DMP-A6 Master Edition Gera\u00e7\u00e3o 2 &#8211; Streamer de M\u00fasica de Alta Fidelidade, Bluetooth 5.0"},"content":{"rendered":"<p class=\"wow animate__fadeInUp animated\"><strong>Streamer de m\u00fasica de alta fidelidade que combina q<span class=\"title2Span\" data-v-0f9dfebd=\"\">ualidade de som excepcional<\/span> com tecnologia futurista.<\/strong><\/p>\n<p>O Eversolo DMP-A6 Master Edition Gen 2 \u00e9 um streamer Hi-Fi que combina perfeitamente qualidade de som excepcional com tecnologia de ponta. \u00c9 mais do que um simples dispositivo de \u00e1udio; \u00e9 uma nova maneira de se conectar com o mundo da m\u00fasica. Do design do hardware ao processamento de \u00e1udio, cada detalhe do DMP-A6 Master Edition Gen 2 foi meticulosamente criado para audi\u00f3filos que buscam a melhor experi\u00eancia auditiva. Ele n\u00e3o apenas atende \u00e0s suas necessidades auditivas, como tamb\u00e9m transforma cada jornada musical em uma maravilhosa explora\u00e7\u00e3o art\u00edstica.<\/p>\n<p><strong>Constru\u00e7\u00e3o totalmente em alum\u00ednio\u00a0de n\u00edvel aeroespacial<\/strong><\/p>\n<p>A unidade \u00e9 constru\u00edda em alum\u00ednio integrado de n\u00edvel aeroespacial, processado com t\u00e9cnicas CNC precisas. A apar\u00eancia robusta e elegante do alum\u00ednio aumenta a durabilidade, ao mesmo tempo que protege eficazmente contra interfer\u00eancias externas, garantindo uma transmiss\u00e3o de sinal de \u00e1udio pura. A textura fosca refinada adiciona um toque de luxo, transformando cada intera\u00e7\u00e3o em uma experi\u00eancia sensorial requintada.<\/p>\n<p><strong>Tela grande de alta resolu\u00e7\u00e3o com\u00a0n\u00edvel de retina<\/strong><\/p>\n<p>O amplo display touchscreen combina praticidade e beleza. A alta resolu\u00e7\u00e3o torna as informa\u00e7\u00f5es e os controles de reprodu\u00e7\u00e3o claros e f\u00e1ceis de entender. Seja navegando na sua biblioteca de m\u00fasicas ou ajustando as configura\u00e7\u00f5es, tudo \u00e9 intuitivo e fluido.<\/p>\n<p><strong>Luz din\u00e2mica RGB<\/strong><\/p>\n<p>O nov\u00edssimo bot\u00e3o de volume do DMP-A6 Master Edition Gen 2 emite um halo de luz gradiente cativante, adicionando um toque emocional e elevando a experi\u00eancia de opera\u00e7\u00e3o.<\/p>\n<p><strong>Gerenciamento de sincroniza\u00e7\u00e3o de rel\u00f3gio femtossegundo com\u00a0jitter ultrabaixo<\/strong><\/p>\n<p>O sistema de clock foi aprimorado com jitter de ru\u00eddo ultrabaixo, tornando os sinais de \u00e1udio digitais ainda mais puros. A combina\u00e7\u00e3o de osciladores de clock com jitter de ru\u00eddo ultrabaixo e algoritmos otimizados reduz o jitter de clock a um n\u00edvel extremamente baixo, garantindo ritmo est\u00e1vel e qualidade tonal pura na m\u00fasica.<\/p>\n<p><strong>Rede de Amplificadores Operacionais I\/V\u00a0OPA1612<\/strong><\/p>\n<p>O DMP-A6 Master Edition Gen 2 adota o conjunto de amplificadores OPA1612, com ru\u00eddo de at\u00e9 1,1 nV\/\u221aHz e uma taxa de distor\u00e7\u00e3o de apenas 0,000015% a 1 kHz. Isso garante amplifica\u00e7\u00e3o e transmiss\u00e3o de sinal sem perdas, aprimorando significativamente a faixa din\u00e2mica e a integridade do som. Adapta-se a v\u00e1rios m\u00e9todos de sa\u00edda, proporcionando a experi\u00eancia auditiva ideal.<\/p>\n<p><strong>Fonte de alimenta\u00e7\u00e3o linear de \u00e1udio\u00a0com ru\u00eddo ultrabaixo<\/strong><\/p>\n<p>A fonte de alimenta\u00e7\u00e3o linear rec\u00e9m-atualizada opera com um n\u00edvel de ru\u00eddo abaixo de 40 uV, fornecendo uma fonte de alimenta\u00e7\u00e3o mais limpa e est\u00e1vel para o circuito de \u00e1udio.<\/p>\n<p><strong>Arquitetura de circuito\u00a0totalmente balanceado<\/strong><\/p>\n<p>O design totalmente balanceado, da decodifica\u00e7\u00e3o \u00e0 sa\u00edda, aliado \u00e0s interfaces XLR balanceadas e RCA n\u00e3o balanceadas, proporciona menor distor\u00e7\u00e3o e maior alcance din\u00e2mico. Seja conectando amplificadores de pot\u00eancia ou um alto-falante ativo, o DMP-A6 Master Edition Gen 2 garante uma express\u00e3o sonora mais detalhada e precisa.<\/p>\n<p><strong>Chips DAC de alta fidelidade\u00a0ES9038Q2M\u00a0duplos<\/strong><\/p>\n<p>Dois chips DAC de alto desempenho processam os canais esquerdo e direito de forma independente, proporcionando uma incr\u00edvel faixa din\u00e2mica e resolu\u00e7\u00e3o detalhada. At\u00e9 sinfonias complexas s\u00e3o reproduzidas com clareza, reproduzindo fielmente o ambiente sonoro e a atmosfera da grava\u00e7\u00e3o ao vivo.<\/p>\n<p><strong>Interface de \u00e1udio XMOS XU316<\/strong><\/p>\n<p>O chip XMOS atualizado oferece poder de processamento significativamente aprimorado, suportando decodifica\u00e7\u00e3o DSD512 Native e PCM 768 kHz a 32 bits, garantindo que o \u00e1udio de alta resolu\u00e7\u00e3o seja entregue em sua qualidade nativa, tornando cada nota rica e cativante.<\/p>\n<p><strong>Motor de \u00e1udio\u00a0EOS\u00a0desenvolvido pela Eversolo<\/strong><\/p>\n<p>O inovador mecanismo de processamento de \u00e1udio ignora as limita\u00e7\u00f5es do SRC, proporcionando qualidade de som original de alta fidelidade. Seja reproduzindo m\u00fasica local ou transmitindo de aplicativos de terceiros (como o Apple Music), ele garante a melhor resolu\u00e7\u00e3o de reprodu\u00e7\u00e3o.<\/p>\n<p><strong>Motor de sa\u00edda\u00a0EVC<\/strong><\/p>\n<p>O mecanismo EVC usa um algoritmo exclusivo de ajuste de volume para eliminar precisamente erros em diferentes n\u00edveis de ganho, garantindo que, ao ajustar o volume, o formato do sinal permane\u00e7a inalterado, fornecendo assim ao DAC de back-end informa\u00e7\u00f5es de \u00e1udio mais completas.<\/p>\n<p><strong>Suporta v\u00e1rios formatos mestre<\/strong><\/p>\n<p>O DMP-A6 Master Edition Gen 2 suporta uma ampla gama de formatos de m\u00fasica de alta fidelidade, incluindo DSD, MQA, FLAC, APE e WAV, atendendo \u00e0s diversas necessidades dos entusiastas de \u00e1udio de alta resolu\u00e7\u00e3o. Da m\u00fasica cl\u00e1ssica \u00e0 eletr\u00f4nica, voc\u00ea sempre pode desfrutar de uma m\u00fasica t\u00e3o pura quanto a grava\u00e7\u00e3o original.<\/p>\n<p><strong>Servi\u00e7os\u00a0abrangentes de m\u00fasica tradicional<\/strong><\/p>\n<p>Com uma profunda integra\u00e7\u00e3o de sistemas, acesse facilmente uma ampla gama de servi\u00e7os de streaming populares, incluindo as vers\u00f5es personalizadas eversolo do TIDAL, Qobuz, Highresaudio, Presto Music, Radio Paradise e muito mais. Descubra as \u00faltimas novidades em alta resolu\u00e7\u00e3o a qualquer momento, enriquecendo sua biblioteca musical e satisfazendo todas as suas explora\u00e7\u00f5es musicais.<\/p>\n<p><strong>Crie sua\u00a0biblioteca musical personalizada<\/strong><\/p>\n<p>O DMP-A6 Master Edition Gen 2 n\u00e3o s\u00f3 possui poderosos recursos de reprodu\u00e7\u00e3o e decodifica\u00e7\u00e3o, como tamb\u00e9m suporta a adi\u00e7\u00e3o multiplataforma de arquivos de m\u00fasica a partir de unidades locais ou armazenamento em rede. Ele categoriza e exibe automaticamente informa\u00e7\u00f5es como artistas, compositores, \u00e1lbuns, g\u00eanero, taxa de amostragem e assim por diante, al\u00e9m de suportar fun\u00e7\u00f5es como buscas r\u00e1pidas, criando uma biblioteca de m\u00fasicas dedicada exclusivamente para voc\u00ea (os arquivos de m\u00fasica precisam conter metadados ID3).<\/p>\n<p>*Suporta reprodu\u00e7\u00e3o sem intervalos<\/p>\n<p><strong>Filas e listas de reprodu\u00e7\u00e3o h\u00edbridas\u00a0entre servi\u00e7os<\/strong><\/p>\n<p>Com v\u00e1rios servi\u00e7os de m\u00fasica integrados, voc\u00ea pode personalizar facilmente suas pr\u00f3prias playlists e filas h\u00edbridas entre servi\u00e7os. Sejam faixas favoritas de diferentes plataformas ou uma mistura de v\u00e1rios estilos musicais, o DMP-A6 Master Edition Gen 2 integra tudo perfeitamente.<\/p>\n<p><strong>Roon Ready e Tidal Connect<\/strong><\/p>\n<p>Compat\u00edvel perfeitamente com Roon e TIDAL Connect, integrando seu ecossistema de m\u00fasica digital e otimizando sua experi\u00eancia de streaming. Com apenas um toque na tela ou por meio de um aplicativo m\u00f3vel, voc\u00ea pode alternar facilmente entre dispositivos e mergulhar na m\u00fasica a qualquer momento.<\/p>\n<p><strong>Cole\u00e7\u00e3o\u00a0Global de M\u00fasica<\/strong><\/p>\n<p>A cole\u00e7\u00e3o global de m\u00fasicas multiplataforma integra favoritos de diversas plataformas de m\u00fasica online. Com categoriza\u00e7\u00e3o e busca inteligentes, encontrar suas faixas favoritas nunca foi t\u00e3o f\u00e1cil.<\/p>\n<p><strong>Equalizador de 10 bandas\u00a0com personaliza\u00e7\u00e3o de n\u00edvel profissional<\/strong><\/p>\n<p>Com um equalizador profissional, os usu\u00e1rios podem personalizar as configura\u00e7\u00f5es e os par\u00e2metros de acordo com suas prefer\u00eancias pessoais. Ele oferece ajustes precisos de ganho de equaliza\u00e7\u00e3o e balanceamento de volume preciso para os canais esquerdo e direito<\/p>\n<p><strong>Cobertura abrangente\u00a0de protocolos de compartilhamento e nuvem de rede<\/strong><\/p>\n<p>Compartilhe facilmente arquivos locais entre dispositivos na sua rede local sem configura\u00e7\u00e3o extra, aproveitando o compartilhamento pr\u00e1tico de m\u00fasicas.<\/p>\n<p><strong>4 GB\u00a0de mem\u00f3ria DDR +\u00a032 GB\u00a0de armazenamento eMMC<\/strong><\/p>\n<p>A grande mem\u00f3ria garante multitarefas est\u00e1veis, enquanto 32 GB de armazenamento interno s\u00e3o perfeitos para armazenar arquivos de \u00e1udio de alta qualidade e recursos do sistema.<\/p>\n<p><strong>Suporta\u00a0SSD\u00a0M.2 NVMe<\/strong><\/p>\n<p>O slot SSD na parte inferior suporta SSDs de at\u00e9 8 TB, permitindo que voc\u00ea expanda sua biblioteca de m\u00fasicas. Interfaces de alta velocidade garantem carregamento e reprodu\u00e7\u00e3o instant\u00e2neos, tudo suave e est\u00e1vel.<\/p>\n<p><strong>Processador ARM Cortex-A55\u00a0Quad-Core<\/strong><\/p>\n<p>O potente processador quad-core oferece excelente desempenho, facilitando a decodifica\u00e7\u00e3o, a opera\u00e7\u00e3o e a multitarefa. Seja carregando arquivos grandes ou processando fluxos de \u00e1udio de alta especifica\u00e7\u00e3o, ele lida com tudo isso sem esfor\u00e7o.<\/p>\n<p><strong>HDMI\u00a0ARC<\/strong><\/p>\n<p>O HDMI ARC permite a transmiss\u00e3o direta do \u00e1udio da TV para o DMP-A6 Master Edition Gen 2.<\/p>\n<p><strong>Sa\u00edda multicanal\u00a0HDMI<\/strong><\/p>\n<p>Suporta DSD Native e sa\u00edda de at\u00e9 5.1 canais, combinando m\u00fasica e home theater para uma experi\u00eancia de som surround emocionante.<\/p>\n<p><strong>M\u00f3dulo\u00a0Bluetooth\u00a05.0<\/strong><\/p>\n<p>Com o chip Qualcomm QCC5125, ele oferece baixa lat\u00eancia, transmiss\u00e3o de alta qualidade e suporta codecs SBC e AAC, garantindo conectividade perfeita entre seu dispositivo m\u00f3vel e o player.<\/p>\n<p><strong>Compat\u00edvel com\u00a0v\u00e1rios protocolos<\/strong><\/p>\n<p>Suporta protocolos NFS, SMB, WebDAV e UPnP, facilitando a extra\u00e7\u00e3o de m\u00fasicas de dispositivos de armazenamento dom\u00e9stico ou computadores pessoais com opera\u00e7\u00f5es simples e intuitivas.<\/p>\n<p><strong>Suporta\u00a0CD-ROM USB externo<\/strong><\/p>\n<p>Revitalize sua cole\u00e7\u00e3o de CDs com suporte para reprodu\u00e7\u00e3o e extra\u00e7\u00e3o, digitalizando e preservando facilmente \u00e1lbuns de CD tradicionais.<\/p>\n<p><strong>Integra\u00e7\u00e3o perfeita<\/strong><\/p>\n<p>Suporta HDMI ARC e a fun\u00e7\u00e3o TRIGGER. O HDMI ARC permite a transmiss\u00e3o direta do \u00e1udio da TV para o DMP-A6 Master Edition Gen 2, reduzindo a necessidade de cabos. O TRIGGER permite que os dispositivos interajam entre si, ligando e desligando automaticamente. Perfeito para sistemas de home theater, oferecendo uma solu\u00e7\u00e3o de \u00e1udio simples e eficiente.<\/p>\n<p><strong>Recurso\u00a0WOL\u00a0(Wake-on-LAN) adicionado<\/strong><\/p>\n<p>O DMP-A6 Master Edition Gen 2 apresenta o recurso WOL (Wake-on-LAN), que permite ativar o dispositivo por meio do aplicativo sem interven\u00e7\u00e3o manual. Esse recurso torna suas m\u00fasicas acess\u00edveis a qualquer hora e em qualquer lugar, aprimorando a conveni\u00eancia da sua experi\u00eancia HiFi.<\/p>\n<p>*Requer uma conex\u00e3o de rede com fio.<\/p>\n<p><strong>Controle eversolo<\/strong><\/p>\n<p>Controle facilmente via smartphone ou tablet, gerenciando sua biblioteca de m\u00fasicas, ajustando configura\u00e7\u00f5es ou selecionando dispositivos de reprodu\u00e7\u00e3o, oferecendo uma experi\u00eancia musical mais personalizada e f\u00e1cil de usar.<\/p>\n<p>&nbsp;<\/p>\n<p><a href=\"https:\/\/stereonet.com\/reviews\/eversolo-dmp-a6-master-edition-gen-2-streamer-review\" target=\"_blank\" rel=\"noopener\"><img loading=\"lazy\" decoding=\"async\" class=\"alignnone wp-image-23712\" src=\"https:\/\/hificlub.com.br\/loja\/wp-content\/uploads\/2025\/06\/Awards-StereoNet-3.png\" alt=\"\" width=\"133\" height=\"133\" srcset=\"https:\/\/hificlub.com.br\/loja\/wp-content\/uploads\/2025\/06\/Awards-StereoNet-3.png 225w, https:\/\/hificlub.com.br\/loja\/wp-content\/uploads\/2025\/06\/Awards-StereoNet-3-150x150.png 150w, https:\/\/hificlub.com.br\/loja\/wp-content\/uploads\/2025\/06\/Awards-StereoNet-3-100x100.png 100w\" sizes=\"auto, (max-width: 133px) 100vw, 133px\" \/><\/a>\u00a0 \u00a0 <a href=\"https:\/\/www.stevehuffphoto.com\/2025\/04\/23\/eversolo-dmp-a6-gen-ii-master-edition-review\/\" target=\"_blank\" rel=\"noopener\"><img loading=\"lazy\" decoding=\"async\" class=\"alignnone wp-image-24589 size-full\" src=\"https:\/\/hificlub.com.br\/loja\/wp-content\/uploads\/2025\/07\/Hi-Fi-Huff-award-1.jpg\" alt=\"\" width=\"223\" height=\"122\" \/><\/a>\u00a0 \u00a0 <a href=\"https:\/\/www.audioadvice.com\/blogs\/expert-advice\/dmp-a6-gen-2-dmp-a6-master-edition-gen-2?srsltid=AfmBOorFJ6KggFAXckvT3KCxmONRycnDHIltq2RTk1JgnYNmlvei6rrC\" target=\"_blank\" rel=\"noopener\"><img loading=\"lazy\" decoding=\"async\" class=\"alignnone wp-image-24231\" src=\"https:\/\/hificlub.com.br\/loja\/wp-content\/uploads\/2025\/07\/Audio-Advice-award.jpg\" alt=\"\" width=\"409\" height=\"102\" srcset=\"https:\/\/hificlub.com.br\/loja\/wp-content\/uploads\/2025\/07\/Audio-Advice-award.jpg 321w, https:\/\/hificlub.com.br\/loja\/wp-content\/uploads\/2025\/07\/Audio-Advice-award-300x75.jpg 300w\" sizes=\"auto, (max-width: 409px) 100vw, 409px\" \/><\/a><\/p>\n","protected":false},"excerpt":{"rendered":"<p>Streamer de m\u00fasica de alta fidelidade que combina qualidade de som excepcional com tecnologia futurista. O Eversolo DMP-A6 Master Edition Gen 2 \u00e9 um streamer Hi-Fi que combina perfeitamente qualidade de som excepcional com tecnologia de ponta. \u00c9 mais do que um simples dispositivo de \u00e1udio; \u00e9 uma nova maneira de se conectar com o [&hellip;]<\/p>\n","protected":false},"featured_media":24581,"template":"","meta":{"_acf_changed":false},"product_brand":[],"product_cat":[41,225,142],"product_tag":[],"class_list":{"0":"post-24580","1":"product","2":"type-product","3":"status-publish","4":"has-post-thumbnail","6":"product_cat-digital","7":"product_cat-eversolo","8":"product_cat-streamers","10":"first","11":"instock","12":"sold-individually","13":"shipping-taxable","14":"purchasable","15":"product-type-simple"},"acf":[],"aioseo_notices":[],"_links":{"self":[{"href":"https:\/\/hificlub.com.br\/loja\/wp-json\/wp\/v2\/product\/24580","targetHints":{"allow":["GET"]}}],"collection":[{"href":"https:\/\/hificlub.com.br\/loja\/wp-json\/wp\/v2\/product"}],"about":[{"href":"https:\/\/hificlub.com.br\/loja\/wp-json\/wp\/v2\/types\/product"}],"wp:featuredmedia":[{"embeddable":true,"href":"https:\/\/hificlub.com.br\/loja\/wp-json\/wp\/v2\/media\/24581"}],"wp:attachment":[{"href":"https:\/\/hificlub.com.br\/loja\/wp-json\/wp\/v2\/media?parent=24580"}],"wp:term":[{"taxonomy":"product_brand","embeddable":true,"href":"https:\/\/hificlub.com.br\/loja\/wp-json\/wp\/v2\/product_brand?post=24580"},{"taxonomy":"product_cat","embeddable":true,"href":"https:\/\/hificlub.com.br\/loja\/wp-json\/wp\/v2\/product_cat?post=24580"},{"taxonomy":"product_tag","embeddable":true,"href":"https:\/\/hificlub.com.br\/loja\/wp-json\/wp\/v2\/product_tag?post=24580"}],"curies":[{"name":"wp","href":"https:\/\/api.w.org\/{rel}","templated":true}]}}