{"id":24523,"date":"2025-07-25T11:11:19","date_gmt":"2025-07-25T14:11:19","guid":{"rendered":"https:\/\/hificlub.com.br\/loja\/?post_type=product&#038;p=24523"},"modified":"2025-07-25T11:11:19","modified_gmt":"2025-07-25T14:11:19","slug":"graham-slee-gram-amp-2-edicao-especial-pre-amplificador-pre-de-phono-mm","status":"publish","type":"product","link":"https:\/\/hificlub.com.br\/loja\/produto\/graham-slee-gram-amp-2-edicao-especial-pre-amplificador-pre-de-phono-mm\/","title":{"rendered":"GRAHAM SLEE Gram Amp 2 Edi\u00e7\u00e3o Especial &#8211; Pr\u00e9-amplificador \/ Pr\u00e9 de Phono MM"},"content":{"rendered":"<p><strong><span dir=\"auto\">T\u00e3o bom que fomos o melhor<\/span><\/strong><\/p>\n<p><span dir=\"auto\">A performance musical &#8220;impressionante&#8221; mencionada por Geoff Husband na revista TNT Audio em 2001 praticamente disse tudo sobre o Gram Amp 2.<\/span><\/p>\n<p><span dir=\"auto\">O lend\u00e1rio custo-benef\u00edcio do Gram Amp 2 foi gravado na hist\u00f3ria do \u00e1udio ali mesmo.<\/span><\/p>\n<p><span dir=\"auto\">No entanto, para mostrar que isso n\u00e3o foi um acaso, demos um passo adiante e criamos nosso\u00a0<\/span><strong><span dir=\"auto\">pr\u00e9-amplificador phono mais vendido e econ\u00f4mico:<\/span><\/strong><span dir=\"auto\">\u00a0o Gram Amp 2 Special Edition.<\/span><\/p>\n<p><span dir=\"auto\">Fornecido com uma fonte de alimenta\u00e7\u00e3o b\u00e1sica (&#8220;energia verde&#8221;) com voltagem autoajust\u00e1vel e com pinos de alimenta\u00e7\u00e3o adequados \u00e0 sua tomada \u2014 voc\u00ea pode fazer um upgrade trocando para alimenta\u00e7\u00e3o PSU1 quando estiver pronto.<\/span><\/p>\n<p><strong><span dir=\"auto\">Lan\u00e7ado nos Estados Unidos<\/span><\/strong><\/p>\n<p><span dir=\"auto\">Logo ap\u00f3s o lan\u00e7amento do Gram Amp &#8220;beer money&#8221; em 2000, nos perguntaram se poder\u00edamos fazer uma vers\u00e3o ainda melhor para o mercado dos EUA, e o Gram Amp 2 Special Edition foi criado.<\/span><\/p>\n<p><span dir=\"auto\">Rapidamente recebeu pr\u00eamios e recomenda\u00e7\u00f5es de diversas publica\u00e7\u00f5es de alta fidelidade dos EUA devido ao seu &#8220;custo-benef\u00edcio&#8221;.<\/span><\/p>\n<p><span dir=\"auto\">Desde ent\u00e3o, seu design &#8211; tanto em desempenho de \u00e1udio quanto em apar\u00eancia &#8211; foi refinado diversas vezes.<\/span><\/p>\n<p><span dir=\"auto\">Em todas as ocasi\u00f5es, ele foi julgado por clientes e cr\u00edticos de revistas, e n\u00e3o deixou nada a desejar.<\/span><\/p>\n<p><span dir=\"auto\">Para um pr\u00e9-amplificador phono t\u00e3o barato, pequeno e leve, ele provou ser capaz de proporcionar uma interpreta\u00e7\u00e3o musical impressionante.<\/span><\/p>\n<p><span dir=\"auto\">Como era de se esperar, a Edi\u00e7\u00e3o Especial se tornou um pr\u00e9-amplificador MM phono muito procurado entre os f\u00e3s de discos no Reino Unido e na Europa, bem como nos EUA.<\/span><\/p>\n<p><strong>Parceiros de\u00a0Cartridge<\/strong><\/p>\n<p>A Edi\u00e7\u00e3o Especial n\u00e3o deixar\u00e1 de ser uma das melhores c\u00e1psulas de alto rendimento.<\/p>\n<p>Mas, quando o or\u00e7amento exige, c\u00e1psulas mais baratas, como a AT95E da Audio Technica, ainda permitem produzir um som altamente satisfat\u00f3rio.<\/p>\n<p>O pr\u00e9-amplificador phono Gram Amp 2 Edi\u00e7\u00e3o Especial n\u00e3o deixar\u00e1 nenhuma &#8220;assinatura&#8221; na sua m\u00fasica, ent\u00e3o voc\u00ea poder\u00e1 ouvir todas as qualidades da sua c\u00e1psula.<\/p>\n<p>Ela ser\u00e1 uma parte duradoura do seu sistema de alta fidelidade e n\u00e3o ser\u00e1 facilmente superada por atualiza\u00e7\u00f5es no restante do sistema.<\/p>\n<p>&nbsp;<\/p>\n<p><a href=\"https:\/\/www.maplatine.com\/en\/content\/257-the-special-edition-graham-slee-gram-amp2-mm-phono-preamp?adtoken=33994cc0bc8d87063a6a14c398ba957f&amp;ad=admin13&amp;id_employee=19\" target=\"_blank\" rel=\"noopener\"><img loading=\"lazy\" decoding=\"async\" class=\"alignnone wp-image-24530 size-full\" src=\"https:\/\/hificlub.com.br\/loja\/wp-content\/uploads\/2025\/07\/MaPlatine-award.jpg\" alt=\"\" width=\"347\" height=\"94\" srcset=\"https:\/\/hificlub.com.br\/loja\/wp-content\/uploads\/2025\/07\/MaPlatine-award.jpg 347w, https:\/\/hificlub.com.br\/loja\/wp-content\/uploads\/2025\/07\/MaPlatine-award-300x81.jpg 300w\" sizes=\"auto, (max-width: 347px) 100vw, 347px\" \/>\u00a0\u00a0\u00a0\u00a0\u00a0<\/a><\/p>\n","protected":false},"excerpt":{"rendered":"<p>T\u00e3o bom que fomos o melhor A performance musical &#8220;impressionante&#8221; mencionada por Geoff Husband na revista TNT Audio em 2001 praticamente disse tudo sobre o Gram Amp 2. O lend\u00e1rio custo-benef\u00edcio do Gram Amp 2 foi gravado na hist\u00f3ria do \u00e1udio ali mesmo. No entanto, para mostrar que isso n\u00e3o foi um acaso, demos um [&hellip;]<\/p>\n","protected":false},"featured_media":24524,"template":"","meta":{"_acf_changed":false},"product_brand":[],"product_cat":[78,314,79,38],"product_tag":[],"class_list":{"0":"post-24523","1":"product","2":"type-product","3":"status-publish","4":"has-post-thumbnail","6":"product_cat-analogico-audio","7":"product_cat-graham-slee","8":"product_cat-pre-de-phono","9":"product_cat-pre-amplificador","11":"first","12":"instock","13":"sold-individually","14":"shipping-taxable","15":"purchasable","16":"product-type-simple"},"acf":[],"aioseo_notices":[],"_links":{"self":[{"href":"https:\/\/hificlub.com.br\/loja\/wp-json\/wp\/v2\/product\/24523","targetHints":{"allow":["GET"]}}],"collection":[{"href":"https:\/\/hificlub.com.br\/loja\/wp-json\/wp\/v2\/product"}],"about":[{"href":"https:\/\/hificlub.com.br\/loja\/wp-json\/wp\/v2\/types\/product"}],"wp:featuredmedia":[{"embeddable":true,"href":"https:\/\/hificlub.com.br\/loja\/wp-json\/wp\/v2\/media\/24524"}],"wp:attachment":[{"href":"https:\/\/hificlub.com.br\/loja\/wp-json\/wp\/v2\/media?parent=24523"}],"wp:term":[{"taxonomy":"product_brand","embeddable":true,"href":"https:\/\/hificlub.com.br\/loja\/wp-json\/wp\/v2\/product_brand?post=24523"},{"taxonomy":"product_cat","embeddable":true,"href":"https:\/\/hificlub.com.br\/loja\/wp-json\/wp\/v2\/product_cat?post=24523"},{"taxonomy":"product_tag","embeddable":true,"href":"https:\/\/hificlub.com.br\/loja\/wp-json\/wp\/v2\/product_tag?post=24523"}],"curies":[{"name":"wp","href":"https:\/\/api.w.org\/{rel}","templated":true}]}}