{"id":24511,"date":"2025-07-24T17:40:50","date_gmt":"2025-07-24T20:40:50","guid":{"rendered":"https:\/\/hificlub.com.br\/loja\/?post_type=product&#038;p=24511"},"modified":"2025-07-24T17:40:51","modified_gmt":"2025-07-24T20:40:51","slug":"hyperion-hps-938-caixa-torre-200w-par","status":"publish","type":"product","link":"https:\/\/hificlub.com.br\/loja\/produto\/hyperion-hps-938-caixa-torre-200w-par\/","title":{"rendered":"HYPERION HPS-938 &#8211; Caixa Torre &#8211; 200w (par)"},"content":{"rendered":"<p>A pesquisa exclusiva em drivers da Hyperion levou ao design do gabinete do primeiro HPS 906 h\u00e1 quase uma d\u00e9cada. O design de gabinete duplo foi criado para o nosso alto-falante de 3 vias de alcance total HPS-938. O design do HPS-938 foi conclu\u00eddo em 2003 e inclui todos os recursos do design de alto-falantes da Hyperion. Com um gabinete dedicado para graves e todas as qualidades do HPS-906, o HPS 938 simplesmente elevou a s\u00e9rie HPS a um novo patamar surpreendente. Dois woofers SVF de 8&#8243; s\u00e3o usados em vez de um woofer de tamanho maior.<\/p>\n<p>O Hyperion HPS-938\u00a0\u00e9 um sistema de colunas de som de tr\u00eas vias, com um design de gabinete duplo, desenvolvido pela Hyperion Sound Design.\u00a0Este modelo foi concebido para oferecer uma experi\u00eancia de \u00e1udio de alta qualidade, com foco em velocidade, resolu\u00e7\u00e3o e coer\u00eancia no som.\u00a0O design inclui dois woofers de 8 polegadas (S.V.F.) e foi criado para elevar a s\u00e9rie HPS a um novo n\u00edvel.<\/p>\n<p>&nbsp;<\/p>\n<p><a href=\"https:\/\/www.stereotimes.com\/post\/hyperion-sound-design-hps938-loudspeaker\/\" target=\"_blank\" rel=\"noopener\">\u00a0<\/a><a href=\"https:\/\/www.stereotimes.com\/post\/hyperion-sound-design-hps938-loudspeaker\/\" target=\"_blank\" rel=\"noopener\"><img loading=\"lazy\" decoding=\"async\" class=\"alignnone wp-image-18802\" src=\"https:\/\/hificlub.com.br\/loja\/wp-content\/uploads\/2024\/11\/awards-Stereo_Times.jpg\" alt=\"\" width=\"109\" height=\"109\" srcset=\"https:\/\/hificlub.com.br\/loja\/wp-content\/uploads\/2024\/11\/awards-Stereo_Times.jpg 150w, https:\/\/hificlub.com.br\/loja\/wp-content\/uploads\/2024\/11\/awards-Stereo_Times-100x100.jpg 100w\" sizes=\"auto, (max-width: 109px) 100vw, 109px\" \/> \u00a0 \u00a0 \u00a0 <\/a><a href=\"https:\/\/www.theabsolutesound.com\/articles\/tested-hyperion-sound-design-hps-968-loudspeaker\/\" target=\"_blank\" rel=\"noopener\"><img loading=\"lazy\" decoding=\"async\" class=\"alignnone wp-image-22935 size-full\" src=\"https:\/\/hificlub.com.br\/loja\/wp-content\/uploads\/2025\/06\/The-absolute-sound-award.jpg\" alt=\"\" width=\"325\" height=\"81\" srcset=\"https:\/\/hificlub.com.br\/loja\/wp-content\/uploads\/2025\/06\/The-absolute-sound-award.jpg 325w, https:\/\/hificlub.com.br\/loja\/wp-content\/uploads\/2025\/06\/The-absolute-sound-award-300x75.jpg 300w\" sizes=\"auto, (max-width: 325px) 100vw, 325px\" \/><\/a><\/p>\n","protected":false},"excerpt":{"rendered":"<p>A pesquisa exclusiva em drivers da Hyperion levou ao design do gabinete do primeiro HPS 906 h\u00e1 quase uma d\u00e9cada. O design de gabinete duplo foi criado para o nosso alto-falante de 3 vias de alcance total HPS-938. O design do HPS-938 foi conclu\u00eddo em 2003 e inclui todos os recursos do design de alto-falantes [&hellip;]<\/p>\n","protected":false},"featured_media":24512,"template":"","meta":{"_acf_changed":false},"product_brand":[],"product_cat":[17,313,18],"product_tag":[],"class_list":{"0":"post-24511","1":"product","2":"type-product","3":"status-publish","4":"has-post-thumbnail","6":"product_cat-caixas","7":"product_cat-hyperion","8":"product_cat-torres","10":"first","11":"instock","12":"sold-individually","13":"shipping-taxable","14":"purchasable","15":"product-type-simple"},"acf":[],"aioseo_notices":[],"_links":{"self":[{"href":"https:\/\/hificlub.com.br\/loja\/wp-json\/wp\/v2\/product\/24511","targetHints":{"allow":["GET"]}}],"collection":[{"href":"https:\/\/hificlub.com.br\/loja\/wp-json\/wp\/v2\/product"}],"about":[{"href":"https:\/\/hificlub.com.br\/loja\/wp-json\/wp\/v2\/types\/product"}],"wp:featuredmedia":[{"embeddable":true,"href":"https:\/\/hificlub.com.br\/loja\/wp-json\/wp\/v2\/media\/24512"}],"wp:attachment":[{"href":"https:\/\/hificlub.com.br\/loja\/wp-json\/wp\/v2\/media?parent=24511"}],"wp:term":[{"taxonomy":"product_brand","embeddable":true,"href":"https:\/\/hificlub.com.br\/loja\/wp-json\/wp\/v2\/product_brand?post=24511"},{"taxonomy":"product_cat","embeddable":true,"href":"https:\/\/hificlub.com.br\/loja\/wp-json\/wp\/v2\/product_cat?post=24511"},{"taxonomy":"product_tag","embeddable":true,"href":"https:\/\/hificlub.com.br\/loja\/wp-json\/wp\/v2\/product_tag?post=24511"}],"curies":[{"name":"wp","href":"https:\/\/api.w.org\/{rel}","templated":true}]}}