{"id":24498,"date":"2025-07-24T12:10:11","date_gmt":"2025-07-24T15:10:11","guid":{"rendered":"https:\/\/hificlub.com.br\/loja\/?post_type=product&#038;p=24498"},"modified":"2026-03-03T22:15:34","modified_gmt":"2026-03-04T01:15:34","slug":"q-acoustics-5090-caixa-central-150w","status":"publish","type":"product","link":"https:\/\/hificlub.com.br\/loja\/produto\/q-acoustics-5090-caixa-central-150w\/","title":{"rendered":"Q ACOUSTICS 5090 &#8211; Caixa Central &#8211; 150w"},"content":{"rendered":"<p>Projetado para projetar di\u00e1logos antes mesmo da trilha sonora mais impactante de filmes de a\u00e7\u00e3o de Hollywood, e para transmitir toda a sutileza e nuances dos favoritos dos cinemas de arte com a mesma facilidade e convic\u00e7\u00e3o. Coloque o 5090 no centro do seu sistema de home theater e tenha a imagem completa.<\/p>\n<ul>\n<li>O design do C3 Continuous Curved ConeTM no driver de m\u00e9dios\/graves garante uma integra\u00e7\u00e3o mais suave das frequ\u00eancias altas com o tweeter e uma din\u00e2mica de graves superior.<\/li>\n<li>O design sofisticado, limpo e contempor\u00e2neo, com defletor em acr\u00edlico escuro, reflete o perfil minimalista do C3 Continuous Curved ConeTM.<\/li>\n<li>Dispon\u00edvel em quatro acabamentos elegantes: Preto Acetinado, Branco Acetinado, Jacarand\u00e1 Santos e Carvalho Holme.<\/li>\n<li>Com um design inspirado na s\u00e9rie Concept, mas em uma nova estrutura, o driver de alta frequ\u00eancia \u00e9 totalmente hermeticamente selado e mecanicamente isolado do defletor frontal para proteger contra a press\u00e3o interna do gabinete e as resson\u00e2ncias do driver de m\u00e9dios\/graves.<\/li>\n<li>O design do driver de m\u00e9dios\/graves, totalmente rebaixado, proporciona maior pot\u00eancia.<\/li>\n<li>O refor\u00e7o interno Point-2-PointTM (P2P) refor\u00e7a o gabinete para minimizar as vibra\u00e7\u00f5es de frequ\u00eancias mais baixas, ao mesmo tempo em que foca a imagem est\u00e9reo e aprimora o ambiente sonoro.<\/li>\n<\/ul>\n<p><strong>\u00c0 frente da curva<\/strong><br \/>\nA nova s\u00e9rie 5000 da Q Acoustics \u00e9 uma linha de caixas ac\u00fasticas est\u00e9reo e para home theater que recalibrar\u00e1 suas percep\u00e7\u00f5es sobre a apar\u00eancia e o som de uma caixa ac\u00fastica. Ao incorporar um avan\u00e7o genu\u00edno e significativo no design de drivers, o revolucion\u00e1rio driver de m\u00e9dios\/graves C3 Continuous Curved Cone\u2122 eleva a s\u00e9rie 5000 acima de qualquer concorrente. Ao incorporar a inovadora tecnologia de gabinete, implantada pela primeira vez na linha Concept, carro-chefe da empresa, a s\u00e9rie 5000 \u00e9 t\u00e3o impecavelmente interna quanto sofisticada e contempor\u00e2nea externamente.<\/p>\n<p><strong>Design sofisticado e contempor\u00e2neo<\/strong><br \/>\nA natureza redutora da apar\u00eancia do C3 Continuous Curved Cone\u2122 tamb\u00e9m se reflete no design minimalista da s\u00e9rie 5000, com suas linhas sofisticadas, por\u00e9m contempor\u00e2neas, que se inclinam para a forma elegante da mais recente s\u00e9rie de caixas ac\u00fasticas Concept. As partes frontais do defletor s\u00e3o laminadas com uma camada de borracha but\u00edlica e acabamento em acr\u00edlico preto, n\u00e3o apenas para fornecer uma camada de amortecimento para suprimir a vibra\u00e7\u00e3o que ocorre no defletor, mas para oferecer um contraponto atraente \u00e0 apresenta\u00e7\u00e3o frontal cosmeticamente limpa, ininterrupta por quaisquer fixa\u00e7\u00f5es.<\/p>\n<p><strong>Cone Curvo Cont\u00ednuo C3\u2122<\/strong><br \/>\nUm verdadeiro avan\u00e7o em elementos de design de driver de m\u00e9dios\/graves, o perfil Cone Curvo Cont\u00ednuo C3\u2122 \u00e9 o resultado de extensa pesquisa e engenharia especializada para combinar os benef\u00edcios de desempenho de graves de um cone c\u00f4nico reto tradicional com o controle de frequ\u00eancia de m\u00e9dios\/agudos de um cone alargado.<\/p>\n<p>Ao criar um perfil de curva \u00fanica, suave e cont\u00ednua, as vantagens s\u00e3o claras. Sua excelente dispers\u00e3o, juntamente com sua resposta de frequ\u00eancia bem controlada e distor\u00e7\u00e3o harm\u00f4nica reduzida, permite uma integra\u00e7\u00e3o mais suave com o tweeter. A din\u00e2mica de graves profundos tamb\u00e9m \u00e9 superior, com isso, e um som de graves mais fechado e amortecido, permitindo maior flexibilidade no posicionamento dos alto-falantes pr\u00f3ximos \u00e0s paredes da sala de audi\u00e7\u00e3o.<\/p>\n<p>&nbsp;<\/p>\n<p><a href=\"https:\/\/www.whathifi.com\/news\/q-acoustics-5000-speakers-offer-concept-tech-for-less\" target=\"_blank\" rel=\"noopener\"><img loading=\"lazy\" decoding=\"async\" class=\"alignnone wp-image-20956\" src=\"https:\/\/hificlub.com.br\/loja\/wp-content\/uploads\/2023\/10\/what-hifi-awards-13.png\" alt=\"\" width=\"239\" height=\"121\" srcset=\"https:\/\/hificlub.com.br\/loja\/wp-content\/uploads\/2023\/10\/what-hifi-awards-13.png 316w, https:\/\/hificlub.com.br\/loja\/wp-content\/uploads\/2023\/10\/what-hifi-awards-13-300x152.png 300w\" sizes=\"auto, (max-width: 239px) 100vw, 239px\" \/><\/a><a href=\"https:\/\/www.avforums.com\/threads\/q-acoustics-5090-worth-the-upgrade-from-3090c-centre-speakers.2521875\/\" target=\"_blank\" rel=\"noopener\">\u00a0 \u00a0 \u00a0\u00a0\u00a0\u00a0\u00a0 <\/a><a href=\"https:\/\/www.avforums.com\/threads\/q-acoustics-5090-worth-the-upgrade-from-3090c-centre-speakers.2521875\/\" target=\"_blank\" rel=\"noopener\"><img loading=\"lazy\" decoding=\"async\" class=\"alignnone wp-image-23235\" src=\"https:\/\/hificlub.com.br\/loja\/wp-content\/uploads\/2025\/06\/Avforums-award.png\" alt=\"\" width=\"360\" height=\"62\" srcset=\"https:\/\/hificlub.com.br\/loja\/wp-content\/uploads\/2025\/06\/Avforums-award.png 308w, https:\/\/hificlub.com.br\/loja\/wp-content\/uploads\/2025\/06\/Avforums-award-300x53.png 300w\" sizes=\"auto, (max-width: 360px) 100vw, 360px\" \/><\/a><\/p>\n","protected":false},"excerpt":{"rendered":"<p>Projetado para projetar di\u00e1logos antes mesmo da trilha sonora mais impactante de filmes de a\u00e7\u00e3o de Hollywood, e para transmitir toda a sutileza e nuances dos favoritos dos cinemas de arte com a mesma facilidade e convic\u00e7\u00e3o. Coloque o 5090 no centro do seu sistema de home theater e tenha a imagem completa. O design [&hellip;]<\/p>\n","protected":false},"featured_media":24499,"template":"","meta":{"_acf_changed":false},"product_brand":[],"product_cat":[35,17,77],"product_tag":[],"class_list":{"0":"post-24498","1":"product","2":"type-product","3":"status-publish","4":"has-post-thumbnail","6":"product_cat-caixas-centrais","7":"product_cat-caixas","8":"product_cat-q-acoustic","10":"first","11":"instock","12":"sold-individually","13":"shipping-taxable","14":"purchasable","15":"product-type-simple"},"acf":[],"aioseo_notices":[],"_links":{"self":[{"href":"https:\/\/hificlub.com.br\/loja\/wp-json\/wp\/v2\/product\/24498","targetHints":{"allow":["GET"]}}],"collection":[{"href":"https:\/\/hificlub.com.br\/loja\/wp-json\/wp\/v2\/product"}],"about":[{"href":"https:\/\/hificlub.com.br\/loja\/wp-json\/wp\/v2\/types\/product"}],"wp:featuredmedia":[{"embeddable":true,"href":"https:\/\/hificlub.com.br\/loja\/wp-json\/wp\/v2\/media\/24499"}],"wp:attachment":[{"href":"https:\/\/hificlub.com.br\/loja\/wp-json\/wp\/v2\/media?parent=24498"}],"wp:term":[{"taxonomy":"product_brand","embeddable":true,"href":"https:\/\/hificlub.com.br\/loja\/wp-json\/wp\/v2\/product_brand?post=24498"},{"taxonomy":"product_cat","embeddable":true,"href":"https:\/\/hificlub.com.br\/loja\/wp-json\/wp\/v2\/product_cat?post=24498"},{"taxonomy":"product_tag","embeddable":true,"href":"https:\/\/hificlub.com.br\/loja\/wp-json\/wp\/v2\/product_tag?post=24498"}],"curies":[{"name":"wp","href":"https:\/\/api.w.org\/{rel}","templated":true}]}}