{"id":24476,"date":"2025-07-24T11:34:45","date_gmt":"2025-07-24T14:34:45","guid":{"rendered":"https:\/\/hificlub.com.br\/loja\/?post_type=product&#038;p=24476"},"modified":"2026-03-03T22:15:34","modified_gmt":"2026-03-04T01:15:34","slug":"q-acoustics-5020-caixa-bookshelf-100w-par","status":"publish","type":"product","link":"https:\/\/hificlub.com.br\/loja\/produto\/q-acoustics-5020-caixa-bookshelf-100w-par\/","title":{"rendered":"Q ACOUSTICS 5020 &#8211; Caixa Bookshelf &#8211; 100w (par)"},"content":{"rendered":"<p>Experimente toda a escala e pot\u00eancia da sua m\u00fasica favorita sem deixar que a caixa de som domine o ambiente. A caixa de som de montagem em pedestal 5020 colocar\u00e1 voc\u00ea no centro da m\u00fasica sem se colocar no centro do espa\u00e7o.<\/p>\n<p>\u2022 O design do C3 Continuous Curved ConeTM no driver de m\u00e9dios\/graves garante uma integra\u00e7\u00e3o mais suave das frequ\u00eancias altas com o tweeter e uma din\u00e2mica de graves superior.<br \/>\n\u2022 O design sofisticado, limpo e contempor\u00e2neo, com defletor em acr\u00edlico escuro, reflete o perfil minimalista do C3 Continuous Curved ConeTM.<br \/>\n\u2022 Dispon\u00edvel em quatro acabamentos elegantes: Preto Acetinado, Branco Acetinado, Jacarand\u00e1 Santos e Carvalho Holme.<br \/>\n\u2022 Com um design inspirado na s\u00e9rie Concept, mas em uma nova estrutura, o driver de alta frequ\u00eancia \u00e9 totalmente hermeticamente selado e mecanicamente isolado do defletor frontal para proteger contra a press\u00e3o interna do gabinete e as resson\u00e2ncias do driver de m\u00e9dios\/graves.<br \/>\n\u2022 O design do driver de m\u00e9dios\/graves de baixo para cima proporciona maior pot\u00eancia.<br \/>\n\u2022 O refor\u00e7o interno Point-2-PointTM (P2P) refor\u00e7a o gabinete para minimizar as vibra\u00e7\u00f5es de frequ\u00eancias mais baixas, ao mesmo tempo em que foca a imagem est\u00e9reo e aprimora o ambiente sonoro.<\/p>\n<p><strong>\u00c0 frente da curva<\/strong><br \/>\nA nova s\u00e9rie 5000 da Q Acoustics \u00e9 uma linha de caixas ac\u00fasticas est\u00e9reo e para home theater que recalibrar\u00e1 suas percep\u00e7\u00f5es sobre a apar\u00eancia e o som de uma caixa ac\u00fastica. Ao incorporar um avan\u00e7o genu\u00edno e significativo no design de drivers, o revolucion\u00e1rio driver de m\u00e9dios\/graves C3 Continuous Curved Cone\u2122 eleva a s\u00e9rie 5000 acima de qualquer concorrente. Ao incorporar a inovadora tecnologia de gabinete, implantada pela primeira vez na linha Concept, carro-chefe da empresa, a s\u00e9rie 5000 \u00e9 t\u00e3o impecavelmente interna quanto sofisticada e contempor\u00e2nea externamente.<\/p>\n<p><strong>Design sofisticado e contempor\u00e2neo<\/strong><br \/>\nA natureza redutora da apar\u00eancia do C3 Continuous Curved Cone\u2122 tamb\u00e9m se reflete no design minimalista da s\u00e9rie 5000, com suas linhas sofisticadas, por\u00e9m contempor\u00e2neas, que se inclinam para a forma elegante da mais recente s\u00e9rie de caixas ac\u00fasticas Concept. As partes frontais do defletor s\u00e3o laminadas com uma camada de borracha but\u00edlica e acabamento em acr\u00edlico preto, n\u00e3o apenas para fornecer uma camada de amortecimento para suprimir a vibra\u00e7\u00e3o que ocorre no defletor, mas para oferecer um contraponto atraente \u00e0 apresenta\u00e7\u00e3o frontal cosmeticamente limpa, ininterrupta por quaisquer fixa\u00e7\u00f5es.<\/p>\n<p><a href=\"https:\/\/www.avforums.com\/reviews\/q-acoustics-5020-standmount-speaker-review.20787\/\" target=\"_blank\" rel=\"noopener\"><img loading=\"lazy\" decoding=\"async\" class=\"alignnone wp-image-24480 size-full\" src=\"https:\/\/hificlub.com.br\/loja\/wp-content\/uploads\/2025\/07\/AV-forums-award.jpg\" alt=\"\" width=\"371\" height=\"58\" srcset=\"https:\/\/hificlub.com.br\/loja\/wp-content\/uploads\/2025\/07\/AV-forums-award.jpg 371w, https:\/\/hificlub.com.br\/loja\/wp-content\/uploads\/2025\/07\/AV-forums-award-300x47.jpg 300w\" sizes=\"auto, (max-width: 371px) 100vw, 371px\" \/><\/a>\u00a0 \u00a0 \u00a0\u00a0 \u00a0<a href=\"https:\/\/www.ecoustics.com\/articles\/q-acoustics-5020-editors-choice-2023\/\" target=\"_blank\" rel=\"noopener\"><img loading=\"lazy\" decoding=\"async\" class=\"alignnone wp-image-23863\" src=\"https:\/\/hificlub.com.br\/loja\/wp-content\/uploads\/2025\/07\/Eacoustics-award.jpg\" alt=\"\" width=\"266\" height=\"70\" \/><\/a><a href=\"https:\/\/www.avforums.com\/reviews\/q-acoustics-5020-standmount-speaker-review.20787\/\" target=\"_blank\" rel=\"noopener\">\u00a0 \u00a0 \u00a0<img loading=\"lazy\" decoding=\"async\" class=\"alignnone wp-image-19660\" src=\"https:\/\/hificlub.com.br\/loja\/wp-content\/uploads\/2023\/10\/awards-hifi-choice-4.jpg\" alt=\"\" width=\"133\" height=\"133\" srcset=\"https:\/\/hificlub.com.br\/loja\/wp-content\/uploads\/2023\/10\/awards-hifi-choice-4.jpg 225w, https:\/\/hificlub.com.br\/loja\/wp-content\/uploads\/2023\/10\/awards-hifi-choice-4-150x150.jpg 150w, https:\/\/hificlub.com.br\/loja\/wp-content\/uploads\/2023\/10\/awards-hifi-choice-4-100x100.jpg 100w\" sizes=\"auto, (max-width: 133px) 100vw, 133px\" \/><\/a><\/p>\n","protected":false},"excerpt":{"rendered":"<p>Experimente toda a escala e pot\u00eancia da sua m\u00fasica favorita sem deixar que a caixa de som domine o ambiente. A caixa de som de montagem em pedestal 5020 colocar\u00e1 voc\u00ea no centro da m\u00fasica sem se colocar no centro do espa\u00e7o. \u2022 O design do C3 Continuous Curved ConeTM no driver de m\u00e9dios\/graves garante [&hellip;]<\/p>\n","protected":false},"featured_media":24472,"template":"","meta":{"_acf_changed":false},"product_brand":[],"product_cat":[25,17,77],"product_tag":[],"class_list":{"0":"post-24476","1":"product","2":"type-product","3":"status-publish","4":"has-post-thumbnail","6":"product_cat-bookshelf","7":"product_cat-caixas","8":"product_cat-q-acoustic","10":"first","11":"instock","12":"sold-individually","13":"shipping-taxable","14":"purchasable","15":"product-type-simple"},"acf":[],"aioseo_notices":[],"_links":{"self":[{"href":"https:\/\/hificlub.com.br\/loja\/wp-json\/wp\/v2\/product\/24476","targetHints":{"allow":["GET"]}}],"collection":[{"href":"https:\/\/hificlub.com.br\/loja\/wp-json\/wp\/v2\/product"}],"about":[{"href":"https:\/\/hificlub.com.br\/loja\/wp-json\/wp\/v2\/types\/product"}],"wp:featuredmedia":[{"embeddable":true,"href":"https:\/\/hificlub.com.br\/loja\/wp-json\/wp\/v2\/media\/24472"}],"wp:attachment":[{"href":"https:\/\/hificlub.com.br\/loja\/wp-json\/wp\/v2\/media?parent=24476"}],"wp:term":[{"taxonomy":"product_brand","embeddable":true,"href":"https:\/\/hificlub.com.br\/loja\/wp-json\/wp\/v2\/product_brand?post=24476"},{"taxonomy":"product_cat","embeddable":true,"href":"https:\/\/hificlub.com.br\/loja\/wp-json\/wp\/v2\/product_cat?post=24476"},{"taxonomy":"product_tag","embeddable":true,"href":"https:\/\/hificlub.com.br\/loja\/wp-json\/wp\/v2\/product_tag?post=24476"}],"curies":[{"name":"wp","href":"https:\/\/api.w.org\/{rel}","templated":true}]}}