{"id":24469,"date":"2025-07-24T11:20:22","date_gmt":"2025-07-24T14:20:22","guid":{"rendered":"https:\/\/hificlub.com.br\/loja\/?post_type=product&#038;p=24469"},"modified":"2026-03-03T22:15:35","modified_gmt":"2026-03-04T01:15:35","slug":"q-acoustics-5010-caixa-bookshelf-par","status":"publish","type":"product","link":"https:\/\/hificlub.com.br\/loja\/produto\/q-acoustics-5010-caixa-bookshelf-par\/","title":{"rendered":"Q ACOUSTICS 5010 &#8211; Caixa Bookshelf &#8211; 90w (par)"},"content":{"rendered":"<p>Pequena o suficiente para ser discreta, mas com um som potente e sofisticado o suficiente para chamar a aten\u00e7\u00e3o. Se voc\u00ea busca um desempenho excepcional com uma caixa de som discreta, compacta e f\u00e1cil de posicionar, a caixa de som de estante 5010 \u00e9 a escolha certa, assim como se adapta ao seu espa\u00e7o.<\/p>\n<p>\u2022 O design do C3 Continuous Curved ConeTM no driver de m\u00e9dios\/graves garante uma integra\u00e7\u00e3o mais suave das frequ\u00eancias altas com o tweeter e uma din\u00e2mica de graves superior.<br \/>\n\u2022 O design sofisticado, limpo e contempor\u00e2neo, com defletor em acr\u00edlico escuro, reflete o perfil minimalista do C3 Continuous Curved ConeTM.<br \/>\n\u2022 Dispon\u00edvel em quatro acabamentos elegantes: Preto Acetinado, Branco Acetinado, Jacarand\u00e1 Santos e Carvalho Holme.<br \/>\n\u2022 Com um design inspirado na s\u00e9rie Concept, mas em uma nova estrutura, o driver de alta frequ\u00eancia \u00e9 totalmente hermeticamente selado e mecanicamente isolado do defletor frontal para proteger contra a press\u00e3o interna do gabinete e as resson\u00e2ncias do driver de m\u00e9dios\/graves.<br \/>\n\u2022 O design do driver de m\u00e9dios\/graves de baixo para cima proporciona maior pot\u00eancia.<br \/>\n\u2022 O refor\u00e7o interno Point-2-PointTM (P2P) refor\u00e7a o gabinete para minimizar as vibra\u00e7\u00f5es de frequ\u00eancias mais baixas, ao mesmo tempo em que foca a imagem est\u00e9reo e aprimora o ambiente sonoro.<\/p>\n<p>&nbsp;<\/p>\n<p><a href=\"https:\/\/www.whathifi.com\/speakers\/hi-fi-speakers\/q-acoustics-5010\" target=\"_blank\" rel=\"noopener\"><img loading=\"lazy\" decoding=\"async\" class=\"alignnone wp-image-20956\" src=\"https:\/\/hificlub.com.br\/loja\/wp-content\/uploads\/2023\/10\/what-hifi-awards-13.png\" alt=\"\" width=\"253\" height=\"128\" srcset=\"https:\/\/hificlub.com.br\/loja\/wp-content\/uploads\/2023\/10\/what-hifi-awards-13.png 316w, https:\/\/hificlub.com.br\/loja\/wp-content\/uploads\/2023\/10\/what-hifi-awards-13-300x152.png 300w\" sizes=\"auto, (max-width: 253px) 100vw, 253px\" \/><\/a><\/p>\n","protected":false},"excerpt":{"rendered":"<p>Pequena o suficiente para ser discreta, mas com um som potente e sofisticado o suficiente para chamar a aten\u00e7\u00e3o. Se voc\u00ea busca um desempenho excepcional com uma caixa de som discreta, compacta e f\u00e1cil de posicionar, a caixa de som de estante 5010 \u00e9 a escolha certa, assim como se adapta ao seu espa\u00e7o. \u2022 [&hellip;]<\/p>\n","protected":false},"featured_media":24470,"template":"","meta":{"_acf_changed":false},"product_brand":[],"product_cat":[25,17,77],"product_tag":[],"class_list":{"0":"post-24469","1":"product","2":"type-product","3":"status-publish","4":"has-post-thumbnail","6":"product_cat-bookshelf","7":"product_cat-caixas","8":"product_cat-q-acoustic","10":"first","11":"instock","12":"sold-individually","13":"shipping-taxable","14":"purchasable","15":"product-type-simple"},"acf":[],"aioseo_notices":[],"_links":{"self":[{"href":"https:\/\/hificlub.com.br\/loja\/wp-json\/wp\/v2\/product\/24469","targetHints":{"allow":["GET"]}}],"collection":[{"href":"https:\/\/hificlub.com.br\/loja\/wp-json\/wp\/v2\/product"}],"about":[{"href":"https:\/\/hificlub.com.br\/loja\/wp-json\/wp\/v2\/types\/product"}],"wp:featuredmedia":[{"embeddable":true,"href":"https:\/\/hificlub.com.br\/loja\/wp-json\/wp\/v2\/media\/24470"}],"wp:attachment":[{"href":"https:\/\/hificlub.com.br\/loja\/wp-json\/wp\/v2\/media?parent=24469"}],"wp:term":[{"taxonomy":"product_brand","embeddable":true,"href":"https:\/\/hificlub.com.br\/loja\/wp-json\/wp\/v2\/product_brand?post=24469"},{"taxonomy":"product_cat","embeddable":true,"href":"https:\/\/hificlub.com.br\/loja\/wp-json\/wp\/v2\/product_cat?post=24469"},{"taxonomy":"product_tag","embeddable":true,"href":"https:\/\/hificlub.com.br\/loja\/wp-json\/wp\/v2\/product_tag?post=24469"}],"curies":[{"name":"wp","href":"https:\/\/api.w.org\/{rel}","templated":true}]}}