{"id":24462,"date":"2025-07-24T11:07:14","date_gmt":"2025-07-24T14:07:14","guid":{"rendered":"https:\/\/hificlub.com.br\/loja\/?post_type=product&#038;p=24462"},"modified":"2026-03-03T22:15:35","modified_gmt":"2026-03-04T01:15:35","slug":"q-acoustics-3090c-caixa-central-120w","status":"publish","type":"product","link":"https:\/\/hificlub.com.br\/loja\/produto\/q-acoustics-3090c-caixa-central-120w\/","title":{"rendered":"Q ACOUSTICS 3090C &#8211; Caixa Central &#8211; 120w"},"content":{"rendered":"<p>Projetar di\u00e1logos para a frente das maiores trilhas sonoras de filmes de a\u00e7\u00e3o de Hollywood n\u00e3o \u00e9 f\u00e1cil, mas a 3090c \u00e9 a caixa de som de canal central ideal para isso. Distinta, direta e com som e apresenta\u00e7\u00e3o absolutamente positivos, esta \u00e9 a caixa de som que te coloca totalmente em cena.<\/p>\n<ul>\n<li>O novo perfil de m\u00e9dios\/graves Continuous Curved Cone\u2122 C3 (pronuncia-se &#8220;C-cubed&#8221;), totalmente novo, garante din\u00e2mica de graves superior e integra\u00e7\u00e3o mais suave com o driver de alta frequ\u00eancia.<\/li>\n<li>Baseado nos princ\u00edpios de design da mais nova s\u00e9rie Concept, o driver de alta frequ\u00eancia hermeticamente selado \u00e9 mecanicamente isolado do defletor, impedindo a modula\u00e7\u00e3o do driver de m\u00e9dios\/graves.<\/li>\n<li>Caixas de baixa colora\u00e7\u00e3o com refor\u00e7o P2PTM (Point to PointTM), minimizando a reverbera\u00e7\u00e3o de graves para aprimorar a imagem est\u00e9reo e o ambiente sonoro.<\/li>\n<li>Apresenta uma est\u00e9tica clean e contempor\u00e2nea com sofisticados acabamentos met\u00e1licos acetinados<\/li>\n<li>Dispon\u00edvel em quatro novos acabamentos: Pin Oak, Claro Walnut, Satin White e Satin Black.<\/li>\n<\/ul>\n<p><strong>Apresentando a gera\u00e7\u00e3o C<\/strong><br \/>\nA s\u00e9rie de alto-falantes 3000c, acess\u00edvel e de alto desempenho, d\u00e1 continuidade ao legado formid\u00e1vel da 3000i, a s\u00e9rie de alto-falantes mais popular e condecorada da Q Acoustics. Esta nova linha d\u00e1 continuidade ao hist\u00f3rico inabal\u00e1vel da empresa em oferecer desempenho sonoro e design e constru\u00e7\u00e3o de alta qualidade, muito al\u00e9m de sua categoria.<\/p>\n<p><strong>A fam\u00edlia 3000c<\/strong><br \/>\nA porta de entrada perfeita para o mundo audi\u00f3filo moderno ou como um upgrade de caixa de som econ\u00f4mico, a fam\u00edlia 3000c \u00e9 composta pelas caixas de som de estante 3010c, 3020c de montagem em pedestal, 3030c de montagem em pedestal maior, 3050c de ch\u00e3o, e a 3090c de canal central completa a linha para uma configura\u00e7\u00e3o de caixa de som de home theater. Seja em formato est\u00e9reo ou 5.1, a s\u00e9rie 3000c tem o talento para dar vida \u00e0 sua m\u00fasica ou filmes com muita vivacidade.<\/p>\n<p><strong>Acabamentos que combinam com qualquer interior<\/strong><br \/>\nCom quatro novos acabamentos modernos e de alta qualidade, a s\u00e9rie 3000c se adapta perfeitamente a qualquer ambiente. A introdu\u00e7\u00e3o de novos revestimentos em madeira mais clara (Pin Oak) e mais escura (Claro Rosewood), juntamente com os novos e cl\u00e1ssicos acabamentos Satin White e Satin Black, vistos pela primeira vez na s\u00e9rie 5000, emula o design contempor\u00e2neo desta nova fam\u00edlia de caixas ac\u00fasticas.<\/p>\n<p>&nbsp;<\/p>\n<p><a href=\"https:\/\/www.whathifi.com\/reviews\/q-acoustics-3000c-series\" target=\"_blank\" rel=\"noopener\"><img loading=\"lazy\" decoding=\"async\" class=\"alignnone\" src=\"https:\/\/hificlub.com.br\/loja\/wp-content\/uploads\/2023\/10\/what-hifi-awards-13.png\" alt=\"\" width=\"263\" height=\"133\" \/><\/a><\/p>\n","protected":false},"excerpt":{"rendered":"<p>Projetar di\u00e1logos para a frente das maiores trilhas sonoras de filmes de a\u00e7\u00e3o de Hollywood n\u00e3o \u00e9 f\u00e1cil, mas a 3090c \u00e9 a caixa de som de canal central ideal para isso. Distinta, direta e com som e apresenta\u00e7\u00e3o absolutamente positivos, esta \u00e9 a caixa de som que te coloca totalmente em cena. O novo [&hellip;]<\/p>\n","protected":false},"featured_media":24463,"template":"","meta":{"_acf_changed":false},"product_brand":[],"product_cat":[35,17,77],"product_tag":[],"class_list":{"0":"post-24462","1":"product","2":"type-product","3":"status-publish","4":"has-post-thumbnail","6":"product_cat-caixas-centrais","7":"product_cat-caixas","8":"product_cat-q-acoustic","10":"first","11":"instock","12":"sold-individually","13":"shipping-taxable","14":"purchasable","15":"product-type-simple"},"acf":[],"aioseo_notices":[],"_links":{"self":[{"href":"https:\/\/hificlub.com.br\/loja\/wp-json\/wp\/v2\/product\/24462","targetHints":{"allow":["GET"]}}],"collection":[{"href":"https:\/\/hificlub.com.br\/loja\/wp-json\/wp\/v2\/product"}],"about":[{"href":"https:\/\/hificlub.com.br\/loja\/wp-json\/wp\/v2\/types\/product"}],"wp:featuredmedia":[{"embeddable":true,"href":"https:\/\/hificlub.com.br\/loja\/wp-json\/wp\/v2\/media\/24463"}],"wp:attachment":[{"href":"https:\/\/hificlub.com.br\/loja\/wp-json\/wp\/v2\/media?parent=24462"}],"wp:term":[{"taxonomy":"product_brand","embeddable":true,"href":"https:\/\/hificlub.com.br\/loja\/wp-json\/wp\/v2\/product_brand?post=24462"},{"taxonomy":"product_cat","embeddable":true,"href":"https:\/\/hificlub.com.br\/loja\/wp-json\/wp\/v2\/product_cat?post=24462"},{"taxonomy":"product_tag","embeddable":true,"href":"https:\/\/hificlub.com.br\/loja\/wp-json\/wp\/v2\/product_tag?post=24462"}],"curies":[{"name":"wp","href":"https:\/\/api.w.org\/{rel}","templated":true}]}}