{"id":24455,"date":"2025-07-24T10:09:01","date_gmt":"2025-07-24T13:09:01","guid":{"rendered":"https:\/\/hificlub.com.br\/loja\/?post_type=product&#038;p=24455"},"modified":"2026-03-03T22:15:35","modified_gmt":"2026-03-04T01:15:35","slug":"q-acoustics-3050c-caixa-torre-150w-par","status":"publish","type":"product","link":"https:\/\/hificlub.com.br\/loja\/produto\/q-acoustics-3050c-caixa-torre-150w-par\/","title":{"rendered":"Q ACOUSTICS 3050C &#8211; Caixa Torre &#8211; 150w (par)"},"content":{"rendered":"<p>A 3050c \u00e9 a caixa ac\u00fastica de ch\u00e3o ideal. Ela \u00e9 grande o suficiente para descrever toda a presen\u00e7a e pot\u00eancia, al\u00e9m de revelar todos os detalhes e delicadeza da sua m\u00fasica \u2014 mas \u00e9 elegante e bem proporcionada o suficiente para n\u00e3o chamar a aten\u00e7\u00e3o ao faz\u00ea-lo.<\/p>\n<ul>\n<li>O novo perfil de m\u00e9dios\/graves Continuous Curved Cone\u2122 C3 (pronuncia-se &#8220;C-cubed&#8221;), totalmente novo, garante din\u00e2mica de graves superior e integra\u00e7\u00e3o mais suave com o driver de alta frequ\u00eancia.<\/li>\n<li>Baseado nos princ\u00edpios de design da mais nova s\u00e9rie Concept, o driver de alta frequ\u00eancia hermeticamente selado \u00e9 mecanicamente isolado do defletor, impedindo a modula\u00e7\u00e3o do driver de m\u00e9dios\/graves.<\/li>\n<li>Caixas de baixa colora\u00e7\u00e3o com refor\u00e7o P2PTM (Point to PointTM), minimizando a reverbera\u00e7\u00e3o de graves para aprimorar a imagem est\u00e9reo e o ambiente sonoro.<\/li>\n<li>Os tubos HPETM (Helmholtz Pressure EqualizerTM) interrompem a forma\u00e7\u00e3o de ondas estacion\u00e1rias, suavizando a resposta de frequ\u00eancia e reduzindo a distor\u00e7\u00e3o.<\/li>\n<li>Apresenta uma est\u00e9tica limpa e contempor\u00e2nea com sofisticados acabamentos em metal acetinado.<\/li>\n<li>Dispon\u00edvel em quatro novos acabamentos: Pin Oak, Claro Walnut, Satin White e Satin Black.<\/li>\n<\/ul>\n<p>&nbsp;<\/p>\n<p><a href=\"https:\/\/www.whathifi.com\/reviews\/q-acoustics-3000c-series\" target=\"_blank\" rel=\"noopener\"><img loading=\"lazy\" decoding=\"async\" class=\"alignnone wp-image-20956\" src=\"https:\/\/hificlub.com.br\/loja\/wp-content\/uploads\/2023\/10\/what-hifi-awards-13.png\" alt=\"\" width=\"265\" height=\"134\" srcset=\"https:\/\/hificlub.com.br\/loja\/wp-content\/uploads\/2023\/10\/what-hifi-awards-13.png 316w, https:\/\/hificlub.com.br\/loja\/wp-content\/uploads\/2023\/10\/what-hifi-awards-13-300x152.png 300w\" sizes=\"auto, (max-width: 265px) 100vw, 265px\" \/>\u00a0 \u00a0 \u00a0 \u00a0 \u00a0<\/a><a href=\"https:\/\/www.hifinews.com\/content\/q-acoustics-3050c-loudspeaker\"><img loading=\"lazy\" decoding=\"async\" class=\"alignnone  wp-image-22539\" src=\"https:\/\/hificlub.com.br\/loja\/wp-content\/uploads\/2024\/01\/awards-hifi-news_outstanding-9.jpg\" alt=\"\" width=\"137\" height=\"137\" srcset=\"https:\/\/hificlub.com.br\/loja\/wp-content\/uploads\/2024\/01\/awards-hifi-news_outstanding-9.jpg 220w, https:\/\/hificlub.com.br\/loja\/wp-content\/uploads\/2024\/01\/awards-hifi-news_outstanding-9-150x150.jpg 150w, https:\/\/hificlub.com.br\/loja\/wp-content\/uploads\/2024\/01\/awards-hifi-news_outstanding-9-100x100.jpg 100w\" sizes=\"auto, (max-width: 137px) 100vw, 137px\" \/><\/a><\/p>\n","protected":false},"excerpt":{"rendered":"<p>A 3050c \u00e9 a caixa ac\u00fastica de ch\u00e3o ideal. Ela \u00e9 grande o suficiente para descrever toda a presen\u00e7a e pot\u00eancia, al\u00e9m de revelar todos os detalhes e delicadeza da sua m\u00fasica \u2014 mas \u00e9 elegante e bem proporcionada o suficiente para n\u00e3o chamar a aten\u00e7\u00e3o ao faz\u00ea-lo. O novo perfil de m\u00e9dios\/graves Continuous Curved [&hellip;]<\/p>\n","protected":false},"featured_media":24457,"template":"","meta":{"_acf_changed":false},"product_brand":[],"product_cat":[17,77,18],"product_tag":[],"class_list":{"0":"post-24455","1":"product","2":"type-product","3":"status-publish","4":"has-post-thumbnail","6":"product_cat-caixas","7":"product_cat-q-acoustic","8":"product_cat-torres","10":"first","11":"instock","12":"sold-individually","13":"shipping-taxable","14":"purchasable","15":"product-type-simple"},"acf":[],"aioseo_notices":[],"_links":{"self":[{"href":"https:\/\/hificlub.com.br\/loja\/wp-json\/wp\/v2\/product\/24455","targetHints":{"allow":["GET"]}}],"collection":[{"href":"https:\/\/hificlub.com.br\/loja\/wp-json\/wp\/v2\/product"}],"about":[{"href":"https:\/\/hificlub.com.br\/loja\/wp-json\/wp\/v2\/types\/product"}],"wp:featuredmedia":[{"embeddable":true,"href":"https:\/\/hificlub.com.br\/loja\/wp-json\/wp\/v2\/media\/24457"}],"wp:attachment":[{"href":"https:\/\/hificlub.com.br\/loja\/wp-json\/wp\/v2\/media?parent=24455"}],"wp:term":[{"taxonomy":"product_brand","embeddable":true,"href":"https:\/\/hificlub.com.br\/loja\/wp-json\/wp\/v2\/product_brand?post=24455"},{"taxonomy":"product_cat","embeddable":true,"href":"https:\/\/hificlub.com.br\/loja\/wp-json\/wp\/v2\/product_cat?post=24455"},{"taxonomy":"product_tag","embeddable":true,"href":"https:\/\/hificlub.com.br\/loja\/wp-json\/wp\/v2\/product_tag?post=24455"}],"curies":[{"name":"wp","href":"https:\/\/api.w.org\/{rel}","templated":true}]}}