{"id":24435,"date":"2025-07-23T11:52:28","date_gmt":"2025-07-23T14:52:28","guid":{"rendered":"https:\/\/hificlub.com.br\/loja\/?post_type=product&#038;p=24435"},"modified":"2026-03-03T22:15:36","modified_gmt":"2026-03-04T01:15:36","slug":"q-acoustics-3010c-caixa-bookshelf-80w","status":"publish","type":"product","link":"https:\/\/hificlub.com.br\/loja\/produto\/q-acoustics-3010c-caixa-bookshelf-80w\/","title":{"rendered":"Q ACOUSTICS 3010C &#8211; Caixa Bookshelf &#8211; 80w (par)"},"content":{"rendered":"<p>Uma caixa de som compacta e discreta que n\u00e3o chama a aten\u00e7\u00e3o \u2014 pelo menos, n\u00e3o at\u00e9 come\u00e7ar a tocar. Se voc\u00ea procura uma caixa de som pequena, f\u00e1cil de posicionar e que soe muito maior do que aparenta, este modelo de estante \u00e9 a escolha certa (e perfeita para o seu espa\u00e7o).<\/p>\n<ul>\n<li>O novo perfil de m\u00e9dios\/graves Continuous Curved Cone\u2122 C3 (pronuncia-se &#8220;C-cubed&#8221;) garante uma din\u00e2mica de graves superior e uma integra\u00e7\u00e3o mais suave com o driver de alta frequ\u00eancia.<\/li>\n<li>Com base nos princ\u00edpios de design encontrados na mais nova s\u00e9rie Concept, a unidade de driver de alta frequ\u00eancia hermeticamente selada \u00e9 mecanicamente isolada do defletor, impedindo a modula\u00e7\u00e3o do driver de m\u00e9dios\/graves.<\/li>\n<li>Gabinetes de baixa colora\u00e7\u00e3o com refor\u00e7o P2PTM (Point to PointTM), minimizando a reverbera\u00e7\u00e3o de baixa frequ\u00eancia para melhorar a imagem est\u00e9reo e o ambiente sonoro.<\/li>\n<li>Apresenta uma est\u00e9tica limpa e contempor\u00e2nea com sofisticados acabamentos met\u00e1licos acetinados no driver.<\/li>\n<li>Dispon\u00edvel em quatro novos acabamentos: Pin Oak, Claro Walnut, Satin White, Satin Black.<\/li>\n<\/ul>\n<p class=\"newstyle\"><strong>Looks contempor\u00e2neos<\/strong><\/p>\n<p>A s\u00e9rie 3000c aprimora o visual e a sensa\u00e7\u00e3o caracter\u00edsticos do 3000i para refletir o gosto em desenvolvimento em design de interiores. Dando continuidade \u00e0 filosofia de design minimalista da Q Acoustics e ecoando a natureza despojada do perfil C3, o 3000c \u00e9 visualmente mais minimalista, sem juntas ou parafusos chamativos. Um novo e elegante acabamento do driver em pe\u00e7a \u00fanica, em n\u00edquel acetinado e cromo acetinado (somente branco), oferece um toque sofisticado \u00e0 parte frontal do gabinete, enquanto novos acabamentos completam o design da linha.<\/p>\n<p class=\"newstyle center\"><strong>Acabamentos que combinam com qualquer interior<\/strong><\/p>\n<p>Com quatro novos acabamentos modernos e de alta qualidade, a s\u00e9rie 3000c se adapta perfeitamente a qualquer ambiente. A introdu\u00e7\u00e3o de novos revestimentos em madeira mais clara (Pin Oak) e mais escura (Claro Rosewood), juntamente com os novos e cl\u00e1ssicos acabamentos Satin White e Satin Black, vistos pela primeira vez na s\u00e9rie 5000, emula o design contempor\u00e2neo desta nova fam\u00edlia de alto-falantes.<\/p>\n<p><strong>Suporte P2P\u2122 (ponto a ponto)<\/strong><\/p>\n<p>O refor\u00e7o Q Acoustics P2P\u2122 (Point to Point\u2122) usado em toda a s\u00e9rie 3000c d\u00e1 suporte \u00e0s partes do gabinete que precisam ser refor\u00e7adas, tornando os novos gabinetes excepcionalmente r\u00edgidos, melhorando o foco da imagem est\u00e9reo e dando ao ambiente sonoro mais precis\u00e3o do que nunca.<\/p>\n<p>&nbsp;<\/p>\n","protected":false},"excerpt":{"rendered":"<p>Uma caixa de som compacta e discreta que n\u00e3o chama a aten\u00e7\u00e3o \u2014 pelo menos, n\u00e3o at\u00e9 come\u00e7ar a tocar. Se voc\u00ea procura uma caixa de som pequena, f\u00e1cil de posicionar e que soe muito maior do que aparenta, este modelo de estante \u00e9 a escolha certa (e perfeita para o seu espa\u00e7o). O novo [&hellip;]<\/p>\n","protected":false},"featured_media":24436,"template":"","meta":{"_acf_changed":false},"product_brand":[],"product_cat":[25,17,77],"product_tag":[],"class_list":{"0":"post-24435","1":"product","2":"type-product","3":"status-publish","4":"has-post-thumbnail","6":"product_cat-bookshelf","7":"product_cat-caixas","8":"product_cat-q-acoustic","10":"first","11":"instock","12":"sold-individually","13":"shipping-taxable","14":"purchasable","15":"product-type-simple"},"acf":[],"aioseo_notices":[],"_links":{"self":[{"href":"https:\/\/hificlub.com.br\/loja\/wp-json\/wp\/v2\/product\/24435","targetHints":{"allow":["GET"]}}],"collection":[{"href":"https:\/\/hificlub.com.br\/loja\/wp-json\/wp\/v2\/product"}],"about":[{"href":"https:\/\/hificlub.com.br\/loja\/wp-json\/wp\/v2\/types\/product"}],"wp:featuredmedia":[{"embeddable":true,"href":"https:\/\/hificlub.com.br\/loja\/wp-json\/wp\/v2\/media\/24436"}],"wp:attachment":[{"href":"https:\/\/hificlub.com.br\/loja\/wp-json\/wp\/v2\/media?parent=24435"}],"wp:term":[{"taxonomy":"product_brand","embeddable":true,"href":"https:\/\/hificlub.com.br\/loja\/wp-json\/wp\/v2\/product_brand?post=24435"},{"taxonomy":"product_cat","embeddable":true,"href":"https:\/\/hificlub.com.br\/loja\/wp-json\/wp\/v2\/product_cat?post=24435"},{"taxonomy":"product_tag","embeddable":true,"href":"https:\/\/hificlub.com.br\/loja\/wp-json\/wp\/v2\/product_tag?post=24435"}],"curies":[{"name":"wp","href":"https:\/\/api.w.org\/{rel}","templated":true}]}}