{"id":24429,"date":"2025-07-23T11:28:47","date_gmt":"2025-07-23T14:28:47","guid":{"rendered":"https:\/\/hificlub.com.br\/loja\/?post_type=product&#038;p=24429"},"modified":"2026-03-03T22:15:36","modified_gmt":"2026-03-04T01:15:36","slug":"q-acoustics-b12-subwoofer-12-200w","status":"publish","type":"product","link":"https:\/\/hificlub.com.br\/loja\/produto\/q-acoustics-b12-subwoofer-12-200w\/","title":{"rendered":"Q ACOUSTICS B12 &#8211; Subwoofer 12\u201d &#8211; 200w"},"content":{"rendered":"<div class=\"productinfo narrowwidth\">\n<div class=\"productsummary\">\n<p>O Q B12 \u00e9 o primeiro subwoofer da Q Acoustics a apresentar um driver de 12 polegadas<\/p>\n<p>O grande driver de longo alcance \u00e9 alimentado por um amplificador Classe D de 200 watts com distor\u00e7\u00e3o ultrabaixa para uma resposta de graves potente e precisa, e possui uma bobina de voz de 50 mm para compress\u00e3o t\u00e9rmica m\u00ednima<\/p>\n<p>Nenhuma trilha sonora de sucesso de Hollywood apresenta explos\u00f5es muito altas, muito profundas ou muito poderosas para o Q B12 lidar<\/p>\n<p>O gabinete selado e &#8216;infinito defletor&#8217; do Q B12 \u00e9 inteligentemente refor\u00e7ado para fornecer m\u00e1xima rigidez ao seu sistema de motor e, como consequ\u00eancia, influ\u00eancia m\u00ednima nos sons graves profundos<\/p>\n<p>Os acabamentos em preto e branco completam o visual dos alto-falantes da linha 3000i, enquanto os acabamentos em preto brilhante e branco brilhante completam o visual dos alto-falantes da linha Concept.<\/p>\n<p>O Q B12 \u00e9 o primeiro subwoofer da Q Acoustics a apresentar um driver de 12 polegadas. O grande driver de longo alcance \u00e9 alimentado por um amplificador Classe D de 200 watts com distor\u00e7\u00e3o ultrabaixa para uma resposta de graves precisa e potente. O subwoofer Q B12 possui uma bobina m\u00f3vel de 50 mm para compress\u00e3o t\u00e9rmica m\u00ednima. Igualmente \u00e0 vontade com a linha Concept da Q Acoustics e a linha 3000i de alto-falantes est\u00e9reo e centrais, o subwoofer Q B12 foi projetado para ser igualmente h\u00e1bil em reproduzir grandes momentos de a\u00e7\u00e3o de Hollywood, assim como as texturas profundas e sutis dos instrumentos graves. O soco de punho de ferro encontra o controle de luva de veludo no subwoofer Q B12 &#8211; \u00e9 o subwoofer que sua configura\u00e7\u00e3o de \u00e1udio merece. O primeiro subwoofer da Q Acoustics a apresentar um driver de 12 polegadas traz toda a profundidade e pot\u00eancia que seu sistema de home theater deseja, juntamente com todos os detalhes e sutilezas que sua m\u00fasica precisa.<\/p>\n<p><strong>Da nuance mais sutil ao vulc\u00e3o de a\u00e7\u00e3o total<\/strong><\/p>\n<div class=\"col2\">\n<div>\n<p>200 watts de pot\u00eancia Classe D acionando uma unidade de acionamento de 12 polegadas de longo alcance soam como uma receita para a a\u00e7\u00e3o. E \u00e9 exatamente isso que \u00e9 \u2014 nenhuma trilha sonora de sucesso de Hollywood apresenta explos\u00f5es muito altas, muito profundas ou muito poderosas para o Q B12 suportar. Mas pot\u00eancia n\u00e3o \u00e9 nada sem controle, e o Q B12 se sente igualmente confort\u00e1vel descrevendo as nuances de um contrabaixo ou de um bumbo eletr\u00f4nico.<\/p>\n<\/div>\n<\/div>\n<\/div>\n<\/div>\n<div class=\"narrowwidth videosection\">\n<div class=\"mediabox\">\n<p><strong>Projetado para integrar-se perfeitamente \u2013 For\u00e7a e Controle<\/strong><\/p>\n<div class=\"col2\">\n<div>\n<p>O gabinete selado e com &#8216;baffle infinito&#8217; do Q B12 \u00e9 inteligentemente refor\u00e7ado para oferecer m\u00e1xima rigidez ao seu sistema de motor e, como consequ\u00eancia, m\u00ednima influ\u00eancia nos sons graves profundos. Estabilidade mec\u00e2nica = satisfa\u00e7\u00e3o auditiva.<\/p>\n<\/div>\n<\/div>\n<\/div>\n<\/div>\n<p>&nbsp;<\/p>\n<p><a href=\"https:\/\/www.whathifi.com\/reviews\/q-acoustics-qb12\" target=\"_blank\" rel=\"noopener\">\u00a0\u00a0\u00a0\u00a0 <\/a><a href=\"https:\/\/www.whathifi.com\/reviews\/q-acoustics-qb12\" target=\"_blank\" rel=\"noopener\"><img loading=\"lazy\" decoding=\"async\" class=\"alignnone wp-image-20956\" src=\"https:\/\/hificlub.com.br\/loja\/wp-content\/uploads\/2023\/10\/what-hifi-awards-13.png\" alt=\"\" width=\"253\" height=\"128\" srcset=\"https:\/\/hificlub.com.br\/loja\/wp-content\/uploads\/2023\/10\/what-hifi-awards-13.png 316w, https:\/\/hificlub.com.br\/loja\/wp-content\/uploads\/2023\/10\/what-hifi-awards-13-300x152.png 300w\" sizes=\"auto, (max-width: 253px) 100vw, 253px\" \/><\/a><a href=\"https:\/\/bestofhighend.com\/q-acoustics-q-b12-subwoofer\/\" target=\"_blank\" rel=\"noopener\"><img loading=\"lazy\" decoding=\"async\" class=\"alignnone wp-image-20353 \" src=\"https:\/\/hificlub.com.br\/loja\/wp-content\/uploads\/2023\/10\/Awards-Best-of-HiEnd.png\" alt=\"\" width=\"305\" height=\"136\" srcset=\"https:\/\/hificlub.com.br\/loja\/wp-content\/uploads\/2023\/10\/Awards-Best-of-HiEnd.png 336w, https:\/\/hificlub.com.br\/loja\/wp-content\/uploads\/2023\/10\/Awards-Best-of-HiEnd-300x134.png 300w\" sizes=\"auto, (max-width: 305px) 100vw, 305px\" \/><\/a><\/p>\n","protected":false},"excerpt":{"rendered":"<p>O Q B12 \u00e9 o primeiro subwoofer da Q Acoustics a apresentar um driver de 12 polegadas O grande driver de longo alcance \u00e9 alimentado por um amplificador Classe D de 200 watts com distor\u00e7\u00e3o ultrabaixa para uma resposta de graves potente e precisa, e possui uma bobina de voz de 50 mm para compress\u00e3o [&hellip;]<\/p>\n","protected":false},"featured_media":24430,"template":"","meta":{"_acf_changed":false},"product_brand":[],"product_cat":[17,77,36],"product_tag":[],"class_list":{"0":"post-24429","1":"product","2":"type-product","3":"status-publish","4":"has-post-thumbnail","6":"product_cat-caixas","7":"product_cat-q-acoustic","8":"product_cat-subwoofer","10":"first","11":"instock","12":"sold-individually","13":"shipping-taxable","14":"purchasable","15":"product-type-simple"},"acf":[],"aioseo_notices":[],"_links":{"self":[{"href":"https:\/\/hificlub.com.br\/loja\/wp-json\/wp\/v2\/product\/24429","targetHints":{"allow":["GET"]}}],"collection":[{"href":"https:\/\/hificlub.com.br\/loja\/wp-json\/wp\/v2\/product"}],"about":[{"href":"https:\/\/hificlub.com.br\/loja\/wp-json\/wp\/v2\/types\/product"}],"wp:featuredmedia":[{"embeddable":true,"href":"https:\/\/hificlub.com.br\/loja\/wp-json\/wp\/v2\/media\/24430"}],"wp:attachment":[{"href":"https:\/\/hificlub.com.br\/loja\/wp-json\/wp\/v2\/media?parent=24429"}],"wp:term":[{"taxonomy":"product_brand","embeddable":true,"href":"https:\/\/hificlub.com.br\/loja\/wp-json\/wp\/v2\/product_brand?post=24429"},{"taxonomy":"product_cat","embeddable":true,"href":"https:\/\/hificlub.com.br\/loja\/wp-json\/wp\/v2\/product_cat?post=24429"},{"taxonomy":"product_tag","embeddable":true,"href":"https:\/\/hificlub.com.br\/loja\/wp-json\/wp\/v2\/product_tag?post=24429"}],"curies":[{"name":"wp","href":"https:\/\/api.w.org\/{rel}","templated":true}]}}