{"id":24412,"date":"2025-07-23T09:52:23","date_gmt":"2025-07-23T12:52:23","guid":{"rendered":"https:\/\/hificlub.com.br\/loja\/?post_type=product&#038;p=24412"},"modified":"2025-07-23T10:02:04","modified_gmt":"2025-07-23T13:02:04","slug":"bw-cm8-s2-caixa-torre-150w-rms","status":"publish","type":"product","link":"https:\/\/hificlub.com.br\/loja\/produto\/bw-cm8-s2-caixa-torre-150w-rms\/","title":{"rendered":"B&#038;W CM8 S2 &#8211; Caixa Torre (150w RMS)"},"content":{"rendered":"<div class=\"feature__titles\">\n<p><strong>Para Que Serve Sam B&amp;W Cm8 S2<\/strong><\/p>\n<\/div>\n<div class=\"d-flex\">\n<div class=\"col-12\">\n<p class=\"body\">O SAM\u00ae Speaker Active Matching reconhece as especifica\u00e7\u00f5es exatas dos seus alto-falantes. Assim, o Expert Pro pode adaptar o sinal sonoro \u00e0s suas necessidades espec\u00edficas. Em tempo real. Um grande avan\u00e7o em \u00e1udio, o SAM permite que seu sistema alcance o alinhamento temporal perfeito entre o sinal gravado e a press\u00e3o ac\u00fastica gerada pelos seus alto-falantes.<\/p>\n<p class=\"body\">Pela primeira vez. Pura emo\u00e7\u00e3o. Fidelidade extrema. Toda a sua m\u00fasica, exatamente como o artista pretendia.<\/p>\n<div class=\"col-12 col-md-6\">\n<p><strong>Press\u00e3o Som Do Alto-Falante<\/strong><\/p>\n<p>O som que voc\u00ea quer ouvir \u00e9 o som que foi gravado originalmente. Mas h\u00e1 apenas um problema: cada modelo de caixa de som tem suas pr\u00f3prias caracter\u00edsticas \u00fanicas. O SAM\u00ae adapta perfeitamente o sinal de \u00e1udio para se adequar ao perfil matem\u00e1tico exato das suas caixas de som. Sem alterar o que as tornou t\u00e3o \u00fanicas em primeiro lugar. Ao fazer isso, o SAM\u00ae garante que o som emitido pelas suas caixas de som seja o mais fiel poss\u00edvel ao original. Medi\u00e7\u00f5es tiradas do Angel, da Massive Attack.<\/p>\n<p><strong>Resposta De Graves<\/strong><\/p>\n<p>Certas faixas apresentam infra-graves extremos, dif\u00edceis de reproduzir. O SAM\u00ae garante que todo o espectro da sua m\u00fasica seja reproduzido. Perfeitamente.<\/p>\n<p><strong>Prote\u00e7\u00e3o De Alto-Falantes<\/strong><\/p>\n<p>O deslocamento do woofer permanece descontrolado e pode atingir amplitudes extremas quando a m\u00fasica est\u00e1 alta. Nesse caso, pode ocorrer distor\u00e7\u00e3o, deixando seus alto-falantes vulner\u00e1veis a danos. O SAM monitora o deslocamento do alto-falante. Em tempo real. Para garantir prote\u00e7\u00e3o absoluta contra superexcuss\u00e3o.<\/p>\n<\/div>\n<\/div>\n<\/div>\n<p>&nbsp;<\/p>\n<p><a href=\"https:\/\/www.whathifi.com\/bw\/cm8\/review\" target=\"_blank\" rel=\"noopener\"><img loading=\"lazy\" decoding=\"async\" class=\"alignnone wp-image-20966\" src=\"https:\/\/hificlub.com.br\/loja\/wp-content\/uploads\/2024\/01\/what-hifi-awards-9.png\" alt=\"\" width=\"267\" height=\"135\" srcset=\"https:\/\/hificlub.com.br\/loja\/wp-content\/uploads\/2024\/01\/what-hifi-awards-9.png 316w, https:\/\/hificlub.com.br\/loja\/wp-content\/uploads\/2024\/01\/what-hifi-awards-9-300x152.png 300w\" sizes=\"auto, (max-width: 267px) 100vw, 267px\" \/>\u00a0\u00a0\u00a0\u00a0 <\/a><a href=\"https:\/\/www.audioholics.com\/tower-speaker-reviews\/b-w-cm8-speaker\" target=\"_blank\" rel=\"noopener\"><img loading=\"lazy\" decoding=\"async\" class=\"alignnone wp-image-22732\" src=\"https:\/\/hificlub.com.br\/loja\/wp-content\/uploads\/2025\/06\/Audioholics.jpg\" alt=\"\" width=\"400\" height=\"152\" srcset=\"https:\/\/hificlub.com.br\/loja\/wp-content\/uploads\/2025\/06\/Audioholics.jpg 353w, https:\/\/hificlub.com.br\/loja\/wp-content\/uploads\/2025\/06\/Audioholics-300x114.jpg 300w\" sizes=\"auto, (max-width: 400px) 100vw, 400px\" \/><\/a><\/p>\n","protected":false},"excerpt":{"rendered":"<p>Para Que Serve Sam B&amp;W Cm8 S2 O SAM\u00ae Speaker Active Matching reconhece as especifica\u00e7\u00f5es exatas dos seus alto-falantes. Assim, o Expert Pro pode adaptar o sinal sonoro \u00e0s suas necessidades espec\u00edficas. Em tempo real. Um grande avan\u00e7o em \u00e1udio, o SAM permite que seu sistema alcance o alinhamento temporal perfeito entre o sinal gravado [&hellip;]<\/p>\n","protected":false},"featured_media":24413,"template":"","meta":{"_acf_changed":false},"product_brand":[],"product_cat":[19,17,18],"product_tag":[],"class_list":{"0":"post-24412","1":"product","2":"type-product","3":"status-publish","4":"has-post-thumbnail","6":"product_cat-bw","7":"product_cat-caixas","8":"product_cat-torres","10":"first","11":"instock","12":"sold-individually","13":"shipping-taxable","14":"purchasable","15":"product-type-simple"},"acf":[],"aioseo_notices":[],"_links":{"self":[{"href":"https:\/\/hificlub.com.br\/loja\/wp-json\/wp\/v2\/product\/24412","targetHints":{"allow":["GET"]}}],"collection":[{"href":"https:\/\/hificlub.com.br\/loja\/wp-json\/wp\/v2\/product"}],"about":[{"href":"https:\/\/hificlub.com.br\/loja\/wp-json\/wp\/v2\/types\/product"}],"wp:featuredmedia":[{"embeddable":true,"href":"https:\/\/hificlub.com.br\/loja\/wp-json\/wp\/v2\/media\/24413"}],"wp:attachment":[{"href":"https:\/\/hificlub.com.br\/loja\/wp-json\/wp\/v2\/media?parent=24412"}],"wp:term":[{"taxonomy":"product_brand","embeddable":true,"href":"https:\/\/hificlub.com.br\/loja\/wp-json\/wp\/v2\/product_brand?post=24412"},{"taxonomy":"product_cat","embeddable":true,"href":"https:\/\/hificlub.com.br\/loja\/wp-json\/wp\/v2\/product_cat?post=24412"},{"taxonomy":"product_tag","embeddable":true,"href":"https:\/\/hificlub.com.br\/loja\/wp-json\/wp\/v2\/product_tag?post=24412"}],"curies":[{"name":"wp","href":"https:\/\/api.w.org\/{rel}","templated":true}]}}