{"id":24384,"date":"2025-07-21T19:55:20","date_gmt":"2025-07-21T22:55:20","guid":{"rendered":"https:\/\/hificlub.com.br\/loja\/?post_type=product&#038;p=24384"},"modified":"2026-03-03T22:15:36","modified_gmt":"2026-03-04T01:15:36","slug":"hifiman-headphone-stand-suporte-para-fones-hifiman","status":"publish","type":"product","link":"https:\/\/hificlub.com.br\/loja\/produto\/hifiman-headphone-stand-suporte-para-fones-hifiman\/","title":{"rendered":"HIFIMAN Headphone Stand &#8211; Suporte para Fones Hifiman"},"content":{"rendered":"<p>Mantenha seus fones de ouvido HIFIMAN sempre \u00e0 mostra e prontos para usar. Feitos de acr\u00edlico brilhante com o logotipo HiFiMAN, nossos elegantes suportes exibem seus fones de ouvido com orgulho. Tamb\u00e9m podem ser usados com fones de ouvido que n\u00e3o sejam HIFIMAN&#8230; mas por que voc\u00ea iria querer isso?<\/p>\n<p class=\"a-color-secondary\"><strong>Sobre a HIFIMAN<\/strong><\/p>\n<p class=\"a-color-secondary\">Fundada pelo Dr. Fang Bian em 2007, HIFIMAN \u00e9 amplamente considerada como um dos principais fabricantes de fones de ouvido de alto desempenho e produtos de \u00e1udio port\u00e1teis. HIFIMAN \u00e9 especialmente conhecida por seus fones de ouvido planar-magn\u00e9ticos aclamados pela cr\u00edtica que possuem tecnologia de driver de \u00faltima gera\u00e7\u00e3o. A empresa tamb\u00e9m projeta e fabrica drivers intra-auriculares din\u00e2micos de classe mundial que tamb\u00e9m receberam pr\u00eamios e elogios.<\/p>\n<p>&nbsp;<\/p>\n","protected":false},"excerpt":{"rendered":"<p>Mantenha seus fones de ouvido HIFIMAN sempre \u00e0 mostra e prontos para usar. Feitos de acr\u00edlico brilhante com o logotipo HiFiMAN, nossos elegantes suportes exibem seus fones de ouvido com orgulho. Tamb\u00e9m podem ser usados com fones de ouvido que n\u00e3o sejam HIFIMAN&#8230; mas por que voc\u00ea iria querer isso? Sobre a HIFIMAN Fundada pelo [&hellip;]<\/p>\n","protected":false},"featured_media":24387,"template":"","meta":{"_acf_changed":false},"product_brand":[],"product_cat":[89,262,130],"product_tag":[],"class_list":{"0":"post-24384","1":"product","2":"type-product","3":"status-publish","4":"has-post-thumbnail","6":"product_cat-acessorios","7":"product_cat-hifiman","8":"product_cat-outros-acessorios","10":"first","11":"instock","12":"sold-individually","13":"shipping-taxable","14":"purchasable","15":"product-type-simple"},"acf":[],"aioseo_notices":[],"_links":{"self":[{"href":"https:\/\/hificlub.com.br\/loja\/wp-json\/wp\/v2\/product\/24384","targetHints":{"allow":["GET"]}}],"collection":[{"href":"https:\/\/hificlub.com.br\/loja\/wp-json\/wp\/v2\/product"}],"about":[{"href":"https:\/\/hificlub.com.br\/loja\/wp-json\/wp\/v2\/types\/product"}],"wp:featuredmedia":[{"embeddable":true,"href":"https:\/\/hificlub.com.br\/loja\/wp-json\/wp\/v2\/media\/24387"}],"wp:attachment":[{"href":"https:\/\/hificlub.com.br\/loja\/wp-json\/wp\/v2\/media?parent=24384"}],"wp:term":[{"taxonomy":"product_brand","embeddable":true,"href":"https:\/\/hificlub.com.br\/loja\/wp-json\/wp\/v2\/product_brand?post=24384"},{"taxonomy":"product_cat","embeddable":true,"href":"https:\/\/hificlub.com.br\/loja\/wp-json\/wp\/v2\/product_cat?post=24384"},{"taxonomy":"product_tag","embeddable":true,"href":"https:\/\/hificlub.com.br\/loja\/wp-json\/wp\/v2\/product_tag?post=24384"}],"curies":[{"name":"wp","href":"https:\/\/api.w.org\/{rel}","templated":true}]}}