{"id":24377,"date":"2025-07-21T19:44:15","date_gmt":"2025-07-21T22:44:15","guid":{"rendered":"https:\/\/hificlub.com.br\/loja\/?post_type=product&#038;p=24377"},"modified":"2026-03-03T22:15:36","modified_gmt":"2026-03-04T01:15:36","slug":"24377","status":"publish","type":"product","link":"https:\/\/hificlub.com.br\/loja\/produto\/24377\/","title":{"rendered":"HIFIMAN RE300A In-Ear Android &#8211; Fone de Ouvido"},"content":{"rendered":"<p>A marca HIFIMAN \u00e9 sin\u00f4nimo de alto desempenho. Seguindo essa tradi\u00e7\u00e3o, o novo fone de ouvido intra-auricular RE300a da empresa tem pre\u00e7o acess\u00edvel e qualidade de som excepcional.<\/p>\n<p>Projetado ergonomicamente\u00a0para maior conforto e leveza, para que voc\u00ea possa aproveitar nosso fone de ouvido por horas a fio.<\/p>\n<p>Alta resolu\u00e7\u00e3o, \u00f3tima imagem, tudo no seu smartphone ou tocador de m\u00fasica<\/p>\n<p>O RE300a transporta voc\u00ea para sua apresenta\u00e7\u00e3o favorita.<\/p>\n<p>Design elegante e tamanho compacto.<\/p>\n<p>Leve sua m\u00fasica com voc\u00ea para onde quer que v\u00e1.<\/p>\n<p>Projetado para Android<\/p>\n<p>Ergonomia avan\u00e7ada para conforto e audi\u00e7\u00e3o prolongada<\/p>\n<p>Design elegante e leve<\/p>\n<p><strong>Acess\u00f3rios<\/strong><\/p>\n<p>Pontas de silicone para fones de ouvido\u00d71<\/p>\n<p>Filtro\u00d710 &#8211; ajuda a proteger os componentes internos do fone de ouvido contra poeira<\/p>\n<p>Clipe \u00d71 &#8211; fixa o cabo a uma camisa ou jaqueta para minimizar o ru\u00eddo do cabo<\/p>\n","protected":false},"excerpt":{"rendered":"<p>A marca HIFIMAN \u00e9 sin\u00f4nimo de alto desempenho. Seguindo essa tradi\u00e7\u00e3o, o novo fone de ouvido intra-auricular RE300a da empresa tem pre\u00e7o acess\u00edvel e qualidade de som excepcional. Projetado ergonomicamente\u00a0para maior conforto e leveza, para que voc\u00ea possa aproveitar nosso fone de ouvido por horas a fio. Alta resolu\u00e7\u00e3o, \u00f3tima imagem, tudo no seu smartphone [&hellip;]<\/p>\n","protected":false},"featured_media":24378,"template":"","meta":{"_acf_changed":false},"product_brand":[],"product_cat":[89,107,262],"product_tag":[],"class_list":{"0":"post-24377","1":"product","2":"type-product","3":"status-publish","4":"has-post-thumbnail","6":"product_cat-acessorios","7":"product_cat-fones-de-ouvido","8":"product_cat-hifiman","10":"first","11":"instock","12":"sold-individually","13":"shipping-taxable","14":"purchasable","15":"product-type-simple"},"acf":[],"aioseo_notices":[],"_links":{"self":[{"href":"https:\/\/hificlub.com.br\/loja\/wp-json\/wp\/v2\/product\/24377","targetHints":{"allow":["GET"]}}],"collection":[{"href":"https:\/\/hificlub.com.br\/loja\/wp-json\/wp\/v2\/product"}],"about":[{"href":"https:\/\/hificlub.com.br\/loja\/wp-json\/wp\/v2\/types\/product"}],"wp:featuredmedia":[{"embeddable":true,"href":"https:\/\/hificlub.com.br\/loja\/wp-json\/wp\/v2\/media\/24378"}],"wp:attachment":[{"href":"https:\/\/hificlub.com.br\/loja\/wp-json\/wp\/v2\/media?parent=24377"}],"wp:term":[{"taxonomy":"product_brand","embeddable":true,"href":"https:\/\/hificlub.com.br\/loja\/wp-json\/wp\/v2\/product_brand?post=24377"},{"taxonomy":"product_cat","embeddable":true,"href":"https:\/\/hificlub.com.br\/loja\/wp-json\/wp\/v2\/product_cat?post=24377"},{"taxonomy":"product_tag","embeddable":true,"href":"https:\/\/hificlub.com.br\/loja\/wp-json\/wp\/v2\/product_tag?post=24377"}],"curies":[{"name":"wp","href":"https:\/\/api.w.org\/{rel}","templated":true}]}}